{"id":96803,"date":"2024-12-15T08:50:28","date_gmt":"2024-12-15T08:50:28","guid":{"rendered":"https:\/\/www.otiumhome.fi\/?p=96803"},"modified":"2025-06-06T15:38:06","modified_gmt":"2025-06-06T15:38:06","slug":"huoneenjakaja-artesaani-tammi-100x33x1555-cm-tekninen-puu","status":"publish","type":"product","link":"https:\/\/www.otiumhome.fi\/index.php\/tuote\/huoneenjakaja-artesaani-tammi-100x33x1555-cm-tekninen-puu\/","title":{"rendered":"Huoneenjakaja artesaani tammi 100x33x155,5 cm tekninen puu"},"content":{"rendered":"<p>T\u00e4m\u00e4 klassinen huoneenjakaja, jossa on tyylik\u00e4s muotoilu, on sek\u00e4 koristeellinen ett\u00e4 k\u00e4yt\u00e4nn\u00f6llinen lis\u00e4 nykyiseen sisustukseesi.<\/p>\n<ul>\n<li>Kest\u00e4v\u00e4 materiaali: Tekninen puu on poikkeuksellisen laadukasta ja sile\u00e4pintaista. Se on luja, vakaa ja kosteudelle vastustuskykyinen.<\/li>\n<li>Runsaasti s\u00e4ilytystilaa: Seitsem\u00e4ll\u00e4 tilavalla hyllyll\u00e4 varustettu huoneenjakaja tarjoaa runsaasti s\u00e4ilytystilaa lehdille, kirjoille, DVD-levyille, multimedialaitteille ja koriste-esineille niiden j\u00e4rjestyksess\u00e4 ja k\u00e4den ulottuvilla pit\u00e4miseen.<\/li>\n<li>Monipuolinen hylly: Toimistonjakaja voi toimia my\u00f6s kirjahyllyn\u00e4, joten se on t\u00e4ydellinen valinta asuintilaasi.<\/li>\n<li>Helppo huoltaa: Sile\u00e4n pinnan ansiosta kirjahylly\/huoneenjakaja on helppo puhdistaa kostealla liinalla ja se tarvitsee vain v\u00e4h\u00e4ist\u00e4 huoltoa.<\/li>\n<\/ul>\n<p>Varoitus:<\/p>\n<ul>\n<li>Kaatumisen est\u00e4miseksi t\u00e4t\u00e4 tuotetta on k\u00e4ytett\u00e4v\u00e4 sein\u00e4kiinnityslaitteen kanssa (ei sis\u00e4lly toimitukseen).<\/li>\n<\/ul>\n<ul>\n<li>V\u00e4ri: Artesaani tammi<\/li>\n<li>Materiaali: Tekninen puu<\/li>\n<li>7 hylly\u00e4<\/li>\n<li>Mitat: 100 x 33 x 155,5 cm (L x S x K)<\/li>\n<li>Asennus vaaditaan: Kyll\u00e4<\/li>\n<li>Legal Documents:\n<p><span>Lis\u00e4tietoja huonekalujesi kaatumisen est\u00e4misest\u00e4 voit l\u00f6yt\u00e4\u00e4 <span style=\"text-decoration: underline\"><strong><a title=\"https:\/\/bit.ly\/3bVwkQp\" href=\"https:\/\/bit.ly\/3bVwkQp\" target=\"_blank\">t\u00e4\u00e4lt\u00e4<\/a><\/strong><\/span><\/span><\/p>\n<\/li>\n<\/ul>\n","protected":false},"excerpt":{"rendered":"<ul>\n<li>V\u00e4ri: Artesaani tammi<\/li>\n<li>Materiaali: Tekninen puu<\/li>\n<li>7 hylly\u00e4<\/li>\n<li>Mitat: 100 x 33 x 155,5 cm (L x S x K)<\/li>\n<li>Asennus vaaditaan: Kyll\u00e4<\/li>\n<li>Legal Documents:\n<p><span>Lis\u00e4tietoja huonekalujesi kaatumisen est\u00e4misest\u00e4 voit l\u00f6yt\u00e4\u00e4 <span style=\"text-decoration: underline\"><strong><a title=\"https:\/\/bit.ly\/3bVwkQp\" href=\"https:\/\/bit.ly\/3bVwkQp\" target=\"_blank\">t\u00e4\u00e4lt\u00e4<\/a><\/strong><\/span><\/span><\/p>\n<\/li>\n<\/ul>\n","protected":false},"featured_media":10000096803,"comment_status":"closed","ping_status":"closed","template":"","meta":[],"product_brand":[],"product_cat":[84,8547],"product_tag":[],"class_list":{"0":"post-96803","1":"product","2":"type-product","3":"status-publish","4":"has-post-thumbnail","6":"product_cat-huonekalut","7":"product_cat-kirjahyllyt","9":"first","10":"instock","11":"taxable","12":"shipping-taxable","13":"purchasable","14":"product-type-simple"},"_links":{"self":[{"href":"https:\/\/www.otiumhome.fi\/index.php\/wp-json\/wp\/v2\/product\/96803","targetHints":{"allow":["GET"]}}],"collection":[{"href":"https:\/\/www.otiumhome.fi\/index.php\/wp-json\/wp\/v2\/product"}],"about":[{"href":"https:\/\/www.otiumhome.fi\/index.php\/wp-json\/wp\/v2\/types\/product"}],"replies":[{"embeddable":true,"href":"https:\/\/www.otiumhome.fi\/index.php\/wp-json\/wp\/v2\/comments?post=96803"}],"wp:featuredmedia":[{"embeddable":true,"href":"https:\/\/www.otiumhome.fi\/index.php\/wp-json\/"}],"wp:attachment":[{"href":"https:\/\/www.otiumhome.fi\/index.php\/wp-json\/wp\/v2\/media?parent=96803"}],"wp:term":[{"taxonomy":"product_brand","embeddable":true,"href":"https:\/\/www.otiumhome.fi\/index.php\/wp-json\/wp\/v2\/product_brand?post=96803"},{"taxonomy":"product_cat","embeddable":true,"href":"https:\/\/www.otiumhome.fi\/index.php\/wp-json\/wp\/v2\/product_cat?post=96803"},{"taxonomy":"product_tag","embeddable":true,"href":"https:\/\/www.otiumhome.fi\/index.php\/wp-json\/wp\/v2\/product_tag?post=96803"}],"curies":[{"name":"wp","href":"https:\/\/api.w.org\/{rel}","templated":true}]}}