{"id":96536,"date":"2024-12-15T08:50:05","date_gmt":"2024-12-15T08:50:05","guid":{"rendered":"https:\/\/www.otiumhome.fi\/?p=96536"},"modified":"2025-06-06T15:37:39","modified_gmt":"2025-06-06T15:37:39","slug":"3-in-1-tarjoiluvaunu-musta-polypropeeni","status":"publish","type":"product","link":"https:\/\/www.otiumhome.fi\/index.php\/tuote\/3-in-1-tarjoiluvaunu-musta-polypropeeni\/","title":{"rendered":"3-in-1 Tarjoiluvaunu musta polypropeeni"},"content":{"rendered":"<p>T\u00e4m\u00e4 py\u00f6r\u00e4llinen tarjoiluk\u00e4rry, jossa on 80 l j\u00e4\u00e4kauha, on ihanteellinen ulkona kokoontumisiin. Sit\u00e4 voidaan lis\u00e4ksi k\u00e4ytt\u00e4\u00e4 valmistelutilana tai s\u00e4ilytysp\u00f6yt\u00e4n\u00e4.<\/p>\n<\/p>\n<ul>\n<li>Kest\u00e4v\u00e4 materiaali: Polypropeeni (PP) on suosittu muovi, joka on my\u00f6s yksi ulkokalusteiden k\u00e4ytetyimmist\u00e4 materiaaleista. Se on kevyt, kest\u00e4v\u00e4 ja iskunkest\u00e4v\u00e4. Lis\u00e4ksi sen UV- ja s\u00e4\u00e4nkest\u00e4vyyden ansiosta se on helppo puhdistaa ja huoltaa.<\/li>\n<li>3-in-1-toiminto: Py\u00f6r\u00e4llinen tarjoiluvaunu yhdist\u00e4\u00e4 valmistelutilan, s\u00e4ilytyksen sek\u00e4 kylm\u00e4laukun. S\u00e4ili\u00f6n t\u00e4ytt\u00e4minen j\u00e4\u00e4ll\u00e4 voi pit\u00e4\u00e4 juomat viilein\u00e4 tuntien ajan. Kun kansi on suljettu, p\u00f6yt\u00e4levy\u00e4 voidaan k\u00e4ytt\u00e4\u00e4 k\u00e4tev\u00e4n\u00e4 valmistelutilana.<\/li>\n<li>Puuta muistuttava muotoilu: Siirrett\u00e4v\u00e4ss\u00e4 keitti\u00f6saarekkeessa on puuta j\u00e4ljittelev\u00e4 kuviointi, joka lis\u00e4\u00e4 ripauksen luonnollista vieh\u00e4tysvoimaa ulkotiloihisi.<\/li>\n<li>K\u00e4tev\u00e4 muotoilu: Tarjoiluvaunussa on helposti nostettavat yl\u00e4kannet ja sivumausteteline, joten p\u00e4\u00e4set helposti k\u00e4siksi juomiin ja mausteisiin. Kylm\u00e4laukun sivuun sis\u00e4\u00e4nrakennettu pullonavaaja tekee juomien avaamisesta helppoa. Alaosasto tarjoaa ylim\u00e4\u00e4r\u00e4ist\u00e4 s\u00e4ilytystilaa juomille, lautasille, aterimille, talouspaperille, jne.<\/li>\n<li>Helppo siirt\u00e4\u00e4: Valmistelup\u00f6yd\u00e4ss\u00e4 on nelj\u00e4 tukevaa py\u00f6r\u00e4\u00e4, joten siirt\u00e4minen ja j\u00e4\u00e4kylmien juomien jakaminen on vaivatonta. Lis\u00e4ksi kaksi niist\u00e4 on lukittavissa, joten se pysyy paikallaan tarpeen vaatiessa.<\/li>\n<li>Ulkoinen tyhjennysputki: Takana on ulkoinen tyhjennysputki, jonka avulla voit poistaa veden nopeasti ja puhdistaa tilan helposti.<\/li>\n<\/ul>\n<ul>\n<li>V\u00e4ri: Musta<\/li>\n<li>Materiaali: polypropeeni (PP)<\/li>\n<li>Mitat: 102 x 46 x 86,5 cm (P x L x K)<\/li>\n<li>J\u00e4\u00e4astian mitat: 67,5 x 36 x 32 cm (P x L x K)<\/li>\n<li>Alalokeron mitat: 64,5 x 39 x 29 cm (P x L x K)<\/li>\n<li>\u00c4mp\u00e4rin tilavuus: 80 l<\/li>\n<li>Asennus vaaditaan: kyll\u00e4<\/li>\n<\/ul>\n","protected":false},"excerpt":{"rendered":"<ul>\n<li>V\u00e4ri: Musta<\/li>\n<li>Materiaali: polypropeeni (PP)<\/li>\n<li>Mitat: 102 x 46 x 86,5 cm (P x L x K)<\/li>\n<li>J\u00e4\u00e4astian mitat: 67,5 x 36 x 32 cm (P x L x K)<\/li>\n<li>Alalokeron mitat: 64,5 x 39 x 29 cm (P x L x K)<\/li>\n<li>\u00c4mp\u00e4rin tilavuus: 80 l<\/li>\n<li>Asennus vaaditaan: kyll\u00e4<\/li>\n<\/ul>\n","protected":false},"featured_media":10000096536,"comment_status":"closed","ping_status":"closed","template":"","meta":[],"product_brand":[],"product_cat":[84,8546],"product_tag":[],"class_list":{"0":"post-96536","1":"product","2":"type-product","3":"status-publish","4":"has-post-thumbnail","6":"product_cat-huonekalut","7":"product_cat-keittion-ruokasalin-tarjoiluvaunut","9":"first","10":"instock","11":"taxable","12":"shipping-taxable","13":"purchasable","14":"product-type-simple"},"_links":{"self":[{"href":"https:\/\/www.otiumhome.fi\/index.php\/wp-json\/wp\/v2\/product\/96536","targetHints":{"allow":["GET"]}}],"collection":[{"href":"https:\/\/www.otiumhome.fi\/index.php\/wp-json\/wp\/v2\/product"}],"about":[{"href":"https:\/\/www.otiumhome.fi\/index.php\/wp-json\/wp\/v2\/types\/product"}],"replies":[{"embeddable":true,"href":"https:\/\/www.otiumhome.fi\/index.php\/wp-json\/wp\/v2\/comments?post=96536"}],"wp:featuredmedia":[{"embeddable":true,"href":"https:\/\/www.otiumhome.fi\/index.php\/wp-json\/"}],"wp:attachment":[{"href":"https:\/\/www.otiumhome.fi\/index.php\/wp-json\/wp\/v2\/media?parent=96536"}],"wp:term":[{"taxonomy":"product_brand","embeddable":true,"href":"https:\/\/www.otiumhome.fi\/index.php\/wp-json\/wp\/v2\/product_brand?post=96536"},{"taxonomy":"product_cat","embeddable":true,"href":"https:\/\/www.otiumhome.fi\/index.php\/wp-json\/wp\/v2\/product_cat?post=96536"},{"taxonomy":"product_tag","embeddable":true,"href":"https:\/\/www.otiumhome.fi\/index.php\/wp-json\/wp\/v2\/product_tag?post=96536"}],"curies":[{"name":"wp","href":"https:\/\/api.w.org\/{rel}","templated":true}]}}