{"id":96530,"date":"2024-12-15T08:47:50","date_gmt":"2024-12-15T08:47:50","guid":{"rendered":"https:\/\/www.otiumhome.fi\/?p=96530"},"modified":"2025-06-06T15:37:39","modified_gmt":"2025-06-06T15:37:39","slug":"3-kerroksinen-keittiovaunu-musta-42x35x85-cm-rauta-ja-abs","status":"publish","type":"product","link":"https:\/\/www.otiumhome.fi\/index.php\/tuote\/3-kerroksinen-keittiovaunu-musta-42x35x85-cm-rauta-ja-abs\/","title":{"rendered":"3-kerroksinen keitti\u00f6vaunu musta 42x35x85 cm rauta ja ABS"},"content":{"rendered":"<p>T\u00e4m\u00e4 tarjoiluvaunu on t\u00e4ydellinen tavaroiden j\u00e4rjest\u00e4miseen keitti\u00f6ss\u00e4, kylpyhuoneessa, toimistossa, jne.<\/p>\n<\/p>\n<p>T\u00e4m\u00e4 k\u00e4tev\u00e4kahvainen s\u00e4ilytysvaunu on valmistettu kest\u00e4v\u00e4st\u00e4 ABS-muovista rautaputkilla, joten se on tukeva ja vakaa. Tilaa s\u00e4\u00e4st\u00e4v\u00e4ss\u00e4 k\u00e4rryss\u00e4 on nelj\u00e4 rullapy\u00f6r\u00e4\u00e4, joista kahdessa on jarrut helpon liikkuvuuden ja pys\u00e4htymisen takaamiseksi. Irrotettavat verkkokorit ovat kest\u00e4vi\u00e4 ja ne tarjoavat lis\u00e4\u00e4 s\u00e4ilytystilaa ja tarjoavat lis\u00e4tilaa huoneeseen. Vaunu sopii t\u00e4ydellisesti s\u00e4ilytt\u00e4m\u00e4\u00e4n leluja, avaimia, ruokaa, jne.<\/p>\n<ul>\n<li>V\u00e4ri: musta<\/li>\n<li>Materiaali: rauta, ABS<\/li>\n<li>Mitat: 42 x 35 x 85 cm (P x L x K)<\/li>\n<li>Kahvalla<\/li>\n<li>Sis\u00e4lt\u00e4\u00e4 4 py\u00f6r\u00e4\u00e4 (joista 2 jarruilla)<\/li>\n<li>Asennus vaaditaan: kyll\u00e4<\/li>\n<\/ul>\n","protected":false},"excerpt":{"rendered":"<ul>\n<li>V\u00e4ri: musta<\/li>\n<li>Materiaali: rauta, ABS<\/li>\n<li>Mitat: 42 x 35 x 85 cm (P x L x K)<\/li>\n<li>Kahvalla<\/li>\n<li>Sis\u00e4lt\u00e4\u00e4 4 py\u00f6r\u00e4\u00e4 (joista 2 jarruilla)<\/li>\n<li>Asennus vaaditaan: kyll\u00e4<\/li>\n<\/ul>\n","protected":false},"featured_media":10000096530,"comment_status":"closed","ping_status":"closed","template":"","meta":[],"product_brand":[],"product_cat":[84,8546],"product_tag":[],"class_list":{"0":"post-96530","1":"product","2":"type-product","3":"status-publish","4":"has-post-thumbnail","6":"product_cat-huonekalut","7":"product_cat-keittion-ruokasalin-tarjoiluvaunut","9":"first","10":"instock","11":"taxable","12":"shipping-taxable","13":"purchasable","14":"product-type-simple"},"_links":{"self":[{"href":"https:\/\/www.otiumhome.fi\/index.php\/wp-json\/wp\/v2\/product\/96530","targetHints":{"allow":["GET"]}}],"collection":[{"href":"https:\/\/www.otiumhome.fi\/index.php\/wp-json\/wp\/v2\/product"}],"about":[{"href":"https:\/\/www.otiumhome.fi\/index.php\/wp-json\/wp\/v2\/types\/product"}],"replies":[{"embeddable":true,"href":"https:\/\/www.otiumhome.fi\/index.php\/wp-json\/wp\/v2\/comments?post=96530"}],"wp:featuredmedia":[{"embeddable":true,"href":"https:\/\/www.otiumhome.fi\/index.php\/wp-json\/"}],"wp:attachment":[{"href":"https:\/\/www.otiumhome.fi\/index.php\/wp-json\/wp\/v2\/media?parent=96530"}],"wp:term":[{"taxonomy":"product_brand","embeddable":true,"href":"https:\/\/www.otiumhome.fi\/index.php\/wp-json\/wp\/v2\/product_brand?post=96530"},{"taxonomy":"product_cat","embeddable":true,"href":"https:\/\/www.otiumhome.fi\/index.php\/wp-json\/wp\/v2\/product_cat?post=96530"},{"taxonomy":"product_tag","embeddable":true,"href":"https:\/\/www.otiumhome.fi\/index.php\/wp-json\/wp\/v2\/product_tag?post=96530"}],"curies":[{"name":"wp","href":"https:\/\/api.w.org\/{rel}","templated":true}]}}