{"id":96500,"date":"2024-12-15T08:47:47","date_gmt":"2024-12-15T08:47:47","guid":{"rendered":"https:\/\/www.otiumhome.fi\/?p=96500"},"modified":"2025-06-06T15:37:38","modified_gmt":"2025-06-06T15:37:38","slug":"3-tasoinen-vaunu-musta-77x34x72-cm-alumiini","status":"publish","type":"product","link":"https:\/\/www.otiumhome.fi\/index.php\/tuote\/3-tasoinen-vaunu-musta-77x34x72-cm-alumiini\/","title":{"rendered":"3-tasoinen Vaunu musta 77x34x72 cm alumiini"},"content":{"rendered":"<p>Luo erottuva ilme ja lis\u00e4\u00e4 s\u00e4ilytystilaa t\u00e4ll\u00e4 3-tasoisella vaunulla.<\/p>\n<\/p>\n<ul>\n<li>Kest\u00e4v\u00e4 materiaali: Polypropeeni (PP) on suosittu muovi, joka on my\u00f6s yksi ulkokalusteiden k\u00e4ytetyimmist\u00e4 materiaaleista. Se on kevyt, kest\u00e4v\u00e4 ja iskunkest\u00e4v\u00e4. Alumiiniputket takaavat vaunun vakauden ja tukevuuden.<\/li>\n<li>Runsaasti s\u00e4ilytystilaa: Tarjoiluvaunu, jossa on kolme hylly\u00e4, tarjoaa riitt\u00e4v\u00e4sti tilaa v\u00e4lipalojen, juomien, maljakoiden, hedelm\u00e4kulhojen tai muiden koriste-esineiden sijoittamiseen.<\/li>\n<li>Joustava liikkuvuus: Juomavaunussa on nelj\u00e4 kumipy\u00f6r\u00e4\u00e4 ja kaksi kahvaa, mik\u00e4 tekee siit\u00e4 helpon ja k\u00e4tev\u00e4n rullata sen tarvitsemaasi paikkaan. Lis\u00e4ksi kaksi py\u00f6r\u00e4\u00e4 voidaan lukita lis\u00e4hallittavuuden ja turvallisuuden vuoksi.<\/li>\n<li>Laaja k\u00e4ytt\u00f6: T\u00e4t\u00e4 baarivaunua voidaan k\u00e4ytt\u00e4\u00e4 erilaisissa ymp\u00e4rist\u00f6iss\u00e4, kuten keitti\u00f6ss\u00e4, ruokasalissa, olohuoneessa tai autotallissa. Sit\u00e4 voidaan k\u00e4ytt\u00e4\u00e4 my\u00f6s juoma-, keitti\u00f6-, tarjoilu-, tai ty\u00f6kaluk\u00e4rryn\u00e4.<\/li>\n<\/ul>\n<p>Hyv\u00e4 tiet\u00e4\u00e4:<\/p>\n<ul>\n<li>Asennukseen tarvitaan kumivasaraa (ei sis\u00e4lly toimitukseen).<\/li>\n<\/ul>\n<ul>\n<li>V\u00e4ri: Musta<\/li>\n<li>Materiaali: PP (polypropeeni), alumiini, TPR (termoplastinen kumi)<\/li>\n<li>Mitat: 77 x 34 x 72 cm (P x L x K)<\/li>\n<li>Hyllyn koko: 59 x 31 cm (P x L)<\/li>\n<li>Py\u00f6r\u00e4n halkaisija: 5 cm<\/li>\n<li>Maksimikantavuus: 80 kg<\/li>\n<li>Sis\u00e4lt\u00e4\u00e4 4 py\u00f6r\u00e4\u00e4 (joista 2 jarruilla)<\/li>\n<li>Asennus vaaditaan: Kyll\u00e4<\/li>\n<\/ul>\n","protected":false},"excerpt":{"rendered":"<ul>\n<li>V\u00e4ri: Musta<\/li>\n<li>Materiaali: PP (polypropeeni), alumiini, TPR (termoplastinen kumi)<\/li>\n<li>Mitat: 77 x 34 x 72 cm (P x L x K)<\/li>\n<li>Hyllyn koko: 59 x 31 cm (P x L)<\/li>\n<li>Py\u00f6r\u00e4n halkaisija: 5 cm<\/li>\n<li>Maksimikantavuus: 80 kg<\/li>\n<li>Sis\u00e4lt\u00e4\u00e4 4 py\u00f6r\u00e4\u00e4 (joista 2 jarruilla)<\/li>\n<li>Asennus vaaditaan: Kyll\u00e4<\/li>\n<\/ul>\n","protected":false},"featured_media":10000096500,"comment_status":"closed","ping_status":"closed","template":"","meta":[],"product_brand":[],"product_cat":[84,8546],"product_tag":[],"class_list":{"0":"post-96500","1":"product","2":"type-product","3":"status-publish","4":"has-post-thumbnail","6":"product_cat-huonekalut","7":"product_cat-keittion-ruokasalin-tarjoiluvaunut","9":"first","10":"outofstock","11":"taxable","12":"shipping-taxable","13":"purchasable","14":"product-type-simple"},"_links":{"self":[{"href":"https:\/\/www.otiumhome.fi\/index.php\/wp-json\/wp\/v2\/product\/96500","targetHints":{"allow":["GET"]}}],"collection":[{"href":"https:\/\/www.otiumhome.fi\/index.php\/wp-json\/wp\/v2\/product"}],"about":[{"href":"https:\/\/www.otiumhome.fi\/index.php\/wp-json\/wp\/v2\/types\/product"}],"replies":[{"embeddable":true,"href":"https:\/\/www.otiumhome.fi\/index.php\/wp-json\/wp\/v2\/comments?post=96500"}],"wp:featuredmedia":[{"embeddable":true,"href":"https:\/\/www.otiumhome.fi\/index.php\/wp-json\/"}],"wp:attachment":[{"href":"https:\/\/www.otiumhome.fi\/index.php\/wp-json\/wp\/v2\/media?parent=96500"}],"wp:term":[{"taxonomy":"product_brand","embeddable":true,"href":"https:\/\/www.otiumhome.fi\/index.php\/wp-json\/wp\/v2\/product_brand?post=96500"},{"taxonomy":"product_cat","embeddable":true,"href":"https:\/\/www.otiumhome.fi\/index.php\/wp-json\/wp\/v2\/product_cat?post=96500"},{"taxonomy":"product_tag","embeddable":true,"href":"https:\/\/www.otiumhome.fi\/index.php\/wp-json\/wp\/v2\/product_tag?post=96500"}],"curies":[{"name":"wp","href":"https:\/\/api.w.org\/{rel}","templated":true}]}}