{"id":96447,"date":"2024-12-15T08:47:43","date_gmt":"2024-12-15T08:47:43","guid":{"rendered":"https:\/\/www.otiumhome.fi\/?p=96447"},"modified":"2025-06-06T15:37:43","modified_gmt":"2025-06-06T15:37:43","slug":"keittiovaunu-ruskea-tammi-105x42x95-cm-tekninen-puu","status":"publish","type":"product","link":"https:\/\/www.otiumhome.fi\/index.php\/tuote\/keittiovaunu-ruskea-tammi-105x42x95-cm-tekninen-puu\/","title":{"rendered":"Keitti\u00f6vaunu ruskea tammi 105x42x95 cm tekninen puu"},"content":{"rendered":"<p>Luo erottuvaa vintage tunnelmaa ja lis\u00e4\u00e4 s\u00e4ilytystilaa keitti\u00f6\u00f6si t\u00e4m\u00e4n keitti\u00f6vaunun avulla!<\/p>\n<\/p>\n<ul>\n<li> Kest\u00e4v\u00e4 materiaali: Tekninen puu on poikkeuksellisen laadukasta ja sile\u00e4pintaista. Se on luja, vakaa ja kosteudelle vastustuskykyinen. Ter\u00e4srunko takaa tukevuuden ja vakauden. <\/li>\n<li>Lis\u00e4\u00e4 s\u00e4ilytystilaa: T\u00e4m\u00e4 tarjoiluvaunu tarjoaa runsaasti s\u00e4ilytystilaa elintarvikkeiden, kulhojen, lautasten, reseptien ja muiden keitti\u00f6tarvikkeiden ulottuvilla s\u00e4ilytt\u00e4miseen. Sivussa oleva pyyheteline pit\u00e4\u00e4 pyyhkeet k\u00e4den ulottuvilla. <\/li>\n<li>Helppo siirt\u00e4\u00e4: T\u00e4ss\u00e4 ruokak\u00e4rryss\u00e4 on nelj\u00e4 py\u00f6r\u00e4\u00e4, joista kaksi on lukittavissa, joten se on joustavasti siirrett\u00e4viss\u00e4 ja lukittavissa aina tarvittaessa. <\/li>\n<li>Useat k\u00e4ytt\u00f6tarkoitukset: T\u00e4m\u00e4 s\u00e4ilytysvaunu voidaan sijoittaa keitti\u00f6\u00f6n, olo-, kylpy- ja ty\u00f6huoneeseen, sek\u00e4 moneen muuhun paikkaan. Voit k\u00e4ytt\u00e4\u00e4 sit\u00e4 p\u00e4ivitt\u00e4istavaroiden, kuten mausteiden, hygieniatuotteiden, kirjojen ja muiden tavaroiden s\u00e4ilytt\u00e4miseen, jonka ansiosta kotisi pysyy siistimp\u00e4n\u00e4. <\/li>\n<li>Joustava asennus: T\u00e4t\u00e4 keitti\u00f6n s\u00e4ilytysvaunua voidaan k\u00e4ytt\u00e4\u00e4 kahdella tavalla. Voit asettaa sen lattialle s\u00e4\u00e4dett\u00e4vien jalkojen avulla vakauden takaamiseksi ep\u00e4tasaisilla lattioilla, tai kiinnitt\u00e4\u00e4 py\u00f6r\u00e4t liikuteltavuuden helpottamiseksi. <\/li>\n<\/ul>\n<p>Varoitus:<\/p>\n<ul>\n<li>Kaatumisen est\u00e4miseksi t\u00e4t\u00e4 tuotetta on k\u00e4ytett\u00e4v\u00e4 mukana toimitetun sein\u00e4kiinnityslaitteen kanssa.<\/li>\n<\/ul>\n<ul>\n<li>V\u00e4ri: Ruskea tammi<\/li>\n<li>Materiaali: tekninen puu, ter\u00e4s<\/li>\n<li>Mitat py\u00f6rien kanssa: 105 x 42 x 95 cm (P x L x K)<\/li>\n<li>Nelj\u00e4 py\u00f6r\u00e4\u00e4, joista kahdessa on jarrut<\/li>\n<li>Asennus vaaditaan: Kyll\u00e4<\/li>\n<li>Legal Documents:\n<p><span>Lis\u00e4tietoja huonekalujesi kaatumisen est\u00e4misest\u00e4 voit l\u00f6yt\u00e4\u00e4 <span style=\"text-decoration: underline\"><strong><a title=\"https:\/\/bit.ly\/3bVwkQp\" href=\"https:\/\/bit.ly\/3bVwkQp\" target=\"_blank\">t\u00e4\u00e4lt\u00e4<\/a><\/strong><\/span><\/span><\/p>\n<\/li>\n<\/ul>\n","protected":false},"excerpt":{"rendered":"<ul>\n<li>V\u00e4ri: Ruskea tammi<\/li>\n<li>Materiaali: tekninen puu, ter\u00e4s<\/li>\n<li>Mitat py\u00f6rien kanssa: 105 x 42 x 95 cm (P x L x K)<\/li>\n<li>Nelj\u00e4 py\u00f6r\u00e4\u00e4, joista kahdessa on jarrut<\/li>\n<li>Asennus vaaditaan: Kyll\u00e4<\/li>\n<li>Legal Documents:\n<p><span>Lis\u00e4tietoja huonekalujesi kaatumisen est\u00e4misest\u00e4 voit l\u00f6yt\u00e4\u00e4 <span style=\"text-decoration: underline\"><strong><a title=\"https:\/\/bit.ly\/3bVwkQp\" href=\"https:\/\/bit.ly\/3bVwkQp\" target=\"_blank\">t\u00e4\u00e4lt\u00e4<\/a><\/strong><\/span><\/span><\/p>\n<\/li>\n<\/ul>\n","protected":false},"featured_media":10000096447,"comment_status":"closed","ping_status":"closed","template":"","meta":[],"product_brand":[],"product_cat":[84,8546],"product_tag":[],"class_list":{"0":"post-96447","1":"product","2":"type-product","3":"status-publish","4":"has-post-thumbnail","6":"product_cat-huonekalut","7":"product_cat-keittion-ruokasalin-tarjoiluvaunut","9":"first","10":"instock","11":"taxable","12":"shipping-taxable","13":"purchasable","14":"product-type-simple"},"_links":{"self":[{"href":"https:\/\/www.otiumhome.fi\/index.php\/wp-json\/wp\/v2\/product\/96447","targetHints":{"allow":["GET"]}}],"collection":[{"href":"https:\/\/www.otiumhome.fi\/index.php\/wp-json\/wp\/v2\/product"}],"about":[{"href":"https:\/\/www.otiumhome.fi\/index.php\/wp-json\/wp\/v2\/types\/product"}],"replies":[{"embeddable":true,"href":"https:\/\/www.otiumhome.fi\/index.php\/wp-json\/wp\/v2\/comments?post=96447"}],"wp:featuredmedia":[{"embeddable":true,"href":"https:\/\/www.otiumhome.fi\/index.php\/wp-json\/"}],"wp:attachment":[{"href":"https:\/\/www.otiumhome.fi\/index.php\/wp-json\/wp\/v2\/media?parent=96447"}],"wp:term":[{"taxonomy":"product_brand","embeddable":true,"href":"https:\/\/www.otiumhome.fi\/index.php\/wp-json\/wp\/v2\/product_brand?post=96447"},{"taxonomy":"product_cat","embeddable":true,"href":"https:\/\/www.otiumhome.fi\/index.php\/wp-json\/wp\/v2\/product_cat?post=96447"},{"taxonomy":"product_tag","embeddable":true,"href":"https:\/\/www.otiumhome.fi\/index.php\/wp-json\/wp\/v2\/product_tag?post=96447"}],"curies":[{"name":"wp","href":"https:\/\/api.w.org\/{rel}","templated":true}]}}