{"id":96373,"date":"2024-12-15T08:47:37","date_gmt":"2024-12-15T08:47:37","guid":{"rendered":"https:\/\/www.otiumhome.fi\/?p=96373"},"modified":"2025-06-06T15:37:41","modified_gmt":"2025-06-06T15:37:41","slug":"keittiovaunu-ruskea-tammi-60x45x80-cm-tekninen-puu","status":"publish","type":"product","link":"https:\/\/www.otiumhome.fi\/index.php\/tuote\/keittiovaunu-ruskea-tammi-60x45x80-cm-tekninen-puu\/","title":{"rendered":"Keitti\u00f6vaunu ruskea tammi 60x45x80 cm tekninen puu"},"content":{"rendered":"<p>T\u00e4m\u00e4n tilavan keitti\u00f6vaunun avulla voit helposti lajitella roskat niin, ett\u00e4 keitti\u00f6si on hetkess\u00e4 siisti.<\/p>\n<\/p>\n<ul>\n<li>Kest\u00e4v\u00e4 materiaali: Tekninen puu on poikkeuksellisen laadukasta ja sile\u00e4pintaista. Se on luja, vakaa ja kosteudelle vastustuskykyinen. Teknisest\u00e4 puusta valmistettu keitti\u00f6n s\u00e4ilytysvaunu on helppo puhdistaa.<\/li>\n<li>Runsaasti s\u00e4ilytystilaa: T\u00e4ss\u00e4 vihannesvaunussa on kolme hylly\u00e4, joihin mahtuu kulhoja ja astioita, mahdollistaen niiden helpon saatavuuden.<\/li>\n<li>K\u00e4yt\u00e4nn\u00f6lliset py\u00f6r\u00e4t: Vaunussa on nelj\u00e4 rullapy\u00f6r\u00e4\u00e4, joten sinun on helppo siirt\u00e4\u00e4 ja k\u00e4ytt\u00e4\u00e4 t\u00e4t\u00e4 s\u00e4ilytysvaunua miss\u00e4 vain haluatkin.<\/li>\n<\/ul>\n<p>Huomioi:<\/p>\n<ul>\n<li>Jokaisen tuotteen mukana on laatikossa kokoonpano-ohje helppoa asennusta varten.<\/li>\n<\/ul>\n<ul>\n<li>V\u00e4ri: ruskea tammi<\/li>\n<li>Materiaali: tekninen puu<\/li>\n<li>Mitat: 60 x 45 x 80 cm (L x S x K)<\/li>\n<\/ul>\n","protected":false},"excerpt":{"rendered":"<ul>\n<li>V\u00e4ri: ruskea tammi<\/li>\n<li>Materiaali: tekninen puu<\/li>\n<li>Mitat: 60 x 45 x 80 cm (L x S x K)<\/li>\n<\/ul>\n","protected":false},"featured_media":10000096373,"comment_status":"closed","ping_status":"closed","template":"","meta":[],"product_brand":[],"product_cat":[84,8546],"product_tag":[],"class_list":{"0":"post-96373","1":"product","2":"type-product","3":"status-publish","4":"has-post-thumbnail","6":"product_cat-huonekalut","7":"product_cat-keittion-ruokasalin-tarjoiluvaunut","9":"first","10":"outofstock","11":"taxable","12":"shipping-taxable","13":"purchasable","14":"product-type-simple"},"_links":{"self":[{"href":"https:\/\/www.otiumhome.fi\/index.php\/wp-json\/wp\/v2\/product\/96373","targetHints":{"allow":["GET"]}}],"collection":[{"href":"https:\/\/www.otiumhome.fi\/index.php\/wp-json\/wp\/v2\/product"}],"about":[{"href":"https:\/\/www.otiumhome.fi\/index.php\/wp-json\/wp\/v2\/types\/product"}],"replies":[{"embeddable":true,"href":"https:\/\/www.otiumhome.fi\/index.php\/wp-json\/wp\/v2\/comments?post=96373"}],"wp:featuredmedia":[{"embeddable":true,"href":"https:\/\/www.otiumhome.fi\/index.php\/wp-json\/"}],"wp:attachment":[{"href":"https:\/\/www.otiumhome.fi\/index.php\/wp-json\/wp\/v2\/media?parent=96373"}],"wp:term":[{"taxonomy":"product_brand","embeddable":true,"href":"https:\/\/www.otiumhome.fi\/index.php\/wp-json\/wp\/v2\/product_brand?post=96373"},{"taxonomy":"product_cat","embeddable":true,"href":"https:\/\/www.otiumhome.fi\/index.php\/wp-json\/wp\/v2\/product_cat?post=96373"},{"taxonomy":"product_tag","embeddable":true,"href":"https:\/\/www.otiumhome.fi\/index.php\/wp-json\/wp\/v2\/product_tag?post=96373"}],"curies":[{"name":"wp","href":"https:\/\/api.w.org\/{rel}","templated":true}]}}