{"id":96362,"date":"2024-12-15T08:47:36","date_gmt":"2024-12-15T08:47:36","guid":{"rendered":"https:\/\/www.otiumhome.fi\/?p=96362"},"modified":"2025-06-06T15:37:40","modified_gmt":"2025-06-06T15:37:40","slug":"2-tasoinen-tarjoiluvaunu-965x55x90-cm-ruostumaton-teras","status":"publish","type":"product","link":"https:\/\/www.otiumhome.fi\/index.php\/tuote\/2-tasoinen-tarjoiluvaunu-965x55x90-cm-ruostumaton-teras\/","title":{"rendered":"2-tasoinen tarjoiluvaunu 96,5x55x90 cm ruostumaton ter\u00e4s"},"content":{"rendered":"<p>2-tasoinen tarjoiluvaunu on k\u00e4tev\u00e4 keitti\u00f6ss\u00e4 ja juhlissa sen tukevan rakenteensa ansiosta. Sill\u00e4 ruoka- ja juomatarjoilu sek\u00e4 ruokien siirto keitti\u00f6st\u00e4 onnistuu helposti.<\/p>\n<\/p>\n<p>Suurilla tasoilla on runsaasti tilaa ruokien ja juomien kauniiseen esillepanoon. Ruostumattomasta ter\u00e4ksest\u00e4 valmistettu runko pit\u00e4\u00e4 tarjoiluvaunun vakaana ja tukevana my\u00f6s t\u00e4ydess\u00e4 kuormituksessa. Vaivatta liukuvien py\u00f6riens\u00e4 ansiosta vaunua voidaan siirt\u00e4\u00e4 helposti ja hiljaisesti. Lis\u00e4ksi kahdessa py\u00f6rist\u00e4 on jarrut, jotka est\u00e4v\u00e4t vaunuja liukumasta, joten voit k\u00e4ytt\u00e4\u00e4 sit\u00e4 tavaroiden ja muiden p\u00e4ivitt\u00e4isesineiden s\u00e4ilytt\u00e4mist\u00e4 varten.<\/p>\n<\/p>\n<p>Tarjoiluvaunu on helppo koota.<\/p>\n<ul>\n<li>V\u00e4ri: hopea<\/li>\n<li>Materiaali: ruostumaton ter\u00e4s<\/li>\n<li>Py\u00f6rien materiaali: TPR (termoplastinen kumi)<\/li>\n<li>Kokonaismitat: 96,5 x 55 x 90 cm (P x L x K)<\/li>\n<li>Tason koko: 79,5 x 45 cm (P x L)<\/li>\n<li>Py\u00f6r\u00e4n halkaisija: 100 mm<\/li>\n<li>Kantavuus (per hylly): 20 &#8211; 25 kg<\/li>\n<li>4 rullapy\u00f6r\u00e4\u00e4 (kahdessa jarrut)<\/li>\n<\/ul>\n","protected":false},"excerpt":{"rendered":"<ul>\n<li>V\u00e4ri: hopea<\/li>\n<li>Materiaali: ruostumaton ter\u00e4s<\/li>\n<li>Py\u00f6rien materiaali: TPR (termoplastinen kumi)<\/li>\n<li>Kokonaismitat: 96,5 x 55 x 90 cm (P x L x K)<\/li>\n<li>Tason koko: 79,5 x 45 cm (P x L)<\/li>\n<li>Py\u00f6r\u00e4n halkaisija: 100 mm<\/li>\n<li>Kantavuus (per hylly): 20 &#8211; 25 kg<\/li>\n<li>4 rullapy\u00f6r\u00e4\u00e4 (kahdessa jarrut)<\/li>\n<\/ul>\n","protected":false},"featured_media":10000096362,"comment_status":"closed","ping_status":"closed","template":"","meta":[],"product_brand":[],"product_cat":[84,8546],"product_tag":[],"class_list":{"0":"post-96362","1":"product","2":"type-product","3":"status-publish","4":"has-post-thumbnail","6":"product_cat-huonekalut","7":"product_cat-keittion-ruokasalin-tarjoiluvaunut","9":"first","10":"instock","11":"taxable","12":"shipping-taxable","13":"purchasable","14":"product-type-simple"},"_links":{"self":[{"href":"https:\/\/www.otiumhome.fi\/index.php\/wp-json\/wp\/v2\/product\/96362","targetHints":{"allow":["GET"]}}],"collection":[{"href":"https:\/\/www.otiumhome.fi\/index.php\/wp-json\/wp\/v2\/product"}],"about":[{"href":"https:\/\/www.otiumhome.fi\/index.php\/wp-json\/wp\/v2\/types\/product"}],"replies":[{"embeddable":true,"href":"https:\/\/www.otiumhome.fi\/index.php\/wp-json\/wp\/v2\/comments?post=96362"}],"wp:featuredmedia":[{"embeddable":true,"href":"https:\/\/www.otiumhome.fi\/index.php\/wp-json\/"}],"wp:attachment":[{"href":"https:\/\/www.otiumhome.fi\/index.php\/wp-json\/wp\/v2\/media?parent=96362"}],"wp:term":[{"taxonomy":"product_brand","embeddable":true,"href":"https:\/\/www.otiumhome.fi\/index.php\/wp-json\/wp\/v2\/product_brand?post=96362"},{"taxonomy":"product_cat","embeddable":true,"href":"https:\/\/www.otiumhome.fi\/index.php\/wp-json\/wp\/v2\/product_cat?post=96362"},{"taxonomy":"product_tag","embeddable":true,"href":"https:\/\/www.otiumhome.fi\/index.php\/wp-json\/wp\/v2\/product_tag?post=96362"}],"curies":[{"name":"wp","href":"https:\/\/api.w.org\/{rel}","templated":true}]}}