{"id":96354,"date":"2024-12-15T08:47:36","date_gmt":"2024-12-15T08:47:36","guid":{"rendered":"https:\/\/www.otiumhome.fi\/?p=96354"},"modified":"2025-06-06T15:37:40","modified_gmt":"2025-06-06T15:37:40","slug":"keittiovaunu-bodo-valkoinen-ja-ruskea-72x45x80-cm","status":"publish","type":"product","link":"https:\/\/www.otiumhome.fi\/index.php\/tuote\/keittiovaunu-bodo-valkoinen-ja-ruskea-72x45x80-cm\/","title":{"rendered":"Keitti\u00f6vaunu BODO Valkoinen ja ruskea 72x45x80 cm"},"content":{"rendered":"<p>T\u00e4m\u00e4 keitti\u00f6vaunu on koristeellinen ja k\u00e4yt\u00e4nn\u00f6llinen lis\u00e4 kotiisi.<\/p>\n<\/p>\n<ul>\n<li>Kest\u00e4v\u00e4 materiaali: Massiivim\u00e4ntypuu tunnetaan lujuudestaan ja kest\u00e4vyydest\u00e4\u00e4n. Sen suorat rakeet ja erottuva oksat lis\u00e4\u00e4v\u00e4t sen maalaismaista vieh\u00e4tyst\u00e4. Suunniteltu puu on kest\u00e4v\u00e4 ja vakaa materiaali, jonka sile\u00e4 pinta kest\u00e4\u00e4 kosteutta, v\u00e4\u00e4ntymist\u00e4 ja halkeilua, joten se on luotettava valinta erilaisiin projekteihin.<\/li>\n<li>Runsaasti s\u00e4ilytystilaa: Keitti\u00f6n s\u00e4ilytysvaunussa on runsaasti s\u00e4ilytystilaa p\u00e4ivitt\u00e4isten tavaroiden pit\u00e4miseen hyvin j\u00e4rjestyksess\u00e4 ja helposti ulottuvillasi.<\/li>\n<li>Helppo siirt\u00e4\u00e4: T\u00e4m\u00e4 vaunu, jossa on nelj\u00e4 k\u00e4\u00e4ntyv\u00e4\u00e4 py\u00f6r\u00e4\u00e4, voidaan siirt\u00e4\u00e4 helposti haluttuun paikkaan.<\/li>\n<li>Helppok\u00e4ytt\u00f6inen: Ovien ja laatikon metallikahvat helpottavat avaamista ja sulkemista ja tekev\u00e4t tarjoiluvaunusta houkuttelevamman.<\/li>\n<li>Helppo huoltaa: Sile\u00e4n pinnan ansiosta j\u00e4rjest\u00e4j\u00e4vaunu on helppo puhdistaa ja tarvitsee vain pyyhki\u00e4 kuivalla liinalla.<\/li>\n<\/ul>\n<p>Hyv\u00e4 tiet\u00e4\u00e4:<\/p>\n<ul>\n<li>Sein\u00e4\u00e4n kiinnitett\u00e4v\u00e4t ruuvit ja tulpat eiv\u00e4t sis\u00e4lly toimitukseen. Suosittelemme etsim\u00e4\u00e4n ja k\u00e4ytt\u00e4m\u00e4\u00e4n sein\u00e4\u00e4si sopivia ruuveja ja tulppia. Jos olet ep\u00e4varma, kysy ammattilaisen neuvoa. Lue ja noudata ohjeiden jokaista vaihetta.<\/li>\n<\/ul>\n<ul>\n<li>V\u00e4ri: Valkoinen ja ruskea<\/li>\n<li>Materiaali: T\u00e4ysi m\u00e4nty, tekninen puu, metalli<\/li>\n<li>Mitat: 72 x 45 x 80 cm (L x S x K)<\/li>\n<li>Sis\u00e4lt\u00e4\u00e4 2 ovea ja 1 laatikon metallikahvoilla<\/li>\n<li>Nelj\u00e4 py\u00f6r\u00e4\u00e4<\/li>\n<li>Malliston nimi: BODO<\/li>\n<li>Asennus vaaditaan: Kyll\u00e4<\/li>\n<\/ul>\n","protected":false},"excerpt":{"rendered":"<ul>\n<li>V\u00e4ri: Valkoinen ja ruskea<\/li>\n<li>Materiaali: T\u00e4ysi m\u00e4nty, tekninen puu, metalli<\/li>\n<li>Mitat: 72 x 45 x 80 cm (L x S x K)<\/li>\n<li>Sis\u00e4lt\u00e4\u00e4 2 ovea ja 1 laatikon metallikahvoilla<\/li>\n<li>Nelj\u00e4 py\u00f6r\u00e4\u00e4<\/li>\n<li>Malliston nimi: BODO<\/li>\n<li>Asennus vaaditaan: Kyll\u00e4<\/li>\n<\/ul>\n","protected":false},"featured_media":10000096354,"comment_status":"closed","ping_status":"closed","template":"","meta":[],"product_brand":[],"product_cat":[84,8546],"product_tag":[],"class_list":{"0":"post-96354","1":"product","2":"type-product","3":"status-publish","4":"has-post-thumbnail","6":"product_cat-huonekalut","7":"product_cat-keittion-ruokasalin-tarjoiluvaunut","9":"first","10":"instock","11":"taxable","12":"shipping-taxable","13":"purchasable","14":"product-type-simple"},"_links":{"self":[{"href":"https:\/\/www.otiumhome.fi\/index.php\/wp-json\/wp\/v2\/product\/96354","targetHints":{"allow":["GET"]}}],"collection":[{"href":"https:\/\/www.otiumhome.fi\/index.php\/wp-json\/wp\/v2\/product"}],"about":[{"href":"https:\/\/www.otiumhome.fi\/index.php\/wp-json\/wp\/v2\/types\/product"}],"replies":[{"embeddable":true,"href":"https:\/\/www.otiumhome.fi\/index.php\/wp-json\/wp\/v2\/comments?post=96354"}],"wp:featuredmedia":[{"embeddable":true,"href":"https:\/\/www.otiumhome.fi\/index.php\/wp-json\/"}],"wp:attachment":[{"href":"https:\/\/www.otiumhome.fi\/index.php\/wp-json\/wp\/v2\/media?parent=96354"}],"wp:term":[{"taxonomy":"product_brand","embeddable":true,"href":"https:\/\/www.otiumhome.fi\/index.php\/wp-json\/wp\/v2\/product_brand?post=96354"},{"taxonomy":"product_cat","embeddable":true,"href":"https:\/\/www.otiumhome.fi\/index.php\/wp-json\/wp\/v2\/product_cat?post=96354"},{"taxonomy":"product_tag","embeddable":true,"href":"https:\/\/www.otiumhome.fi\/index.php\/wp-json\/wp\/v2\/product_tag?post=96354"}],"curies":[{"name":"wp","href":"https:\/\/api.w.org\/{rel}","templated":true}]}}