{"id":96325,"date":"2024-12-15T08:47:33","date_gmt":"2024-12-15T08:47:33","guid":{"rendered":"https:\/\/www.otiumhome.fi\/?p=96325"},"modified":"2025-12-14T05:47:39","modified_gmt":"2025-12-14T05:47:39","slug":"baarisarja-3-osaa-kiintea-kierratyspuu","status":"publish","type":"product","link":"https:\/\/www.otiumhome.fi\/index.php\/tuote\/baarisarja-3-osaa-kiintea-kierratyspuu\/","title":{"rendered":"Baarisarja 3 osaa kiinte\u00e4 kierr\u00e4tyspuu"},"content":{"rendered":"<p>Baariryhm\u00e4n tyyli on teollinen ja se on ainutlaatuinen lis\u00e4 mihin tahansa kotiin, baariin tai ravintolaan.<\/p>\n<\/p>\n<p>Baarip\u00f6yt\u00e4 ja -jakkarat on valmistettu t\u00e4ydest\u00e4 kierr\u00e4tetyst\u00e4 puusta, mik\u00e4 tarkoittaa, ett\u00e4 niiss\u00e4 on yhdistetty eri puiden, kuten tiikin, mangopuun, akaasian jne. ominaisuuksia. Kierr\u00e4tetty puu on tukeva, vakaa, kest\u00e4v\u00e4 ja kaunis materiaali. Kulumisen j\u00e4ljet antavat jokaiselle kappaleelle ainutlaatuisen ulkon\u00e4\u00f6n ja ter\u00e4sjalat korostavat niiden upeaa teollista tyyli\u00e4. Jokainen ty\u00f6vaihe on toteutettu erityisen huolellisesti, oli se sitten uudelleen kasaus, kiillotus, maalaus tai lakkaus.<\/p>\n<\/p>\n<p>Toimitus sis\u00e4lt\u00e4\u00e4 1 baarip\u00f6yd\u00e4n ja 2 baarijakkaraa. Kokoaminen on helppoa. T\u00e4rke\u00e4 huomio: puun v\u00e4rit ja pintakuviot saattavat vaihdella kappaleesta toiseen, mik\u00e4 tekee jokaisesta kappaleesta ainutlaatuisen ja hieman erilaisen muista; toimitus on satunnainen.<\/p>\n<ul>\n<li>Materiaali: kierr\u00e4tetty puu ja ter\u00e4s<\/li>\n<li>Hiottu, maalattu ja lakattu<\/li>\n<li>Baarip\u00f6yd\u00e4n mitat: 60 x 60 x 107 cm (P x L x K)<\/li>\n<li>Baarijakkaran mitat: 30 x 75 cm (halkaisija x K)<\/li>\n<li>Toimitus sis\u00e4lt\u00e4\u00e4 1 baarip\u00f6yd\u00e4n ja 2 baarijakkaraa.<\/li>\n<li>Helppo koota<\/li>\n<\/ul>\n","protected":false},"excerpt":{"rendered":"<ul>\n<li>Materiaali: kierr\u00e4tetty puu ja ter\u00e4s<\/li>\n<li>Hiottu, maalattu ja lakattu<\/li>\n<li>Baarip\u00f6yd\u00e4n mitat: 60 x 60 x 107 cm (P x L x K)<\/li>\n<li>Baarijakkaran mitat: 30 x 75 cm (halkaisija x K)<\/li>\n<li>Toimitus sis\u00e4lt\u00e4\u00e4 1 baarip\u00f6yd\u00e4n ja 2 baarijakkaraa.<\/li>\n<li>Helppo koota<\/li>\n<\/ul>\n","protected":false},"featured_media":10000096325,"comment_status":"closed","ping_status":"closed","template":"","meta":[],"product_brand":[],"product_cat":[84,8545],"product_tag":[],"class_list":{"0":"post-96325","1":"product","2":"type-product","3":"status-publish","4":"has-post-thumbnail","6":"product_cat-huonekalut","7":"product_cat-keittion-ruokasalin-kalusteet","9":"first","10":"instock","11":"taxable","12":"shipping-taxable","13":"purchasable","14":"product-type-simple"},"_links":{"self":[{"href":"https:\/\/www.otiumhome.fi\/index.php\/wp-json\/wp\/v2\/product\/96325","targetHints":{"allow":["GET"]}}],"collection":[{"href":"https:\/\/www.otiumhome.fi\/index.php\/wp-json\/wp\/v2\/product"}],"about":[{"href":"https:\/\/www.otiumhome.fi\/index.php\/wp-json\/wp\/v2\/types\/product"}],"replies":[{"embeddable":true,"href":"https:\/\/www.otiumhome.fi\/index.php\/wp-json\/wp\/v2\/comments?post=96325"}],"wp:featuredmedia":[{"embeddable":true,"href":"https:\/\/www.otiumhome.fi\/index.php\/wp-json\/"}],"wp:attachment":[{"href":"https:\/\/www.otiumhome.fi\/index.php\/wp-json\/wp\/v2\/media?parent=96325"}],"wp:term":[{"taxonomy":"product_brand","embeddable":true,"href":"https:\/\/www.otiumhome.fi\/index.php\/wp-json\/wp\/v2\/product_brand?post=96325"},{"taxonomy":"product_cat","embeddable":true,"href":"https:\/\/www.otiumhome.fi\/index.php\/wp-json\/wp\/v2\/product_cat?post=96325"},{"taxonomy":"product_tag","embeddable":true,"href":"https:\/\/www.otiumhome.fi\/index.php\/wp-json\/wp\/v2\/product_tag?post=96325"}],"curies":[{"name":"wp","href":"https:\/\/api.w.org\/{rel}","templated":true}]}}