{"id":96314,"date":"2024-12-15T08:47:32","date_gmt":"2024-12-15T08:47:32","guid":{"rendered":"https:\/\/www.otiumhome.fi\/?p=96314"},"modified":"2025-06-06T15:37:30","modified_gmt":"2025-06-06T15:37:30","slug":"baarisarja-3-osaa-mdf-musta","status":"publish","type":"product","link":"https:\/\/www.otiumhome.fi\/index.php\/tuote\/baarisarja-3-osaa-mdf-musta\/","title":{"rendered":"Baarisarja 3-osaa MDF Musta"},"content":{"rendered":"<p>T\u00e4m\u00e4 baarisarja koostuu yhdest\u00e4 p\u00f6yd\u00e4st\u00e4 ja kahdesta jakkarasta, siin\u00e4 on perinteinen suunnittelu, joten se on upea lis\u00e4 ruokasaliin tai olohuoneeseen.<\/p>\n<\/p>\n<p>Sarja on valmistettu MDF materiaalista sek\u00e4 tukevasta kumipuusta, sivistyneess\u00e4 mustassa v\u00e4riss\u00e4, joka lis\u00e4\u00e4 sen siirtomaatyyli\u00e4. Suuressa baarip\u00f6yd\u00e4ss\u00e4 on kolme hylly\u00e4 kummallakin puolella, joissa voit s\u00e4ilytt\u00e4\u00e4 keitti\u00f6tarvikkeet tai muut arkiesineet k\u00e4den ulottuvilla, baarijakkaroissa on suuret, ergonomisesti suunnitellut istuimet.<\/p>\n<ul>\n<li>V\u00e4ri: musta ja ruskea<\/li>\n<li>Materiaali: \u00d6ljytty ja hiottu MDF p\u00f6yt\u00e4levy ja istuin, sek\u00e4 kumipuu rungot<\/li>\n<li>P\u00f6yd\u00e4n mitat: 108 x 48 x 90,8 cm (P x L x K)<\/li>\n<li>Jakkaran mitat: 44,5 x 23 x 60 cm (L x S x K)<\/li>\n<li>Toimitus sis\u00e4lt\u00e4\u00e4 1 x p\u00f6yt\u00e4 ja 2 x jakkara<\/li>\n<li>Helppo koota<\/li>\n<\/ul>\n","protected":false},"excerpt":{"rendered":"<ul>\n<li>V\u00e4ri: musta ja ruskea<\/li>\n<li>Materiaali: \u00d6ljytty ja hiottu MDF p\u00f6yt\u00e4levy ja istuin, sek\u00e4 kumipuu rungot<\/li>\n<li>P\u00f6yd\u00e4n mitat: 108 x 48 x 90,8 cm (P x L x K)<\/li>\n<li>Jakkaran mitat: 44,5 x 23 x 60 cm (L x S x K)<\/li>\n<li>Toimitus sis\u00e4lt\u00e4\u00e4 1 x p\u00f6yt\u00e4 ja 2 x jakkara<\/li>\n<li>Helppo koota<\/li>\n<\/ul>\n","protected":false},"featured_media":10000096314,"comment_status":"closed","ping_status":"closed","template":"","meta":[],"product_brand":[],"product_cat":[84,8545],"product_tag":[],"class_list":{"0":"post-96314","1":"product","2":"type-product","3":"status-publish","4":"has-post-thumbnail","6":"product_cat-huonekalut","7":"product_cat-keittion-ruokasalin-kalusteet","9":"first","10":"instock","11":"taxable","12":"shipping-taxable","13":"purchasable","14":"product-type-simple"},"_links":{"self":[{"href":"https:\/\/www.otiumhome.fi\/index.php\/wp-json\/wp\/v2\/product\/96314","targetHints":{"allow":["GET"]}}],"collection":[{"href":"https:\/\/www.otiumhome.fi\/index.php\/wp-json\/wp\/v2\/product"}],"about":[{"href":"https:\/\/www.otiumhome.fi\/index.php\/wp-json\/wp\/v2\/types\/product"}],"replies":[{"embeddable":true,"href":"https:\/\/www.otiumhome.fi\/index.php\/wp-json\/wp\/v2\/comments?post=96314"}],"wp:featuredmedia":[{"embeddable":true,"href":"https:\/\/www.otiumhome.fi\/index.php\/wp-json\/"}],"wp:attachment":[{"href":"https:\/\/www.otiumhome.fi\/index.php\/wp-json\/wp\/v2\/media?parent=96314"}],"wp:term":[{"taxonomy":"product_brand","embeddable":true,"href":"https:\/\/www.otiumhome.fi\/index.php\/wp-json\/wp\/v2\/product_brand?post=96314"},{"taxonomy":"product_cat","embeddable":true,"href":"https:\/\/www.otiumhome.fi\/index.php\/wp-json\/wp\/v2\/product_cat?post=96314"},{"taxonomy":"product_tag","embeddable":true,"href":"https:\/\/www.otiumhome.fi\/index.php\/wp-json\/wp\/v2\/product_tag?post=96314"}],"curies":[{"name":"wp","href":"https:\/\/api.w.org\/{rel}","templated":true}]}}