{"id":96305,"date":"2024-12-15T08:47:32","date_gmt":"2024-12-15T08:47:32","guid":{"rendered":"https:\/\/www.otiumhome.fi\/?p=96305"},"modified":"2025-06-06T15:37:30","modified_gmt":"2025-06-06T15:37:30","slug":"3-osainen-ruokailuryhma-manty-valkoinen","status":"publish","type":"product","link":"https:\/\/www.otiumhome.fi\/index.php\/tuote\/3-osainen-ruokailuryhma-manty-valkoinen\/","title":{"rendered":"3-osainen Ruokailuryhm\u00e4 M\u00e4nty Valkoinen"},"content":{"rendered":"<p>T\u00e4ss\u00e4 puisessa ruokailuryhm\u00e4ss\u00e4, koostuen p\u00f6yd\u00e4st\u00e4 ja kahdesta tuolista, on hillitty, ajaton suunnittelu ja se lis\u00e4\u00e4 ripauksen tyyli\u00e4 sisustukseesi.<\/p>\n<\/p>\n<p>Valmistettu laadukkaasta m\u00e4nnyst\u00e4, ruokap\u00f6yt\u00e4 ja tuolit ovat todella vakaita ja kest\u00e4vi\u00e4. T\u00e4m\u00e4 ruokailusarja on helppo puhdistaa kostealla r\u00e4till\u00e4.<\/p>\n<\/p>\n<p>Todella helppo koota. Toimitukseen sis\u00e4ltyy 1 p\u00f6yt\u00e4 ja 2 tuolia.<\/p>\n<ul>\n<li>V\u00e4ri: valkoinen<\/li>\n<li>Materiaali: m\u00e4nty<\/li>\n<li>P\u00f6yd\u00e4n mitat: 70 x 70 x 73,8 cm (P x L x K)<\/li>\n<li>Tuolin mitat: 41 x 47 x 86,5 cm (P x S x K)<\/li>\n<li>Istuimen syvyys: 41,5 cm<\/li>\n<li>Istuimen korkeus maasta: 44,8 cm<\/li>\n<li>Helppo koota<\/li>\n<li>Toimitus sis\u00e4lt\u00e4\u00e4 1 x p\u00f6yt\u00e4 ja 2 x tuoli<\/li>\n<li>Maksimikantavuus: 110 kg<\/li>\n<\/ul>\n","protected":false},"excerpt":{"rendered":"<ul>\n<li>V\u00e4ri: valkoinen<\/li>\n<li>Materiaali: m\u00e4nty<\/li>\n<li>P\u00f6yd\u00e4n mitat: 70 x 70 x 73,8 cm (P x L x K)<\/li>\n<li>Tuolin mitat: 41 x 47 x 86,5 cm (P x S x K)<\/li>\n<li>Istuimen syvyys: 41,5 cm<\/li>\n<li>Istuimen korkeus maasta: 44,8 cm<\/li>\n<li>Helppo koota<\/li>\n<li>Toimitus sis\u00e4lt\u00e4\u00e4 1 x p\u00f6yt\u00e4 ja 2 x tuoli<\/li>\n<li>Maksimikantavuus: 110 kg<\/li>\n<\/ul>\n","protected":false},"featured_media":10000096305,"comment_status":"closed","ping_status":"closed","template":"","meta":[],"product_brand":[],"product_cat":[84,8545],"product_tag":[],"class_list":{"0":"post-96305","1":"product","2":"type-product","3":"status-publish","4":"has-post-thumbnail","6":"product_cat-huonekalut","7":"product_cat-keittion-ruokasalin-kalusteet","9":"first","10":"instock","11":"taxable","12":"shipping-taxable","13":"purchasable","14":"product-type-simple"},"_links":{"self":[{"href":"https:\/\/www.otiumhome.fi\/index.php\/wp-json\/wp\/v2\/product\/96305","targetHints":{"allow":["GET"]}}],"collection":[{"href":"https:\/\/www.otiumhome.fi\/index.php\/wp-json\/wp\/v2\/product"}],"about":[{"href":"https:\/\/www.otiumhome.fi\/index.php\/wp-json\/wp\/v2\/types\/product"}],"replies":[{"embeddable":true,"href":"https:\/\/www.otiumhome.fi\/index.php\/wp-json\/wp\/v2\/comments?post=96305"}],"wp:featuredmedia":[{"embeddable":true,"href":"https:\/\/www.otiumhome.fi\/index.php\/wp-json\/"}],"wp:attachment":[{"href":"https:\/\/www.otiumhome.fi\/index.php\/wp-json\/wp\/v2\/media?parent=96305"}],"wp:term":[{"taxonomy":"product_brand","embeddable":true,"href":"https:\/\/www.otiumhome.fi\/index.php\/wp-json\/wp\/v2\/product_brand?post=96305"},{"taxonomy":"product_cat","embeddable":true,"href":"https:\/\/www.otiumhome.fi\/index.php\/wp-json\/wp\/v2\/product_cat?post=96305"},{"taxonomy":"product_tag","embeddable":true,"href":"https:\/\/www.otiumhome.fi\/index.php\/wp-json\/wp\/v2\/product_tag?post=96305"}],"curies":[{"name":"wp","href":"https:\/\/api.w.org\/{rel}","templated":true}]}}