{"id":96298,"date":"2024-12-15T08:47:31","date_gmt":"2024-12-15T08:47:31","guid":{"rendered":"https:\/\/www.otiumhome.fi\/?p=96298"},"modified":"2025-06-06T15:37:30","modified_gmt":"2025-06-06T15:37:30","slug":"3-osainen-ruoka-ja-penkkisarja-vanha-puu-tekninen-puu","status":"publish","type":"product","link":"https:\/\/www.otiumhome.fi\/index.php\/tuote\/3-osainen-ruoka-ja-penkkisarja-vanha-puu-tekninen-puu\/","title":{"rendered":"3-osainen Ruoka ja penkkisarja vanha puu tekninen puu"},"content":{"rendered":"<p>Luo l\u00e4mmin ja houkutteleva paikka p\u00e4iv\u00e4si aloittamiseen tai hyv\u00e4st\u00e4 ateriasta nauttimiseen t\u00e4ll\u00e4 ruokap\u00f6yt\u00e4- ja penkkisarjalla!<\/p>\n<\/p>\n<ul>\n<li>Vakaa ja kest\u00e4v\u00e4 materiaali: Tekninen puu on kest\u00e4v\u00e4 ja vakaa materiaali, jonka sile\u00e4 pinta kest\u00e4\u00e4 kosteutta, v\u00e4\u00e4ntymist\u00e4 ja halkeilua, joten se on luotettava valinta erilaisiin projekteihin.<\/li>\n<li>Tukeva p\u00f6yt\u00e4levy: T\u00e4ss\u00e4 ruokap\u00f6yd\u00e4ss\u00e4 on vankka p\u00f6yt\u00e4levy, joten se sopii ihanteellisesti aterioiden, v\u00e4lipalojen, juomien tarjoiluun ja suosikkikoristeiden esittelyyn.<\/li>\n<li>Runsaasti istumatilaa: Tilavan penkin ansiosta t\u00e4m\u00e4 ruokailuryhm\u00e4 sopii t\u00e4ydellisesti perheen ja yst\u00e4vien kokoontumiseen ihastuttavalle aterialle.<\/li>\n<li>Helppo hoitaa: Sile\u00e4n pinnan ansiosta ruokailuryhm\u00e4 on helppo puhdistaa kostealla liinalla ja se tarvitsee vain hieman hoitoa.<\/li>\n<\/ul>\n<p>Varoitus:<\/p>\n<ul>\n<li>Kaatumisen est\u00e4miseksi t\u00e4t\u00e4 tuotetta on k\u00e4ytett\u00e4v\u00e4 mukana toimitetun sein\u00e4kiinnityslaitteen kanssa.<\/li>\n<\/ul>\n<ul>\n<li>V\u00e4ri: Vanha puu<\/li>\n<li>Materiaali: Tekninen puu<\/li>\n<li>P\u00f6yd\u00e4n mitat: 97 x 47 x 75 cm (P x L x K)<\/li>\n<li>Penkin mitat: 92 x 23,5 x 40 cm (P x L x K)<\/li>\n<li>Maksimikantavuus (kukin penkki): 110 kg<\/li>\n<li>Asennus vaaditaan: Kyll\u00e4<\/li>\n<li><strong>Toimitus sis\u00e4lt\u00e4\u00e4:<\/strong><\/li>\n<li>1 x ruokap\u00f6yt\u00e4<\/li>\n<li>2 x penkki<\/li>\n<\/ul>\n","protected":false},"excerpt":{"rendered":"<ul>\n<li>V\u00e4ri: Vanha puu<\/li>\n<li>Materiaali: Tekninen puu<\/li>\n<li>P\u00f6yd\u00e4n mitat: 97 x 47 x 75 cm (P x L x K)<\/li>\n<li>Penkin mitat: 92 x 23,5 x 40 cm (P x L x K)<\/li>\n<li>Maksimikantavuus (kukin penkki): 110 kg<\/li>\n<li>Asennus vaaditaan: Kyll\u00e4<\/li>\n<li><strong>Toimitus sis\u00e4lt\u00e4\u00e4:<\/strong><\/li>\n<li>1 x ruokap\u00f6yt\u00e4<\/li>\n<li>2 x penkki<\/li>\n<\/ul>\n","protected":false},"featured_media":10000096298,"comment_status":"closed","ping_status":"closed","template":"","meta":[],"product_brand":[],"product_cat":[84,8545],"product_tag":[],"class_list":{"0":"post-96298","1":"product","2":"type-product","3":"status-publish","4":"has-post-thumbnail","6":"product_cat-huonekalut","7":"product_cat-keittion-ruokasalin-kalusteet","9":"first","10":"instock","11":"taxable","12":"shipping-taxable","13":"purchasable","14":"product-type-simple"},"_links":{"self":[{"href":"https:\/\/www.otiumhome.fi\/index.php\/wp-json\/wp\/v2\/product\/96298","targetHints":{"allow":["GET"]}}],"collection":[{"href":"https:\/\/www.otiumhome.fi\/index.php\/wp-json\/wp\/v2\/product"}],"about":[{"href":"https:\/\/www.otiumhome.fi\/index.php\/wp-json\/wp\/v2\/types\/product"}],"replies":[{"embeddable":true,"href":"https:\/\/www.otiumhome.fi\/index.php\/wp-json\/wp\/v2\/comments?post=96298"}],"wp:featuredmedia":[{"embeddable":true,"href":"https:\/\/www.otiumhome.fi\/index.php\/wp-json\/"}],"wp:attachment":[{"href":"https:\/\/www.otiumhome.fi\/index.php\/wp-json\/wp\/v2\/media?parent=96298"}],"wp:term":[{"taxonomy":"product_brand","embeddable":true,"href":"https:\/\/www.otiumhome.fi\/index.php\/wp-json\/wp\/v2\/product_brand?post=96298"},{"taxonomy":"product_cat","embeddable":true,"href":"https:\/\/www.otiumhome.fi\/index.php\/wp-json\/wp\/v2\/product_cat?post=96298"},{"taxonomy":"product_tag","embeddable":true,"href":"https:\/\/www.otiumhome.fi\/index.php\/wp-json\/wp\/v2\/product_tag?post=96298"}],"curies":[{"name":"wp","href":"https:\/\/api.w.org\/{rel}","templated":true}]}}