{"id":96288,"date":"2024-12-15T08:47:30","date_gmt":"2024-12-15T08:47:30","guid":{"rendered":"https:\/\/www.otiumhome.fi\/?p=96288"},"modified":"2025-06-06T15:37:29","modified_gmt":"2025-06-06T15:37:29","slug":"3-osainen-ruokailuryhma-harmaa-sonoma-tekninen-puu","status":"publish","type":"product","link":"https:\/\/www.otiumhome.fi\/index.php\/tuote\/3-osainen-ruokailuryhma-harmaa-sonoma-tekninen-puu\/","title":{"rendered":"3-osainen Ruokailuryhm\u00e4 harmaa Sonoma tekninen puu"},"content":{"rendered":"<p>T\u00e4m\u00e4 tyylik\u00e4s ja moderni ruokailusarja sopii t\u00e4ydellisesti kaikkiin moderneihin koteihin, ruokailutiloihin tai ravintoloihin.<\/p>\n<\/p>\n<p>T\u00e4m\u00e4n ruokailuryhm\u00e4n rakenne takaa sen tukevuuden, kest\u00e4vyyden ja pitk\u00e4ik\u00e4isyyden. P\u00f6yt\u00e4levy tarjoaa turvallisen paikan naposteltaville, juomille, maljakoille, hedelm\u00e4koreille ja koriste-esineille. Penkkien tarjoaman runsaan istumatilan ansiosta, t\u00e4m\u00e4 sarja on ihanteellinen my\u00f6s perheen ja yst\u00e4vien kesken vietettyj\u00e4 juhlia varten. Se on lis\u00e4ksi helppo puhdistaa kostealla liinalla.<\/p>\n<ul>\n<li>V\u00e4ri: harmaa Sonoma-tammi<\/li>\n<li>Materiaali: tekninen puu<\/li>\n<li>P\u00f6yd\u00e4n mitat: 102 x 50 x 75 cm (L x S x K)<\/li>\n<li>Penkin mitat: 97 x 25 x 40 cm (L x S x K)<\/li>\n<li>Maksimikantavuus (kukin penkki): 110 kg<\/li>\n<li>Maksimikantavuus (per istuin): 110 kg<\/li>\n<li>Asennus vaaditaan: kyll\u00e4<\/li>\n<li><strong>Toimitus sis\u00e4lt\u00e4\u00e4:<\/strong><\/li>\n<li>1 x p\u00f6yt\u00e4<\/li>\n<li>2 x penkki<\/li>\n<\/ul>\n<p> Enint\u00e4\u00e4n 110 kg per istuin.<\/p>\n","protected":false},"excerpt":{"rendered":"<ul>\n<li>V\u00e4ri: harmaa Sonoma-tammi<\/li>\n<li>Materiaali: tekninen puu<\/li>\n<li>P\u00f6yd\u00e4n mitat: 102 x 50 x 75 cm (L x S x K)<\/li>\n<li>Penkin mitat: 97 x 25 x 40 cm (L x S x K)<\/li>\n<li>Maksimikantavuus (kukin penkki): 110 kg<\/li>\n<li>Maksimikantavuus (per istuin): 110 kg<\/li>\n<li>Asennus vaaditaan: kyll\u00e4<\/li>\n<li><strong>Toimitus sis\u00e4lt\u00e4\u00e4:<\/strong><\/li>\n<li>1 x p\u00f6yt\u00e4<\/li>\n<li>2 x penkki<\/li>\n<\/ul>\n","protected":false},"featured_media":10000096288,"comment_status":"closed","ping_status":"closed","template":"","meta":[],"product_brand":[],"product_cat":[84,8545],"product_tag":[],"class_list":{"0":"post-96288","1":"product","2":"type-product","3":"status-publish","4":"has-post-thumbnail","6":"product_cat-huonekalut","7":"product_cat-keittion-ruokasalin-kalusteet","9":"first","10":"outofstock","11":"taxable","12":"shipping-taxable","13":"purchasable","14":"product-type-simple"},"_links":{"self":[{"href":"https:\/\/www.otiumhome.fi\/index.php\/wp-json\/wp\/v2\/product\/96288","targetHints":{"allow":["GET"]}}],"collection":[{"href":"https:\/\/www.otiumhome.fi\/index.php\/wp-json\/wp\/v2\/product"}],"about":[{"href":"https:\/\/www.otiumhome.fi\/index.php\/wp-json\/wp\/v2\/types\/product"}],"replies":[{"embeddable":true,"href":"https:\/\/www.otiumhome.fi\/index.php\/wp-json\/wp\/v2\/comments?post=96288"}],"wp:featuredmedia":[{"embeddable":true,"href":"https:\/\/www.otiumhome.fi\/index.php\/wp-json\/"}],"wp:attachment":[{"href":"https:\/\/www.otiumhome.fi\/index.php\/wp-json\/wp\/v2\/media?parent=96288"}],"wp:term":[{"taxonomy":"product_brand","embeddable":true,"href":"https:\/\/www.otiumhome.fi\/index.php\/wp-json\/wp\/v2\/product_brand?post=96288"},{"taxonomy":"product_cat","embeddable":true,"href":"https:\/\/www.otiumhome.fi\/index.php\/wp-json\/wp\/v2\/product_cat?post=96288"},{"taxonomy":"product_tag","embeddable":true,"href":"https:\/\/www.otiumhome.fi\/index.php\/wp-json\/wp\/v2\/product_tag?post=96288"}],"curies":[{"name":"wp","href":"https:\/\/api.w.org\/{rel}","templated":true}]}}