{"id":96280,"date":"2024-12-15T08:47:30","date_gmt":"2024-12-15T08:47:30","guid":{"rendered":"https:\/\/www.otiumhome.fi\/?p=96280"},"modified":"2025-12-14T05:47:37","modified_gmt":"2025-12-14T05:47:37","slug":"5-osainen-baarisarja-taysi-mangopuu","status":"publish","type":"product","link":"https:\/\/www.otiumhome.fi\/index.php\/tuote\/5-osainen-baarisarja-taysi-mangopuu\/","title":{"rendered":"5-osainen Baarisarja t\u00e4ysi mangopuu"},"content":{"rendered":"<p>T\u00e4m\u00e4 puinen baarisarja on todellinen katseenvangitsija keitti\u00f6ss\u00e4 tai ruokasalissa.<\/p>\n<\/p>\n<ul>\n<li>Tukeva ja vakaa runko: Jauhemaalattu ter\u00e4srunko takaa, ett\u00e4 baarip\u00f6yd\u00e4n p\u00f6yt\u00e4levy on vahva ja vakaa p\u00e4ivitt\u00e4iseen k\u00e4ytt\u00f6\u00f6n. <\/li>\n<li>Vieh\u00e4tt\u00e4v\u00e4 muotoilu: Aidon n\u00e4k\u00f6inen traktorin konepelti lis\u00e4\u00e4 p\u00f6yd\u00e4n teollista tyyli\u00e4. Kulumisen merkit traktorissa, sek\u00e4 puun syyt antavat p\u00f6yd\u00e4lle oman historiansa lis\u00e4ksi ainutlaatuisen ilmeen. <\/li>\n<li>Miellytt\u00e4v\u00e4 istumakokemus: Sis\u00e4\u00e4nrakennetut jalkatuet lis\u00e4\u00e4v\u00e4t jakkaran istumamukavuutta. <\/li>\n<li>Tukeva p\u00f6yt\u00e4levy: Baarip\u00f6yd\u00e4n tukeva puinen p\u00f6yt\u00e4levy on t\u00e4ydellinen juomien, ruoan ja koriste-esineiden sijoittamiseen.<\/li>\n<\/ul>\n<p>Hyv\u00e4 tiet\u00e4\u00e4:<\/p>\n<ul>\n<li>Jokainen kappale on ainutlaatuisen eroavilla v\u00e4reill\u00e4 ja puunsyill\u00e4. Toimitus on sattumanvarainen, t\u00e4m\u00e4 takaa tuotteesi erityisyyden ja ainutlaatuisuuden.<\/li>\n<\/ul>\n<ul>\n<li>V\u00e4ri: punainen ja ruskea<\/li>\n<li>Materiaali: t\u00e4ysi mangopuu, jauhemaalattu ter\u00e4s<\/li>\n<li>P\u00f6yd\u00e4n mitat: 120 x 55 x 107 cm (P x L x K)<\/li>\n<li>Traktorin keulan mitat: 52 x 38 x 92 cm (L x S x K)<\/li>\n<li>Jakkaran mitat: 30 x 73,5 cm (Halkaisija x K)<\/li>\n<li>Asennus vaaditaan: Kyll\u00e4<\/li>\n<li><strong>Toimitus sis\u00e4lt\u00e4\u00e4:<\/strong><\/li>\n<li>1 x baarip\u00f6yt\u00e4<\/li>\n<li>4 x baarituoli<\/li>\n<\/ul>\n","protected":false},"excerpt":{"rendered":"<ul>\n<li>V\u00e4ri: punainen ja ruskea<\/li>\n<li>Materiaali: t\u00e4ysi mangopuu, jauhemaalattu ter\u00e4s<\/li>\n<li>P\u00f6yd\u00e4n mitat: 120 x 55 x 107 cm (P x L x K)<\/li>\n<li>Traktorin keulan mitat: 52 x 38 x 92 cm (L x S x K)<\/li>\n<li>Jakkaran mitat: 30 x 73,5 cm (Halkaisija x K)<\/li>\n<li>Asennus vaaditaan: Kyll\u00e4<\/li>\n<li><strong>Toimitus sis\u00e4lt\u00e4\u00e4:<\/strong><\/li>\n<li>1 x baarip\u00f6yt\u00e4<\/li>\n<li>4 x baarituoli<\/li>\n<\/ul>\n","protected":false},"featured_media":10000096280,"comment_status":"closed","ping_status":"closed","template":"","meta":[],"product_brand":[],"product_cat":[84,8545],"product_tag":[],"class_list":{"0":"post-96280","1":"product","2":"type-product","3":"status-publish","4":"has-post-thumbnail","6":"product_cat-huonekalut","7":"product_cat-keittion-ruokasalin-kalusteet","9":"first","10":"instock","11":"taxable","12":"shipping-taxable","13":"purchasable","14":"product-type-simple"},"_links":{"self":[{"href":"https:\/\/www.otiumhome.fi\/index.php\/wp-json\/wp\/v2\/product\/96280","targetHints":{"allow":["GET"]}}],"collection":[{"href":"https:\/\/www.otiumhome.fi\/index.php\/wp-json\/wp\/v2\/product"}],"about":[{"href":"https:\/\/www.otiumhome.fi\/index.php\/wp-json\/wp\/v2\/types\/product"}],"replies":[{"embeddable":true,"href":"https:\/\/www.otiumhome.fi\/index.php\/wp-json\/wp\/v2\/comments?post=96280"}],"wp:featuredmedia":[{"embeddable":true,"href":"https:\/\/www.otiumhome.fi\/index.php\/wp-json\/"}],"wp:attachment":[{"href":"https:\/\/www.otiumhome.fi\/index.php\/wp-json\/wp\/v2\/media?parent=96280"}],"wp:term":[{"taxonomy":"product_brand","embeddable":true,"href":"https:\/\/www.otiumhome.fi\/index.php\/wp-json\/wp\/v2\/product_brand?post=96280"},{"taxonomy":"product_cat","embeddable":true,"href":"https:\/\/www.otiumhome.fi\/index.php\/wp-json\/wp\/v2\/product_cat?post=96280"},{"taxonomy":"product_tag","embeddable":true,"href":"https:\/\/www.otiumhome.fi\/index.php\/wp-json\/wp\/v2\/product_tag?post=96280"}],"curies":[{"name":"wp","href":"https:\/\/api.w.org\/{rel}","templated":true}]}}