{"id":96266,"date":"2024-12-15T08:47:29","date_gmt":"2024-12-15T08:47:29","guid":{"rendered":"https:\/\/www.otiumhome.fi\/?p=96266"},"modified":"2025-06-06T15:37:33","modified_gmt":"2025-06-06T15:37:33","slug":"5-osainen-ruokailuryhma-corona-taitettava-harmaa-manty","status":"publish","type":"product","link":"https:\/\/www.otiumhome.fi\/index.php\/tuote\/5-osainen-ruokailuryhma-corona-taitettava-harmaa-manty\/","title":{"rendered":"5-osainen Ruokailuryhm\u00e4 Corona taitettava harmaa m\u00e4nty"},"content":{"rendered":"<p>Luo l\u00e4mmin ja kutsuva paikka p\u00e4iv\u00e4n aloittamiseen tai ihana ateria yhdess\u00e4 t\u00e4m\u00e4n puisen ruokailuryhm\u00e4n \u00e4\u00e4rell\u00e4!<\/p>\n<\/p>\n<ul>\n<li>Tukeva ja pitk\u00e4ik\u00e4inen: T\u00e4m\u00e4 ruokailuryhm\u00e4 on valmistettu kest\u00e4v\u00e4st\u00e4 m\u00e4nnyst\u00e4 ja teknisest\u00e4 puusta, mik\u00e4 tekee siit\u00e4 tukevan ja pitk\u00e4ik\u00e4isen.<\/li>\n<li>Jatkettava ja taitettava: Perhosp\u00f6yd\u00e4ss\u00e4 on taitettava ja laajennettava alas taitettava p\u00f6yt\u00e4levy, joka tarjoaa lis\u00e4tilaa tarvittaessa ja taittuu helposti alas, kun sit\u00e4 ei k\u00e4ytet\u00e4. Tuolit ovat my\u00f6s kokoontaittuvat, mik\u00e4 helpottaa s\u00e4ilytyst\u00e4 ja kuljetusta.<\/li>\n<li>Kompakti s\u00e4ilytys ja tilaa s\u00e4\u00e4st\u00e4v\u00e4: P\u00f6yd\u00e4ss\u00e4 on s\u00e4ilytystoiminto, jonka avulla voit s\u00e4ilytt\u00e4\u00e4 kokoontaittuva tuolit siististi sen alla, kun ne eiv\u00e4t ole k\u00e4yt\u00f6ss\u00e4, t\u00e4m\u00e4 s\u00e4\u00e4st\u00e4\u00e4 arvokasta tilaa.<\/li>\n<li>Monipuolinen k\u00e4ytt\u00f6: Modernin alas taitettavan p\u00f6yt\u00e4levyn ansiosta t\u00e4m\u00e4 p\u00f6yt\u00e4 toimii sek\u00e4 ruokap\u00f6yt\u00e4n\u00e4 ett\u00e4 k\u00e4tev\u00e4n\u00e4 ty\u00f6tilana tietokoneelle sek\u00e4 vieh\u00e4tt\u00e4v\u00e4n\u00e4 aamiaisp\u00f6yt\u00e4n\u00e4. Sen monipuolisuus tekee siit\u00e4 upean lis\u00e4n mihin tahansa tilaan.<\/li>\n<li>Helppo hoitaa: Sile\u00e4n pinnan ansiosta ruokailuryhm\u00e4 on helppo puhdistaa kostealla liinalla ja se tarvitsee vain hieman hoitoa.<\/li>\n<\/ul>\n<ul>\n<li>V\u00e4ri: Hunajavahanruskea ja harmaa<\/li>\n<li>Materiaali: T\u00e4ysi m\u00e4nty ja tekninen puu<\/li>\n<li>P\u00f6yd\u00e4n mitat: (42 \/ 78 \/ 114) x 92 x 75 cm (P x L x K)<\/li>\n<li>S\u00e4ilytyslokeron mitat: 85 x 30 x 60 cm (L x S x K)<\/li>\n<li>Tuolin mitat (taittamatta): 40 x 47 x 71,5 cm (L x S x K)<\/li>\n<li>Tuolin mitat (taitettuna): 84,5 x 40 x 7,5 cm (P x L x K)<\/li>\n<li>Istuimen leveys: 35 cm<\/li>\n<li>Istuimen syvyys: 35 cm<\/li>\n<li>Istuimen korkeus maasta: 43 cm<\/li>\n<li>Selk\u00e4nojan korkeus maasta: 69 cm<\/li>\n<li>Alas taittuva p\u00f6yt\u00e4taso<\/li>\n<li>Kokoontaitettava<\/li>\n<li>Mallisto: Corona<\/li>\n<li>Asennus vaaditaan: Kyll\u00e4<\/li>\n<li><strong>Toimitus sis\u00e4lt\u00e4\u00e4:<\/strong><\/li>\n<li>1 x Jatkettava p\u00f6yt\u00e4<\/li>\n<li>4 x kokoontaitettava tuoli<\/li>\n<\/ul>\n","protected":false},"excerpt":{"rendered":"<ul>\n<li>V\u00e4ri: Hunajavahanruskea ja harmaa<\/li>\n<li>Materiaali: T\u00e4ysi m\u00e4nty ja tekninen puu<\/li>\n<li>P\u00f6yd\u00e4n mitat: (42 \/ 78 \/ 114) x 92 x 75 cm (P x L x K)<\/li>\n<li>S\u00e4ilytyslokeron mitat: 85 x 30 x 60 cm (L x S x K)<\/li>\n<li>Tuolin mitat (taittamatta): 40 x 47 x 71,5 cm (L x S x K)<\/li>\n<li>Tuolin mitat (taitettuna): 84,5 x 40 x 7,5 cm (P x L x K)<\/li>\n<li>Istuimen leveys: 35 cm<\/li>\n<li>Istuimen syvyys: 35 cm<\/li>\n<li>Istuimen korkeus maasta: 43 cm<\/li>\n<li>Selk\u00e4nojan korkeus maasta: 69 cm<\/li>\n<li>Alas taittuva p\u00f6yt\u00e4taso<\/li>\n<li>Kokoontaitettava<\/li>\n<li>Mallisto: Corona<\/li>\n<li>Asennus vaaditaan: Kyll\u00e4<\/li>\n<li><strong>Toimitus sis\u00e4lt\u00e4\u00e4:<\/strong><\/li>\n<li>1 x Jatkettava p\u00f6yt\u00e4<\/li>\n<li>4 x kokoontaitettava tuoli<\/li>\n<\/ul>\n","protected":false},"featured_media":10000096266,"comment_status":"closed","ping_status":"closed","template":"","meta":[],"product_brand":[],"product_cat":[84,8545],"product_tag":[],"class_list":{"0":"post-96266","1":"product","2":"type-product","3":"status-publish","4":"has-post-thumbnail","6":"product_cat-huonekalut","7":"product_cat-keittion-ruokasalin-kalusteet","9":"first","10":"instock","11":"taxable","12":"shipping-taxable","13":"purchasable","14":"product-type-simple"},"_links":{"self":[{"href":"https:\/\/www.otiumhome.fi\/index.php\/wp-json\/wp\/v2\/product\/96266","targetHints":{"allow":["GET"]}}],"collection":[{"href":"https:\/\/www.otiumhome.fi\/index.php\/wp-json\/wp\/v2\/product"}],"about":[{"href":"https:\/\/www.otiumhome.fi\/index.php\/wp-json\/wp\/v2\/types\/product"}],"replies":[{"embeddable":true,"href":"https:\/\/www.otiumhome.fi\/index.php\/wp-json\/wp\/v2\/comments?post=96266"}],"wp:featuredmedia":[{"embeddable":true,"href":"https:\/\/www.otiumhome.fi\/index.php\/wp-json\/"}],"wp:attachment":[{"href":"https:\/\/www.otiumhome.fi\/index.php\/wp-json\/wp\/v2\/media?parent=96266"}],"wp:term":[{"taxonomy":"product_brand","embeddable":true,"href":"https:\/\/www.otiumhome.fi\/index.php\/wp-json\/wp\/v2\/product_brand?post=96266"},{"taxonomy":"product_cat","embeddable":true,"href":"https:\/\/www.otiumhome.fi\/index.php\/wp-json\/wp\/v2\/product_cat?post=96266"},{"taxonomy":"product_tag","embeddable":true,"href":"https:\/\/www.otiumhome.fi\/index.php\/wp-json\/wp\/v2\/product_tag?post=96266"}],"curies":[{"name":"wp","href":"https:\/\/api.w.org\/{rel}","templated":true}]}}