{"id":96181,"date":"2024-12-15T08:47:22","date_gmt":"2024-12-15T08:47:22","guid":{"rendered":"https:\/\/www.otiumhome.fi\/?p=96181"},"modified":"2025-12-14T05:47:42","modified_gmt":"2025-12-14T05:47:42","slug":"5-osainen-baarisarja-valkoinen-ja-musta","status":"publish","type":"product","link":"https:\/\/www.otiumhome.fi\/index.php\/tuote\/5-osainen-baarisarja-valkoinen-ja-musta\/","title":{"rendered":"5-osainen baarisarja valkoinen ja musta"},"content":{"rendered":"<p>Moderni ja nykyaikainen baarisarjamme sopii t\u00e4ydellisesti modernien koteihin, puutarhoihin, baareihin, pubeihin tai ravintoloihin. Sen puhdas ja nykyaikainen muotoilu t\u00e4ydent\u00e4\u00e4 mit\u00e4 tahansa sisustusta.<\/p>\n<\/p>\n<p>Tuotteessa on kest\u00e4v\u00e4 MDF p\u00f6yt\u00e4levy ja kest\u00e4v\u00e4t metallijalat puutyylill\u00e4. Pubijakkaroissa on ergonomisesti muotoiltu istuin ja integroitu matala selk\u00e4noja. Ne on valmistettu vankasta PP:st\u00e4 vahvoista jauhemaalatuista metallijaloista. N\u00e4m\u00e4 baarituolit ovat vankkoja ja kest\u00e4vi\u00e4.<\/p>\n<ul>\n<li><strong>Baarip\u00f6yt\u00e4:<\/strong><\/li>\n<li>V\u00e4ri: valkoinen<\/li>\n<li>Materiaali: MDF, metalli<\/li>\n<li>Mitat: 120 x 60 x 105 cm (P x L x K)<\/li>\n<li>Jaloissa l\u00e4mp\u00f6siirretty puukuviointi<\/li>\n<li><strong>Baarijakkarat:<\/strong><\/li>\n<li>V\u00e4ri: musta<\/li>\n<li>Materiaali: PP, metalli<\/li>\n<li>Mitat: 48 x 47,5 x 95,5 cm (L x S x K)<\/li>\n<li>Istuimen korkeus maasta: 74,5 cm<\/li>\n<li>Matala selk\u00e4noja<\/li>\n<li>Asennus vaaditaan: kyll\u00e4<\/li>\n<li><strong>Toimitus sis\u00e4lt\u00e4\u00e4:<\/strong><\/li>\n<li>1 x baarip\u00f6yt\u00e4<\/li>\n<li>4 x baarituoli<\/li>\n<\/ul>\n","protected":false},"excerpt":{"rendered":"<ul>\n<li><strong>Baarip\u00f6yt\u00e4:<\/strong><\/li>\n<li>V\u00e4ri: valkoinen<\/li>\n<li>Materiaali: MDF, metalli<\/li>\n<li>Mitat: 120 x 60 x 105 cm (P x L x K)<\/li>\n<li>Jaloissa l\u00e4mp\u00f6siirretty puukuviointi<\/li>\n<li><strong>Baarijakkarat:<\/strong><\/li>\n<li>V\u00e4ri: musta<\/li>\n<li>Materiaali: PP, metalli<\/li>\n<li>Mitat: 48 x 47,5 x 95,5 cm (L x S x K)<\/li>\n<li>Istuimen korkeus maasta: 74,5 cm<\/li>\n<li>Matala selk\u00e4noja<\/li>\n<li>Asennus vaaditaan: kyll\u00e4<\/li>\n<li><strong>Toimitus sis\u00e4lt\u00e4\u00e4:<\/strong><\/li>\n<li>1 x baarip\u00f6yt\u00e4<\/li>\n<li>4 x baarituoli<\/li>\n<\/ul>\n","protected":false},"featured_media":10000096181,"comment_status":"closed","ping_status":"closed","template":"","meta":[],"product_brand":[],"product_cat":[84,8545],"product_tag":[],"class_list":{"0":"post-96181","1":"product","2":"type-product","3":"status-publish","4":"has-post-thumbnail","6":"product_cat-huonekalut","7":"product_cat-keittion-ruokasalin-kalusteet","9":"first","10":"instock","11":"taxable","12":"shipping-taxable","13":"purchasable","14":"product-type-simple"},"_links":{"self":[{"href":"https:\/\/www.otiumhome.fi\/index.php\/wp-json\/wp\/v2\/product\/96181","targetHints":{"allow":["GET"]}}],"collection":[{"href":"https:\/\/www.otiumhome.fi\/index.php\/wp-json\/wp\/v2\/product"}],"about":[{"href":"https:\/\/www.otiumhome.fi\/index.php\/wp-json\/wp\/v2\/types\/product"}],"replies":[{"embeddable":true,"href":"https:\/\/www.otiumhome.fi\/index.php\/wp-json\/wp\/v2\/comments?post=96181"}],"wp:featuredmedia":[{"embeddable":true,"href":"https:\/\/www.otiumhome.fi\/index.php\/wp-json\/"}],"wp:attachment":[{"href":"https:\/\/www.otiumhome.fi\/index.php\/wp-json\/wp\/v2\/media?parent=96181"}],"wp:term":[{"taxonomy":"product_brand","embeddable":true,"href":"https:\/\/www.otiumhome.fi\/index.php\/wp-json\/wp\/v2\/product_brand?post=96181"},{"taxonomy":"product_cat","embeddable":true,"href":"https:\/\/www.otiumhome.fi\/index.php\/wp-json\/wp\/v2\/product_cat?post=96181"},{"taxonomy":"product_tag","embeddable":true,"href":"https:\/\/www.otiumhome.fi\/index.php\/wp-json\/wp\/v2\/product_tag?post=96181"}],"curies":[{"name":"wp","href":"https:\/\/api.w.org\/{rel}","templated":true}]}}