{"id":96126,"date":"2024-12-15T08:47:17","date_gmt":"2024-12-15T08:47:17","guid":{"rendered":"https:\/\/www.otiumhome.fi\/?p=96126"},"modified":"2025-06-06T15:37:31","modified_gmt":"2025-06-06T15:37:31","slug":"3-osainen-baarikalusteryhma-puu-ja-teras-musta","status":"publish","type":"product","link":"https:\/\/www.otiumhome.fi\/index.php\/tuote\/3-osainen-baarikalusteryhma-puu-ja-teras-musta\/","title":{"rendered":"3-osainen baarikalusteryhm\u00e4 puu ja ter\u00e4s musta"},"content":{"rendered":"<p>Kest\u00e4v\u00e4st\u00e4 puusta ja ter\u00e4ksest\u00e4 valmistettu 3-osainen baarikalusteryhm\u00e4 on s\u00e4\u00e4nkest\u00e4v\u00e4 ja tuo persoonallisen lis\u00e4yksen koteihin, puutarhoihin, baareihin, pubeihin tai ravintoloihin.<\/p>\n<\/p>\n<p>Kest\u00e4v\u00e4st\u00e4 puusta valmistetut pinnat on helppo puhdistaa. Ter\u00e4srunko tarjoaa erinomaisen vakauden. Tuolit voidaan s\u00e4ilytt\u00e4\u00e4 p\u00f6yd\u00e4n alla, kun niit\u00e4 ei k\u00e4ytet\u00e4. Lis\u00e4ksi baarituoleissa on sis\u00e4\u00e4nrakennetut jalkatuet kahdessa eri korkeudessa, mik\u00e4 tuo lis\u00e4mukavuutta.<\/p>\n<\/p>\n<p>P\u00f6yt\u00e4 ja baarijakkarat on todella helppo koota. Toimitukseen sis\u00e4ltyy 1 p\u00f6yt\u00e4 ja 2 baarijakkaraa.<\/p>\n<ul>\n<li>V\u00e4ri: musta ja harmaa<\/li>\n<li>Materiaali: puu + ter\u00e4s<\/li>\n<li>P\u00f6yd\u00e4n mitat: 72,5 x 55 x 82,5 cm (P x L x K)<\/li>\n<li>Baarituolien mitat: 30 x 70 cm (Halkaisija x K)<\/li>\n<li>Toimitus sis\u00e4lt\u00e4\u00e4 1 p\u00f6yd\u00e4n ja 2 baarijakkaraa<\/li>\n<li>Maksimikantavuus: 110 kg<\/li>\n<\/ul>\n","protected":false},"excerpt":{"rendered":"<ul>\n<li>V\u00e4ri: musta ja harmaa<\/li>\n<li>Materiaali: puu + ter\u00e4s<\/li>\n<li>P\u00f6yd\u00e4n mitat: 72,5 x 55 x 82,5 cm (P x L x K)<\/li>\n<li>Baarituolien mitat: 30 x 70 cm (Halkaisija x K)<\/li>\n<li>Toimitus sis\u00e4lt\u00e4\u00e4 1 p\u00f6yd\u00e4n ja 2 baarijakkaraa<\/li>\n<li>Maksimikantavuus: 110 kg<\/li>\n<\/ul>\n","protected":false},"featured_media":10000096126,"comment_status":"closed","ping_status":"closed","template":"","meta":[],"product_brand":[],"product_cat":[84,8545],"product_tag":[],"class_list":{"0":"post-96126","1":"product","2":"type-product","3":"status-publish","4":"has-post-thumbnail","6":"product_cat-huonekalut","7":"product_cat-keittion-ruokasalin-kalusteet","9":"first","10":"instock","11":"taxable","12":"shipping-taxable","13":"purchasable","14":"product-type-simple"},"_links":{"self":[{"href":"https:\/\/www.otiumhome.fi\/index.php\/wp-json\/wp\/v2\/product\/96126","targetHints":{"allow":["GET"]}}],"collection":[{"href":"https:\/\/www.otiumhome.fi\/index.php\/wp-json\/wp\/v2\/product"}],"about":[{"href":"https:\/\/www.otiumhome.fi\/index.php\/wp-json\/wp\/v2\/types\/product"}],"replies":[{"embeddable":true,"href":"https:\/\/www.otiumhome.fi\/index.php\/wp-json\/wp\/v2\/comments?post=96126"}],"wp:featuredmedia":[{"embeddable":true,"href":"https:\/\/www.otiumhome.fi\/index.php\/wp-json\/"}],"wp:attachment":[{"href":"https:\/\/www.otiumhome.fi\/index.php\/wp-json\/wp\/v2\/media?parent=96126"}],"wp:term":[{"taxonomy":"product_brand","embeddable":true,"href":"https:\/\/www.otiumhome.fi\/index.php\/wp-json\/wp\/v2\/product_brand?post=96126"},{"taxonomy":"product_cat","embeddable":true,"href":"https:\/\/www.otiumhome.fi\/index.php\/wp-json\/wp\/v2\/product_cat?post=96126"},{"taxonomy":"product_tag","embeddable":true,"href":"https:\/\/www.otiumhome.fi\/index.php\/wp-json\/wp\/v2\/product_tag?post=96126"}],"curies":[{"name":"wp","href":"https:\/\/api.w.org\/{rel}","templated":true}]}}