{"id":96087,"date":"2024-12-15T08:46:05","date_gmt":"2024-12-15T08:46:05","guid":{"rendered":"https:\/\/www.otiumhome.fi\/?p=96087"},"modified":"2025-06-06T15:36:41","modified_gmt":"2025-06-06T15:36:41","slug":"ruokapoyta-140-cm-kierratetty-tayspuu","status":"publish","type":"product","link":"https:\/\/www.otiumhome.fi\/index.php\/tuote\/ruokapoyta-140-cm-kierratetty-tayspuu\/","title":{"rendered":"Ruokap\u00f6yt\u00e4 140 cm kierr\u00e4tetty t\u00e4yspuu"},"content":{"rendered":"<p>Uudista ruokailutilasi t\u00e4ll\u00e4 puisella teollistyylisell\u00e4 ruokap\u00f6yd\u00e4ll\u00e4!<\/p>\n<\/p>\n<p>T\u00e4m\u00e4 ruokap\u00f6yt\u00e4 on valmistettu kierr\u00e4tetyst\u00e4 t\u00e4yspuusta, joka on per\u00e4isin vanhojen purettujen rakennusten pylv\u00e4ist\u00e4, lattiasta ja tukipalkeista. Se voi siten koostua monesta eri puulajista ja sis\u00e4lt\u00e4\u00e4 piirteit\u00e4 niist\u00e4, kuten m\u00e4nnyst\u00e4, tiikist\u00e4, tammesta, mangopuusta, akaasiapuusta, jne. Kierr\u00e4tetty puu on jo ik\u00e4\u00e4ntynytt\u00e4, kulunutta ja kuivaa, joten se ei kutistu eik\u00e4 taivu. Jauhemaalatut rautajalat tuovat lis\u00e4ns\u00e4 p\u00f6yd\u00e4n lujuuteen ja vakauteen.<\/p>\n<\/p>\n<p>T\u00e4rke\u00e4 huomio: V\u00e4rit ja puunsyyt vaihtelevat kappaleittain, mik\u00e4 tekee jokaisesta huonekalusta ainutlaatuisen. Toimitus on sattumanvarainen, t\u00e4m\u00e4 takaa tuotteesi ainutlaatuisuuden.<\/p>\n<ul>\n<li>Materiaali: kierr\u00e4tetty t\u00e4yspuu eri v\u00e4rej\u00e4 sis\u00e4lt\u00e4v\u00e4ll\u00e4 viimeistelyll\u00e4, jauhemaalattu rauta<\/li>\n<li>Mitat: 140 x 70 x 76 cm (P x L x K)<\/li>\n<li>Asennus vaaditaan: kyll\u00e4<\/li>\n<\/ul>\n","protected":false},"excerpt":{"rendered":"<ul>\n<li>Materiaali: kierr\u00e4tetty t\u00e4yspuu eri v\u00e4rej\u00e4 sis\u00e4lt\u00e4v\u00e4ll\u00e4 viimeistelyll\u00e4, jauhemaalattu rauta<\/li>\n<li>Mitat: 140 x 70 x 76 cm (P x L x K)<\/li>\n<li>Asennus vaaditaan: kyll\u00e4<\/li>\n<\/ul>\n","protected":false},"featured_media":10000096087,"comment_status":"closed","ping_status":"closed","template":"","meta":[],"product_brand":[],"product_cat":[84,8543],"product_tag":[],"class_list":{"0":"post-96087","1":"product","2":"type-product","3":"status-publish","4":"has-post-thumbnail","6":"product_cat-huonekalut","7":"product_cat-keittion-ruokapoydat","9":"first","10":"instock","11":"taxable","12":"shipping-taxable","13":"purchasable","14":"product-type-simple"},"_links":{"self":[{"href":"https:\/\/www.otiumhome.fi\/index.php\/wp-json\/wp\/v2\/product\/96087","targetHints":{"allow":["GET"]}}],"collection":[{"href":"https:\/\/www.otiumhome.fi\/index.php\/wp-json\/wp\/v2\/product"}],"about":[{"href":"https:\/\/www.otiumhome.fi\/index.php\/wp-json\/wp\/v2\/types\/product"}],"replies":[{"embeddable":true,"href":"https:\/\/www.otiumhome.fi\/index.php\/wp-json\/wp\/v2\/comments?post=96087"}],"wp:featuredmedia":[{"embeddable":true,"href":"https:\/\/www.otiumhome.fi\/index.php\/wp-json\/"}],"wp:attachment":[{"href":"https:\/\/www.otiumhome.fi\/index.php\/wp-json\/wp\/v2\/media?parent=96087"}],"wp:term":[{"taxonomy":"product_brand","embeddable":true,"href":"https:\/\/www.otiumhome.fi\/index.php\/wp-json\/wp\/v2\/product_brand?post=96087"},{"taxonomy":"product_cat","embeddable":true,"href":"https:\/\/www.otiumhome.fi\/index.php\/wp-json\/wp\/v2\/product_cat?post=96087"},{"taxonomy":"product_tag","embeddable":true,"href":"https:\/\/www.otiumhome.fi\/index.php\/wp-json\/wp\/v2\/product_tag?post=96087"}],"curies":[{"name":"wp","href":"https:\/\/api.w.org\/{rel}","templated":true}]}}