{"id":96086,"date":"2024-12-15T08:46:05","date_gmt":"2024-12-15T08:46:05","guid":{"rendered":"https:\/\/www.otiumhome.fi\/?p=96086"},"modified":"2026-01-16T13:21:42","modified_gmt":"2026-01-16T13:21:42","slug":"baaripoyta-valkoinen-o60x110-cm-tekninen-puu-ja-teras","status":"publish","type":"product","link":"https:\/\/www.otiumhome.fi\/index.php\/tuote\/baaripoyta-valkoinen-o60x110-cm-tekninen-puu-ja-teras\/","title":{"rendered":"Baarip\u00f6yt\u00e4 valkoinen \u00d860&#215;110 cm tekninen puu ja ter\u00e4s"},"content":{"rendered":"<p>Nauti t\u00e4ydellisest\u00e4 ateriasta perheesi tai yst\u00e4viesi kanssa t\u00e4ll\u00e4 baarip\u00f6yd\u00e4ll\u00e4 joka p\u00e4iv\u00e4!<\/p>\n<\/p>\n<ul>\n<li>Vakaa ja kest\u00e4v\u00e4: Puu on monipuolinen materiaali, joka on suosittu sile\u00e4n pintansa, vakauden ja kest\u00e4vyyden ansiosta. Se kest\u00e4\u00e4 v\u00e4\u00e4ntymist\u00e4 ja halkeilua, joten se on erinomainen valinta monenlaisiin k\u00e4ytt\u00f6tarkoituksiin, kuten huonekaluihin, rakentamiseen ja kodin remontointiprojekteihin.<\/li>\n<li>Tukeva runko: T\u00e4m\u00e4 baarip\u00f6yt\u00e4 on valmistettu pulverimaalatusta ter\u00e4ksest\u00e4. Ter\u00e4srunko on vakuuttava lujuudellaan, kest\u00e4vyydell\u00e4\u00e4n ja korroosionkest\u00e4vyydell\u00e4\u00e4n, joten se on ihanteellinen valinta erilaisiin k\u00e4ytt\u00f6tarkoituksiin, kuten huonekalujen valmistukseen ja rakentamiseen. Pinnan pulverimaalaus muodostaa suojaavan kerroksen, joka auttaa est\u00e4m\u00e4\u00e4n ruostetta, korroosiota ja kulumista.<\/li>\n<li>Taittuva muotoilu: Baarip\u00f6yt\u00e4 voidaan my\u00f6s taittaa kokoon tilan s\u00e4\u00e4st\u00e4miseksi, kun sit\u00e4 ei k\u00e4ytet\u00e4.<\/li>\n<li>Helppo puhdistaa: Pinta on helppo puhdistaa kostealla liinalla.<\/li>\n<\/ul>\n<ul>\n<li>V\u00e4ri: Valkoinen<\/li>\n<li>Materiaali: Tekninen puu, jauhemaalattu ter\u00e4s<\/li>\n<li>Mitat: 60 x 110 cm (Halkaisija x K)<\/li>\n<li>Asennus vaaditaan: Kyll\u00e4<\/li>\n<\/ul>\n","protected":false},"excerpt":{"rendered":"<ul>\n<li>V\u00e4ri: Valkoinen<\/li>\n<li>Materiaali: Tekninen puu, jauhemaalattu ter\u00e4s<\/li>\n<li>Mitat: 60 x 110 cm (Halkaisija x K)<\/li>\n<li>Asennus vaaditaan: Kyll\u00e4<\/li>\n<\/ul>\n","protected":false},"featured_media":10000096086,"comment_status":"closed","ping_status":"closed","template":"","meta":[],"product_brand":[],"product_cat":[84,8543],"product_tag":[],"class_list":{"0":"post-96086","1":"product","2":"type-product","3":"status-publish","4":"has-post-thumbnail","6":"product_cat-huonekalut","7":"product_cat-keittion-ruokapoydat","9":"first","10":"instock","11":"taxable","12":"shipping-taxable","13":"purchasable","14":"product-type-simple"},"_links":{"self":[{"href":"https:\/\/www.otiumhome.fi\/index.php\/wp-json\/wp\/v2\/product\/96086","targetHints":{"allow":["GET"]}}],"collection":[{"href":"https:\/\/www.otiumhome.fi\/index.php\/wp-json\/wp\/v2\/product"}],"about":[{"href":"https:\/\/www.otiumhome.fi\/index.php\/wp-json\/wp\/v2\/types\/product"}],"replies":[{"embeddable":true,"href":"https:\/\/www.otiumhome.fi\/index.php\/wp-json\/wp\/v2\/comments?post=96086"}],"wp:featuredmedia":[{"embeddable":true,"href":"https:\/\/www.otiumhome.fi\/index.php\/wp-json\/"}],"wp:attachment":[{"href":"https:\/\/www.otiumhome.fi\/index.php\/wp-json\/wp\/v2\/media?parent=96086"}],"wp:term":[{"taxonomy":"product_brand","embeddable":true,"href":"https:\/\/www.otiumhome.fi\/index.php\/wp-json\/wp\/v2\/product_brand?post=96086"},{"taxonomy":"product_cat","embeddable":true,"href":"https:\/\/www.otiumhome.fi\/index.php\/wp-json\/wp\/v2\/product_cat?post=96086"},{"taxonomy":"product_tag","embeddable":true,"href":"https:\/\/www.otiumhome.fi\/index.php\/wp-json\/wp\/v2\/product_tag?post=96086"}],"curies":[{"name":"wp","href":"https:\/\/api.w.org\/{rel}","templated":true}]}}