{"id":96004,"date":"2024-12-15T08:45:58","date_gmt":"2024-12-15T08:45:58","guid":{"rendered":"https:\/\/www.otiumhome.fi\/?p=96004"},"modified":"2025-06-16T16:19:45","modified_gmt":"2025-06-16T16:19:45","slug":"ruokapoyta-vanhaa-puuta-180x90x76-cm-lastulevy","status":"publish","type":"product","link":"https:\/\/www.otiumhome.fi\/index.php\/tuote\/ruokapoyta-vanhaa-puuta-180x90x76-cm-lastulevy\/","title":{"rendered":"Ruokap\u00f6yt\u00e4 vanhaa puuta 180x90x76 cm lastulevy"},"content":{"rendered":"<p>T\u00e4m\u00e4 puhtaan yksinkertaisesti muotoiltu ruokap\u00f6yt\u00e4 on upea valinta ruokasaliin tai keitti\u00f6\u00f6n.<\/p>\n<\/p>\n<ul>\n<li>Pitk\u00e4ik\u00e4inen materiaali: Tekninen puu on poikkeuksellisen laadukasta ja sile\u00e4pintaista. Se on luja, vakaa ja kosteudelle vastustuskykyinen.<\/li>\n<li>K\u00e4yt\u00e4nn\u00f6llinen p\u00f6yt\u00e4levy: Ruokap\u00f6yd\u00e4n tukeva p\u00f6yt\u00e4levy on t\u00e4ydellinen juomien, ruoan ja koriste-esineiden sijoittamiseen.<\/li>\n<li>Helppo huoltaa: Sile\u00e4n pinnan ansiosta kaluste on helppo puhdistaa kostealla liinalla ja se tarvitsee vain v\u00e4h\u00e4ist\u00e4 huoltoa.<\/li>\n<\/ul>\n<p>Varoitus:<\/p>\n<ul>\n<li>Kaatumisen est\u00e4miseksi t\u00e4t\u00e4 tuotetta on k\u00e4ytett\u00e4v\u00e4 sein\u00e4kiinnityslaitteen kanssa (ei sis\u00e4lly toimitukseen).<\/li>\n<\/ul>\n<ul>\n<li>V\u00e4ri: Vanha puu<\/li>\n<li>Materiaali: Tekninen puu<\/li>\n<li>Mitat: 180 x 90 x 76 cm (L x S x K)<\/li>\n<li>Max. kantavuus (yhteens\u00e4): 60 kg<\/li>\n<li>Asennus vaaditaan: Kyll\u00e4<\/li>\n<\/ul>\n","protected":false},"excerpt":{"rendered":"<ul>\n<li>V\u00e4ri: Vanha puu<\/li>\n<li>Materiaali: Tekninen puu<\/li>\n<li>Mitat: 180 x 90 x 76 cm (L x S x K)<\/li>\n<li>Max. kantavuus (yhteens\u00e4): 60 kg<\/li>\n<li>Asennus vaaditaan: Kyll\u00e4<\/li>\n<\/ul>\n","protected":false},"featured_media":10000096004,"comment_status":"closed","ping_status":"closed","template":"","meta":[],"product_brand":[],"product_cat":[84,8543],"product_tag":[],"class_list":{"0":"post-96004","1":"product","2":"type-product","3":"status-publish","4":"has-post-thumbnail","6":"product_cat-huonekalut","7":"product_cat-keittion-ruokapoydat","9":"first","10":"instock","11":"taxable","12":"shipping-taxable","13":"purchasable","14":"product-type-simple"},"_links":{"self":[{"href":"https:\/\/www.otiumhome.fi\/index.php\/wp-json\/wp\/v2\/product\/96004","targetHints":{"allow":["GET"]}}],"collection":[{"href":"https:\/\/www.otiumhome.fi\/index.php\/wp-json\/wp\/v2\/product"}],"about":[{"href":"https:\/\/www.otiumhome.fi\/index.php\/wp-json\/wp\/v2\/types\/product"}],"replies":[{"embeddable":true,"href":"https:\/\/www.otiumhome.fi\/index.php\/wp-json\/wp\/v2\/comments?post=96004"}],"wp:featuredmedia":[{"embeddable":true,"href":"https:\/\/www.otiumhome.fi\/index.php\/wp-json\/"}],"wp:attachment":[{"href":"https:\/\/www.otiumhome.fi\/index.php\/wp-json\/wp\/v2\/media?parent=96004"}],"wp:term":[{"taxonomy":"product_brand","embeddable":true,"href":"https:\/\/www.otiumhome.fi\/index.php\/wp-json\/wp\/v2\/product_brand?post=96004"},{"taxonomy":"product_cat","embeddable":true,"href":"https:\/\/www.otiumhome.fi\/index.php\/wp-json\/wp\/v2\/product_cat?post=96004"},{"taxonomy":"product_tag","embeddable":true,"href":"https:\/\/www.otiumhome.fi\/index.php\/wp-json\/wp\/v2\/product_tag?post=96004"}],"curies":[{"name":"wp","href":"https:\/\/api.w.org\/{rel}","templated":true}]}}