{"id":96000,"date":"2024-12-15T08:45:58","date_gmt":"2024-12-15T08:45:58","guid":{"rendered":"https:\/\/www.otiumhome.fi\/?p=96000"},"modified":"2025-06-06T15:36:35","modified_gmt":"2025-06-06T15:36:35","slug":"baaripoyta-flam-92x45x110-cm-taysi-manty","status":"publish","type":"product","link":"https:\/\/www.otiumhome.fi\/index.php\/tuote\/baaripoyta-flam-92x45x110-cm-taysi-manty\/","title":{"rendered":"Baarip\u00f6yt\u00e4 FLAM 92x45x110 cm t\u00e4ysi m\u00e4nty"},"content":{"rendered":"<p>Siemaile lasillinen lempiviini\u00e4si tai nauti mukavasta ateriasta perheesi tai yst\u00e4viesi kanssa t\u00e4m\u00e4n kauniin puisen baarip\u00f6yd\u00e4n \u00e4\u00e4rell\u00e4!<\/p>\n<\/p>\n<ul>\n<li>T\u00e4ysi m\u00e4nty: T\u00e4ysi m\u00e4nty on kaunis luonnonmateriaali. M\u00e4nnyll\u00e4 on suorat puunsyyt ja sen oksanpaikat antavat materiaalille sen ominaisen rustiikkisen ilmeen. T\u00e4ydest\u00e4 m\u00e4nnyst\u00e4 valmistettu juhlap\u00f6yt\u00e4 kest\u00e4v\u00e4 ja vakaa.<\/li>\n<li>Runsaasti s\u00e4ilytystilaa: T\u00e4m\u00e4 hyllyill\u00e4 varustettu pubip\u00f6yt\u00e4 tarjoaa runsaasti s\u00e4ilytystilaa, jotta tavarasi pysyv\u00e4t hyvin j\u00e4rjestyksess\u00e4 ja helposti ulottuvilla.<\/li>\n<li>Tukeva p\u00f6yt\u00e4levy: Baarip\u00f6yd\u00e4n tukeva p\u00f6yt\u00e4levy on t\u00e4ydellinen juomien, ruokien ja koriste-esineiden sijoittamiseen.<\/li>\n<\/ul>\n<p>Varoitus:<\/p>\n<ul>\n<li>Kaatumisen est\u00e4miseksi on t\u00e4t\u00e4 tuotetta k\u00e4ytett\u00e4v\u00e4 mukana toimitettavan sein\u00e4kiinnityslaitteen kanssa.<\/li>\n<\/ul>\n<ul>\n<li>Materiaali: T\u00e4ysi m\u00e4nty tammen v\u00e4risell\u00e4 viimeistelyll\u00e4, muovi<\/li>\n<li>Mitat: 92 x 45 x 110 cm (L x S x K)<\/li>\n<li>2 muovikahvaa<\/li>\n<li>2 laatikkoa, 2 hylly\u00e4 ja 1 avoin lokero<\/li>\n<li>Puisilla jaloilla<\/li>\n<li>Mallisto: FLAM<\/li>\n<li>Asennus vaaditaan: Kyll\u00e4<\/li>\n<li>Legal Documents:\n<p><span>Lis\u00e4tietoja huonekalujesi kaatumisen est\u00e4misest\u00e4 voit l\u00f6yt\u00e4\u00e4 <span style=\"text-decoration: underline\"><strong><a title=\"https:\/\/bit.ly\/3bVwkQp\" href=\"https:\/\/bit.ly\/3bVwkQp\" target=\"_blank\">t\u00e4\u00e4lt\u00e4<\/a><\/strong><\/span><\/span><\/p>\n<\/li>\n<\/ul>\n","protected":false},"excerpt":{"rendered":"<ul>\n<li>Materiaali: T\u00e4ysi m\u00e4nty tammen v\u00e4risell\u00e4 viimeistelyll\u00e4, muovi<\/li>\n<li>Mitat: 92 x 45 x 110 cm (L x S x K)<\/li>\n<li>2 muovikahvaa<\/li>\n<li>2 laatikkoa, 2 hylly\u00e4 ja 1 avoin lokero<\/li>\n<li>Puisilla jaloilla<\/li>\n<li>Mallisto: FLAM<\/li>\n<li>Asennus vaaditaan: Kyll\u00e4<\/li>\n<li>Legal Documents:\n<p><span>Lis\u00e4tietoja huonekalujesi kaatumisen est\u00e4misest\u00e4 voit l\u00f6yt\u00e4\u00e4 <span style=\"text-decoration: underline\"><strong><a title=\"https:\/\/bit.ly\/3bVwkQp\" href=\"https:\/\/bit.ly\/3bVwkQp\" target=\"_blank\">t\u00e4\u00e4lt\u00e4<\/a><\/strong><\/span><\/span><\/p>\n<\/li>\n<\/ul>\n","protected":false},"featured_media":10000096000,"comment_status":"closed","ping_status":"closed","template":"","meta":[],"product_brand":[],"product_cat":[84,8543],"product_tag":[],"class_list":{"0":"post-96000","1":"product","2":"type-product","3":"status-publish","4":"has-post-thumbnail","6":"product_cat-huonekalut","7":"product_cat-keittion-ruokapoydat","9":"first","10":"instock","11":"taxable","12":"shipping-taxable","13":"purchasable","14":"product-type-simple"},"_links":{"self":[{"href":"https:\/\/www.otiumhome.fi\/index.php\/wp-json\/wp\/v2\/product\/96000","targetHints":{"allow":["GET"]}}],"collection":[{"href":"https:\/\/www.otiumhome.fi\/index.php\/wp-json\/wp\/v2\/product"}],"about":[{"href":"https:\/\/www.otiumhome.fi\/index.php\/wp-json\/wp\/v2\/types\/product"}],"replies":[{"embeddable":true,"href":"https:\/\/www.otiumhome.fi\/index.php\/wp-json\/wp\/v2\/comments?post=96000"}],"wp:featuredmedia":[{"embeddable":true,"href":"https:\/\/www.otiumhome.fi\/index.php\/wp-json\/"}],"wp:attachment":[{"href":"https:\/\/www.otiumhome.fi\/index.php\/wp-json\/wp\/v2\/media?parent=96000"}],"wp:term":[{"taxonomy":"product_brand","embeddable":true,"href":"https:\/\/www.otiumhome.fi\/index.php\/wp-json\/wp\/v2\/product_brand?post=96000"},{"taxonomy":"product_cat","embeddable":true,"href":"https:\/\/www.otiumhome.fi\/index.php\/wp-json\/wp\/v2\/product_cat?post=96000"},{"taxonomy":"product_tag","embeddable":true,"href":"https:\/\/www.otiumhome.fi\/index.php\/wp-json\/wp\/v2\/product_tag?post=96000"}],"curies":[{"name":"wp","href":"https:\/\/api.w.org\/{rel}","templated":true}]}}