{"id":95973,"date":"2024-12-15T08:45:56","date_gmt":"2024-12-15T08:45:56","guid":{"rendered":"https:\/\/www.otiumhome.fi\/?p=95973"},"modified":"2025-06-06T15:36:35","modified_gmt":"2025-06-06T15:36:35","slug":"baaripoyta-55x55x107-cm-kierratetty-tayspuu-ja-rauta","status":"publish","type":"product","link":"https:\/\/www.otiumhome.fi\/index.php\/tuote\/baaripoyta-55x55x107-cm-kierratetty-tayspuu-ja-rauta\/","title":{"rendered":"Baarip\u00f6yt\u00e4 55x55x107 cm kierr\u00e4tetty t\u00e4yspuu ja rauta"},"content":{"rendered":"<p>Siemaile lasillinen lempiviini\u00e4si tai nauti mukavasta ateriasta perheesi tai yst\u00e4viesi kanssa t\u00e4m\u00e4n baarip\u00f6yd\u00e4n \u00e4\u00e4rell\u00e4!<\/p>\n<\/p>\n<ul>\n<li>T\u00e4ysi kierr\u00e4tyspuu: T\u00e4m\u00e4n juhlap\u00f6yd\u00e4n p\u00f6yt\u00e4levy on valmistettu t\u00e4ydest\u00e4 kierr\u00e4tyspuusta. Kierr\u00e4tetty t\u00e4yspuu sis\u00e4lt\u00e4\u00e4 uudelleen k\u00e4ytetty\u00e4 puuta, kuten tiikki\u00e4, mangopuuta, m\u00e4nty\u00e4 ja py\u00f6kki\u00e4. N\u00e4m\u00e4 materiaalit on ker\u00e4tty vanhoista rakennuksista, tehtaista, vajoista ja veneist\u00e4. V\u00e4rit vaihtelevat tuotteesta toiseen, sill\u00e4 jokainen kappale on k\u00e4sintehty. <\/li>\n<li>Rautarunko: Bistrop\u00f6yd\u00e4n rautarunko takaa sen tukevuuden ja vakauden.<\/li>\n<li>Tukeva p\u00f6yt\u00e4levy: Sohvap\u00f6yd\u00e4n tukeva puinen p\u00f6yt\u00e4levy on t\u00e4ydellinen juomien, ruoan ja koriste-esineiden sijoittamiseen.<\/li>\n<\/ul>\n<ul>\n<li>Materiaali: T\u00e4ysi kierr\u00e4tetty puu eri v\u00e4rej\u00e4 sis\u00e4lt\u00e4v\u00e4ll\u00e4 viimeistelyll\u00e4, rauta<\/li>\n<li>Mitat: 55 x 55 x 107 cm (L x S x K)<\/li>\n<li>Asennus vaaditaan: Kyll\u00e4<\/li>\n<\/ul>\n","protected":false},"excerpt":{"rendered":"<ul>\n<li>Materiaali: T\u00e4ysi kierr\u00e4tetty puu eri v\u00e4rej\u00e4 sis\u00e4lt\u00e4v\u00e4ll\u00e4 viimeistelyll\u00e4, rauta<\/li>\n<li>Mitat: 55 x 55 x 107 cm (L x S x K)<\/li>\n<li>Asennus vaaditaan: Kyll\u00e4<\/li>\n<\/ul>\n","protected":false},"featured_media":10000095973,"comment_status":"closed","ping_status":"closed","template":"","meta":[],"product_brand":[],"product_cat":[84,8543],"product_tag":[],"class_list":{"0":"post-95973","1":"product","2":"type-product","3":"status-publish","4":"has-post-thumbnail","6":"product_cat-huonekalut","7":"product_cat-keittion-ruokapoydat","9":"first","10":"instock","11":"taxable","12":"shipping-taxable","13":"purchasable","14":"product-type-simple"},"_links":{"self":[{"href":"https:\/\/www.otiumhome.fi\/index.php\/wp-json\/wp\/v2\/product\/95973","targetHints":{"allow":["GET"]}}],"collection":[{"href":"https:\/\/www.otiumhome.fi\/index.php\/wp-json\/wp\/v2\/product"}],"about":[{"href":"https:\/\/www.otiumhome.fi\/index.php\/wp-json\/wp\/v2\/types\/product"}],"replies":[{"embeddable":true,"href":"https:\/\/www.otiumhome.fi\/index.php\/wp-json\/wp\/v2\/comments?post=95973"}],"wp:featuredmedia":[{"embeddable":true,"href":"https:\/\/www.otiumhome.fi\/index.php\/wp-json\/"}],"wp:attachment":[{"href":"https:\/\/www.otiumhome.fi\/index.php\/wp-json\/wp\/v2\/media?parent=95973"}],"wp:term":[{"taxonomy":"product_brand","embeddable":true,"href":"https:\/\/www.otiumhome.fi\/index.php\/wp-json\/wp\/v2\/product_brand?post=95973"},{"taxonomy":"product_cat","embeddable":true,"href":"https:\/\/www.otiumhome.fi\/index.php\/wp-json\/wp\/v2\/product_cat?post=95973"},{"taxonomy":"product_tag","embeddable":true,"href":"https:\/\/www.otiumhome.fi\/index.php\/wp-json\/wp\/v2\/product_tag?post=95973"}],"curies":[{"name":"wp","href":"https:\/\/api.w.org\/{rel}","templated":true}]}}