{"id":95963,"date":"2024-12-15T08:45:55","date_gmt":"2024-12-15T08:45:55","guid":{"rendered":"https:\/\/www.otiumhome.fi\/?p=95963"},"modified":"2025-06-06T15:36:36","modified_gmt":"2025-06-06T15:36:36","slug":"ruokapoyta-160x80x76-cm-taysi-kierratetty-puu","status":"publish","type":"product","link":"https:\/\/www.otiumhome.fi\/index.php\/tuote\/ruokapoyta-160x80x76-cm-taysi-kierratetty-puu\/","title":{"rendered":"Ruokap\u00f6yt\u00e4 160x80x76 cm t\u00e4ysi kierr\u00e4tetty puu"},"content":{"rendered":"<p>Elegantti ruokap\u00f6yt\u00e4 on ainutlaatuinen lis\u00e4 keitti\u00f6\u00f6si tai ruokailuhuoneeseesi.<\/p>\n<\/p>\n<p>Ruokap\u00f6yt\u00e4 on tehty t\u00e4ydest\u00e4 kierr\u00e4tyspuusta, joka on per\u00e4isin vanhojen purettujen talojen palkeista, lattioista ja tukirakenteista, ja se voi olla montaa eri puulajia, kuten m\u00e4nty\u00e4, tiikki\u00e4, py\u00f6kki\u00e4, tammea, seetripuuta, mangopuuta, akaasiata jne. T\u00e4m\u00e4 tarkoittaa sit\u00e4, ett\u00e4 uusiok\u00e4ytetty puu s\u00e4ilytt\u00e4\u00e4 eri puiden ominaisuudet. Uusiok\u00e4ytetty puu ei kutistu tai taivu, koska puu on jo ik\u00e4\u00e4ntynyt, kuivunut ja ollut s\u00e4\u00e4lle altis. Kulumisen merkit ja puunsyyt tekev\u00e4t kaapista omanlaisensa ja kertovat puun historiasta. Taidokas k\u00e4sity\u00f6n j\u00e4lki tuo oman lis\u00e4ns\u00e4 p\u00f6yd\u00e4n upealle retrotyylille. Jokainen ty\u00f6vaihe on tehty erityisen huolellisesti, oli kyseess\u00e4 sitten kiillotus tai lakkaus. Ruokap\u00f6yt\u00e4 on helppo koota. <\/p>\n<\/p>\n<p>T\u00e4rke\u00e4 huomio: uusiok\u00e4ytetyss\u00e4 puussa n\u00e4kyy sen luonnollinen pintakuviointi, mik\u00e4 tekee jokaisesta ruokap\u00f6yd\u00e4st\u00e4 ainutlaatuisen ja hieman erilaisen kuin muut. On satunnaista, mink\u00e4lainen kuviointi toimitettavassa p\u00f6yd\u00e4ss\u00e4 on.<\/p>\n<ul>\n<li>Materiaali: t\u00e4ysi kierr\u00e4tetty puu<\/li>\n<li>Mitat: 160 x 80 x 76 cm (P x L x K)<\/li>\n<li>Viimeistely: hiottu, maalattu ja lakattu<\/li>\n<li>Asennus vaaditaan: kyll\u00e4<\/li>\n<\/ul>\n","protected":false},"excerpt":{"rendered":"<ul>\n<li>Materiaali: t\u00e4ysi kierr\u00e4tetty puu<\/li>\n<li>Mitat: 160 x 80 x 76 cm (P x L x K)<\/li>\n<li>Viimeistely: hiottu, maalattu ja lakattu<\/li>\n<li>Asennus vaaditaan: kyll\u00e4<\/li>\n<\/ul>\n","protected":false},"featured_media":10000095963,"comment_status":"closed","ping_status":"closed","template":"","meta":[],"product_brand":[],"product_cat":[84,8543],"product_tag":[],"class_list":{"0":"post-95963","1":"product","2":"type-product","3":"status-publish","4":"has-post-thumbnail","6":"product_cat-huonekalut","7":"product_cat-keittion-ruokapoydat","9":"first","10":"instock","11":"taxable","12":"shipping-taxable","13":"purchasable","14":"product-type-simple"},"_links":{"self":[{"href":"https:\/\/www.otiumhome.fi\/index.php\/wp-json\/wp\/v2\/product\/95963","targetHints":{"allow":["GET"]}}],"collection":[{"href":"https:\/\/www.otiumhome.fi\/index.php\/wp-json\/wp\/v2\/product"}],"about":[{"href":"https:\/\/www.otiumhome.fi\/index.php\/wp-json\/wp\/v2\/types\/product"}],"replies":[{"embeddable":true,"href":"https:\/\/www.otiumhome.fi\/index.php\/wp-json\/wp\/v2\/comments?post=95963"}],"wp:featuredmedia":[{"embeddable":true,"href":"https:\/\/www.otiumhome.fi\/index.php\/wp-json\/"}],"wp:attachment":[{"href":"https:\/\/www.otiumhome.fi\/index.php\/wp-json\/wp\/v2\/media?parent=95963"}],"wp:term":[{"taxonomy":"product_brand","embeddable":true,"href":"https:\/\/www.otiumhome.fi\/index.php\/wp-json\/wp\/v2\/product_brand?post=95963"},{"taxonomy":"product_cat","embeddable":true,"href":"https:\/\/www.otiumhome.fi\/index.php\/wp-json\/wp\/v2\/product_cat?post=95963"},{"taxonomy":"product_tag","embeddable":true,"href":"https:\/\/www.otiumhome.fi\/index.php\/wp-json\/wp\/v2\/product_tag?post=95963"}],"curies":[{"name":"wp","href":"https:\/\/api.w.org\/{rel}","templated":true}]}}