{"id":95961,"date":"2024-12-15T08:45:55","date_gmt":"2024-12-15T08:45:55","guid":{"rendered":"https:\/\/www.otiumhome.fi\/?p=95961"},"modified":"2025-06-06T15:36:34","modified_gmt":"2025-06-06T15:36:34","slug":"ruokapoyta-120x60x76-cm-taysi-mangopuu","status":"publish","type":"product","link":"https:\/\/www.otiumhome.fi\/index.php\/tuote\/ruokapoyta-120x60x76-cm-taysi-mangopuu\/","title":{"rendered":"Ruokap\u00f6yt\u00e4 120x60x76 cm t\u00e4ysi mangopuu"},"content":{"rendered":"<p>Tuo retrotyyli\u00e4 ja eleganttia vieh\u00e4tysvoimaa keitti\u00f6\u00f6si tai ruokailuhuoneeseesi t\u00e4ll\u00e4 puisella ruokap\u00f6yd\u00e4ll\u00e4!<\/p>\n<\/p>\n<ul>\n<li>T\u00e4ysi mangopuu: T\u00e4ysi mangopuu on luja trooppinen lehtipuu, josta valmistetaan tukevia kalusteita. Kauniit puunsyyt tekev\u00e4t jokaisesta kalusteesta hieman erilaisen kuin seuraavasta. T\u00e4ydest\u00e4 mangopuusta valmistettu ruokap\u00f6yt\u00e4 on kest\u00e4v\u00e4 ja vakaa.<\/li>\n<li>Tukeva p\u00f6yt\u00e4levy: Tukeva p\u00f6yt\u00e4levy sopii erinomaisesti v\u00e4lipalojen, juomien, maljakoiden, hedelm\u00e4korien ja muiden koriste-esineiden sijoittamiseen.<\/li>\n<li>Helppo puhdistaa: T\u00e4m\u00e4 keitti\u00f6n p\u00f6yt\u00e4 on helppo puhdistaa kostealla liinalla.<\/li>\n<\/ul>\n<p>Hyv\u00e4 tiet\u00e4\u00e4:<\/p>\n<ul>\n<li>Jokainen kappale on ainutlaatuisen eroavilla v\u00e4reill\u00e4 ja puunsyill\u00e4. Toimitus on sattumanvarainen, t\u00e4m\u00e4 takaa tuotteesi erityisyyden ja ainutlaatuisuuden.<\/li>\n<\/ul>\n<ul>\n<li>Jalkojen v\u00e4ri: musta<\/li>\n<li>Materiaali: luonnollisesti viimeistelty mangopuu<\/li>\n<li>Mitat: 120 x 60 x 76 cm (L x S x K)<\/li>\n<li>P\u00f6yt\u00e4levyn paksuus: 10 cm<\/li>\n<li>Jalan paksuus: 8 cm<\/li>\n<li>Asennus vaaditaan: Kyll\u00e4<\/li>\n<\/ul>\n","protected":false},"excerpt":{"rendered":"<ul>\n<li>Jalkojen v\u00e4ri: musta<\/li>\n<li>Materiaali: luonnollisesti viimeistelty mangopuu<\/li>\n<li>Mitat: 120 x 60 x 76 cm (L x S x K)<\/li>\n<li>P\u00f6yt\u00e4levyn paksuus: 10 cm<\/li>\n<li>Jalan paksuus: 8 cm<\/li>\n<li>Asennus vaaditaan: Kyll\u00e4<\/li>\n<\/ul>\n","protected":false},"featured_media":10000095961,"comment_status":"closed","ping_status":"closed","template":"","meta":[],"product_brand":[],"product_cat":[84,8543],"product_tag":[],"class_list":{"0":"post-95961","1":"product","2":"type-product","3":"status-publish","4":"has-post-thumbnail","6":"product_cat-huonekalut","7":"product_cat-keittion-ruokapoydat","9":"first","10":"instock","11":"taxable","12":"shipping-taxable","13":"purchasable","14":"product-type-simple"},"_links":{"self":[{"href":"https:\/\/www.otiumhome.fi\/index.php\/wp-json\/wp\/v2\/product\/95961","targetHints":{"allow":["GET"]}}],"collection":[{"href":"https:\/\/www.otiumhome.fi\/index.php\/wp-json\/wp\/v2\/product"}],"about":[{"href":"https:\/\/www.otiumhome.fi\/index.php\/wp-json\/wp\/v2\/types\/product"}],"replies":[{"embeddable":true,"href":"https:\/\/www.otiumhome.fi\/index.php\/wp-json\/wp\/v2\/comments?post=95961"}],"wp:featuredmedia":[{"embeddable":true,"href":"https:\/\/www.otiumhome.fi\/index.php\/wp-json\/"}],"wp:attachment":[{"href":"https:\/\/www.otiumhome.fi\/index.php\/wp-json\/wp\/v2\/media?parent=95961"}],"wp:term":[{"taxonomy":"product_brand","embeddable":true,"href":"https:\/\/www.otiumhome.fi\/index.php\/wp-json\/wp\/v2\/product_brand?post=95961"},{"taxonomy":"product_cat","embeddable":true,"href":"https:\/\/www.otiumhome.fi\/index.php\/wp-json\/wp\/v2\/product_cat?post=95961"},{"taxonomy":"product_tag","embeddable":true,"href":"https:\/\/www.otiumhome.fi\/index.php\/wp-json\/wp\/v2\/product_tag?post=95961"}],"curies":[{"name":"wp","href":"https:\/\/api.w.org\/{rel}","templated":true}]}}