{"id":95952,"date":"2024-12-15T08:45:55","date_gmt":"2024-12-15T08:45:55","guid":{"rendered":"https:\/\/www.otiumhome.fi\/?p=95952"},"modified":"2025-06-06T15:36:34","modified_gmt":"2025-06-06T15:36:34","slug":"ruokapoyta-200x90x75-cm-taysi-akasiapuu","status":"publish","type":"product","link":"https:\/\/www.otiumhome.fi\/index.php\/tuote\/ruokapoyta-200x90x75-cm-taysi-akasiapuu\/","title":{"rendered":"Ruokap\u00f6yt\u00e4 200x90x75 cm t\u00e4ysi akasiapuu"},"content":{"rendered":"<p>T\u00e4ss\u00e4 ruokap\u00f6yd\u00e4ss\u00e4 on akasiapuinen p\u00f6yt\u00e4levy ja tukevat metallijalat, joten se on upea lis\u00e4 ruokailutilaan tai keitti\u00f6\u00f6n.<\/p>\n<\/p>\n<ul>\n<li>T\u00e4ysi akasiapuu: P\u00f6yt\u00e4levy on valmistettu t\u00e4ydest\u00e4 akasiapuusta, joka on kaunis luonnollinen materiaali. Akasiapuu on tihe\u00e4, tukeva ja kest\u00e4v\u00e4 trooppinen lehtipuu.<\/li>\n<li>Vakaa runko: Jauhemaalatusta ter\u00e4ksest\u00e4 valmistetut jalat lis\u00e4\u00e4v\u00e4t sisustukseesi teollista tyyli\u00e4 ja takaavat p\u00f6yd\u00e4n vakauden.<\/li>\n<li>K\u00e4yt\u00e4nn\u00f6llinen p\u00f6yt\u00e4levy: Keitti\u00f6n p\u00f6yd\u00e4n tukeva p\u00f6yt\u00e4levy on t\u00e4ydellinen juomien, ruoan ja koriste-esineiden sijoittamiseen.<\/li>\n<\/ul>\n<ul>\n<li>Materiaali: T\u00e4ysi akasiapuu harjatulla viimeistelyll\u00e4, jauhemaalattu ter\u00e4s<\/li>\n<li>Mitat: 200 x 90 x 75 cm (P x L x K)<\/li>\n<li>P\u00f6yt\u00e4levyn paksuus: 3 cm<\/li>\n<li>Asennus vaaditaan: kyll\u00e4<\/li>\n<\/ul>\n","protected":false},"excerpt":{"rendered":"<ul>\n<li>Materiaali: T\u00e4ysi akasiapuu harjatulla viimeistelyll\u00e4, jauhemaalattu ter\u00e4s<\/li>\n<li>Mitat: 200 x 90 x 75 cm (P x L x K)<\/li>\n<li>P\u00f6yt\u00e4levyn paksuus: 3 cm<\/li>\n<li>Asennus vaaditaan: kyll\u00e4<\/li>\n<\/ul>\n","protected":false},"featured_media":10000095952,"comment_status":"closed","ping_status":"closed","template":"","meta":[],"product_brand":[],"product_cat":[84,8543],"product_tag":[],"class_list":{"0":"post-95952","1":"product","2":"type-product","3":"status-publish","4":"has-post-thumbnail","6":"product_cat-huonekalut","7":"product_cat-keittion-ruokapoydat","9":"first","10":"instock","11":"taxable","12":"shipping-taxable","13":"purchasable","14":"product-type-simple"},"_links":{"self":[{"href":"https:\/\/www.otiumhome.fi\/index.php\/wp-json\/wp\/v2\/product\/95952","targetHints":{"allow":["GET"]}}],"collection":[{"href":"https:\/\/www.otiumhome.fi\/index.php\/wp-json\/wp\/v2\/product"}],"about":[{"href":"https:\/\/www.otiumhome.fi\/index.php\/wp-json\/wp\/v2\/types\/product"}],"replies":[{"embeddable":true,"href":"https:\/\/www.otiumhome.fi\/index.php\/wp-json\/wp\/v2\/comments?post=95952"}],"wp:featuredmedia":[{"embeddable":true,"href":"https:\/\/www.otiumhome.fi\/index.php\/wp-json\/"}],"wp:attachment":[{"href":"https:\/\/www.otiumhome.fi\/index.php\/wp-json\/wp\/v2\/media?parent=95952"}],"wp:term":[{"taxonomy":"product_brand","embeddable":true,"href":"https:\/\/www.otiumhome.fi\/index.php\/wp-json\/wp\/v2\/product_brand?post=95952"},{"taxonomy":"product_cat","embeddable":true,"href":"https:\/\/www.otiumhome.fi\/index.php\/wp-json\/wp\/v2\/product_cat?post=95952"},{"taxonomy":"product_tag","embeddable":true,"href":"https:\/\/www.otiumhome.fi\/index.php\/wp-json\/wp\/v2\/product_tag?post=95952"}],"curies":[{"name":"wp","href":"https:\/\/api.w.org\/{rel}","templated":true}]}}