{"id":95931,"date":"2024-12-15T08:45:53","date_gmt":"2024-12-15T08:45:53","guid":{"rendered":"https:\/\/www.otiumhome.fi\/?p=95931"},"modified":"2025-06-21T19:28:31","modified_gmt":"2025-06-21T19:28:31","slug":"ulkobaaripoyta-hirsityyli-o53x105-taysi-akasiapuu","status":"publish","type":"product","link":"https:\/\/www.otiumhome.fi\/index.php\/tuote\/ulkobaaripoyta-hirsityyli-o53x105-taysi-akasiapuu\/","title":{"rendered":"Ulkobaarip\u00f6yt\u00e4 hirsityyli \u00d853&#215;105 t\u00e4ysi akasiapuu"},"content":{"rendered":"<p>Kutsu yst\u00e4v\u00e4si tai perheesi nauttimaan kuplivaa juotavaa tai iltap\u00e4iv\u00e4teet\u00e4 t\u00e4m\u00e4n hirsipuup\u00f6yd\u00e4n ymp\u00e4rille.<\/p>\n<\/p>\n<ul>\n<li>T\u00e4ysi akasiapuinen p\u00f6yt\u00e4levy: P\u00f6yt\u00e4levy on valmistettu t\u00e4ydest\u00e4 akasiapuusta. T\u00e4ysi akasiapuu on kaunis luonnollinen materiaali. Akasiapuu on trooppinen lehtipuu, joka on tihe\u00e4\u00e4, tukevaa ja kest\u00e4v\u00e4\u00e4.<\/li>\n<li>Rautajalat: Rautajalat lis\u00e4\u00e4v\u00e4t sisustukseesi teollista tyyli\u00e4 ja takaavat samalla vakauden.<\/li>\n<li>Ajaton muotoilu: P\u00f6yt\u00e4levy on k\u00e4sitelty erottuvalla tyylill\u00e4, jotta puun syyt pysyv\u00e4t n\u00e4kyviss\u00e4. Luonnolliset halkeamat ja rungon muoto luovat tiloihisi maalaismaista charmia. P\u00f6yd\u00e4n alla oleva avoin mahdollistaa jalkojen vapaan venyttelyn.<\/li>\n<\/ul>\n<p>Hyv\u00e4 tiet\u00e4\u00e4:<\/p>\n<ul>\n<li>V\u00e4rit ja puunsyyt vaihtelevat kappaleittain, mik\u00e4 tekee jokaisesta kappaleesta ainutlaatuisen. Toimitus on sattumanvarainen, t\u00e4m\u00e4 takaa tuotteesi erityisyyden ja ainutlaatuisuuden.<\/li>\n<\/ul>\n<ul>\n<li>Materiaali: Hunajav\u00e4rj\u00e4tty t\u00e4ysi akasiapuu, rauta<\/li>\n<li>Mitat: \u00d8 53 x 105 cm (Halkaisija x K)<\/li>\n<li>P\u00f6yt\u00e4levyn paksuus: 5 cm<\/li>\n<li>Asennus vaaditaan: kyll\u00e4<\/li>\n<\/ul>\n<p> Enint\u00e4\u00e4n 110 kg per istuin.<\/p>\n","protected":false},"excerpt":{"rendered":"<ul>\n<li>Materiaali: Hunajav\u00e4rj\u00e4tty t\u00e4ysi akasiapuu, rauta<\/li>\n<li>Mitat: \u00d8 53 x 105 cm (Halkaisija x K)<\/li>\n<li>P\u00f6yt\u00e4levyn paksuus: 5 cm<\/li>\n<li>Asennus vaaditaan: kyll\u00e4<\/li>\n<\/ul>\n","protected":false},"featured_media":10000095931,"comment_status":"closed","ping_status":"closed","template":"","meta":[],"product_brand":[],"product_cat":[84,8543],"product_tag":[],"class_list":{"0":"post-95931","1":"product","2":"type-product","3":"status-publish","4":"has-post-thumbnail","6":"product_cat-huonekalut","7":"product_cat-keittion-ruokapoydat","9":"first","10":"outofstock","11":"taxable","12":"shipping-taxable","13":"purchasable","14":"product-type-simple"},"_links":{"self":[{"href":"https:\/\/www.otiumhome.fi\/index.php\/wp-json\/wp\/v2\/product\/95931","targetHints":{"allow":["GET"]}}],"collection":[{"href":"https:\/\/www.otiumhome.fi\/index.php\/wp-json\/wp\/v2\/product"}],"about":[{"href":"https:\/\/www.otiumhome.fi\/index.php\/wp-json\/wp\/v2\/types\/product"}],"replies":[{"embeddable":true,"href":"https:\/\/www.otiumhome.fi\/index.php\/wp-json\/wp\/v2\/comments?post=95931"}],"wp:featuredmedia":[{"embeddable":true,"href":"https:\/\/www.otiumhome.fi\/index.php\/wp-json\/"}],"wp:attachment":[{"href":"https:\/\/www.otiumhome.fi\/index.php\/wp-json\/wp\/v2\/media?parent=95931"}],"wp:term":[{"taxonomy":"product_brand","embeddable":true,"href":"https:\/\/www.otiumhome.fi\/index.php\/wp-json\/wp\/v2\/product_brand?post=95931"},{"taxonomy":"product_cat","embeddable":true,"href":"https:\/\/www.otiumhome.fi\/index.php\/wp-json\/wp\/v2\/product_cat?post=95931"},{"taxonomy":"product_tag","embeddable":true,"href":"https:\/\/www.otiumhome.fi\/index.php\/wp-json\/wp\/v2\/product_tag?post=95931"}],"curies":[{"name":"wp","href":"https:\/\/api.w.org\/{rel}","templated":true}]}}