{"id":95871,"date":"2024-12-15T08:45:49","date_gmt":"2024-12-15T08:45:49","guid":{"rendered":"https:\/\/www.otiumhome.fi\/?p=95871"},"modified":"2025-06-06T15:36:31","modified_gmt":"2025-06-06T15:36:31","slug":"baaripoyta-taysi-akaasiapuu-hunajaviimeistelylla-110x55x106-cm","status":"publish","type":"product","link":"https:\/\/www.otiumhome.fi\/index.php\/tuote\/baaripoyta-taysi-akaasiapuu-hunajaviimeistelylla-110x55x106-cm\/","title":{"rendered":"Baarip\u00f6yt\u00e4 t\u00e4ysi akaasiapuu hunajaviimeistelyll\u00e4 110x55x106 cm"},"content":{"rendered":"<p>Klassinen puinen baarip\u00f6yt\u00e4 huokuu vintage vieh\u00e4tysvoimaa ja on huomiota her\u00e4tt\u00e4v\u00e4 lis\u00e4 kotisi sisustukseen.<\/p>\n<\/p>\n<p>P\u00f6yt\u00e4 on valmistettu t\u00e4ydest\u00e4 akaasiapuusta, jossa on hunajaviimeistely, se on eritt\u00e4in tukeva ja kest\u00e4v\u00e4. Akaasiapuu on kova lehtipuu, joka kest\u00e4\u00e4 vuosien ajan. Prosessin jokainen vaihe suoritetaan eritt\u00e4in huolellisesti, olipa kyse kiillotuksesta, maalauksesta ja lakkauksesta<\/p>\n<\/p>\n<p><strong>T\u00e4rke\u00e4 huomio<\/strong>: Pintakuviot ja v\u00e4rit saattava vaihdella kappaleesta toiseen, mik\u00e4 tekee jokaisesta ruokap\u00f6yd\u00e4st\u00e4 ainutlaatuisen. Toimitus on my\u00f6s sattumanvarainen.<\/p>\n<ul>\n<li>Materiaali: t\u00e4ysi akaasiapuu hunajaviimeistelyll\u00e4<\/li>\n<li>Mitat: 110 x 55 x 106 cm (P x L x K)<\/li>\n<li>Hiottu, maalattu ja lakattu<\/li>\n<li>Asennus vaaditaan: kyll\u00e4<\/li>\n<\/ul>\n","protected":false},"excerpt":{"rendered":"<ul>\n<li>Materiaali: t\u00e4ysi akaasiapuu hunajaviimeistelyll\u00e4<\/li>\n<li>Mitat: 110 x 55 x 106 cm (P x L x K)<\/li>\n<li>Hiottu, maalattu ja lakattu<\/li>\n<li>Asennus vaaditaan: kyll\u00e4<\/li>\n<\/ul>\n","protected":false},"featured_media":10000095871,"comment_status":"closed","ping_status":"closed","template":"","meta":[],"product_brand":[],"product_cat":[84,8543],"product_tag":[],"class_list":{"0":"post-95871","1":"product","2":"type-product","3":"status-publish","4":"has-post-thumbnail","6":"product_cat-huonekalut","7":"product_cat-keittion-ruokapoydat","9":"first","10":"instock","11":"taxable","12":"shipping-taxable","13":"purchasable","14":"product-type-simple"},"_links":{"self":[{"href":"https:\/\/www.otiumhome.fi\/index.php\/wp-json\/wp\/v2\/product\/95871","targetHints":{"allow":["GET"]}}],"collection":[{"href":"https:\/\/www.otiumhome.fi\/index.php\/wp-json\/wp\/v2\/product"}],"about":[{"href":"https:\/\/www.otiumhome.fi\/index.php\/wp-json\/wp\/v2\/types\/product"}],"replies":[{"embeddable":true,"href":"https:\/\/www.otiumhome.fi\/index.php\/wp-json\/wp\/v2\/comments?post=95871"}],"wp:featuredmedia":[{"embeddable":true,"href":"https:\/\/www.otiumhome.fi\/index.php\/wp-json\/"}],"wp:attachment":[{"href":"https:\/\/www.otiumhome.fi\/index.php\/wp-json\/wp\/v2\/media?parent=95871"}],"wp:term":[{"taxonomy":"product_brand","embeddable":true,"href":"https:\/\/www.otiumhome.fi\/index.php\/wp-json\/wp\/v2\/product_brand?post=95871"},{"taxonomy":"product_cat","embeddable":true,"href":"https:\/\/www.otiumhome.fi\/index.php\/wp-json\/wp\/v2\/product_cat?post=95871"},{"taxonomy":"product_tag","embeddable":true,"href":"https:\/\/www.otiumhome.fi\/index.php\/wp-json\/wp\/v2\/product_tag?post=95871"}],"curies":[{"name":"wp","href":"https:\/\/api.w.org\/{rel}","templated":true}]}}