{"id":95870,"date":"2024-12-15T08:45:49","date_gmt":"2024-12-15T08:45:49","guid":{"rendered":"https:\/\/www.otiumhome.fi\/?p=95870"},"modified":"2024-12-17T06:51:29","modified_gmt":"2024-12-17T06:51:29","slug":"ruokapoyta-180x90x76-cm-taysi-seesampuu","status":"publish","type":"product","link":"https:\/\/www.otiumhome.fi\/index.php\/tuote\/ruokapoyta-180x90x76-cm-taysi-seesampuu\/","title":{"rendered":"Ruokap\u00f6yt\u00e4 180x90x76 cm t\u00e4ysi seesampuu"},"content":{"rendered":"<p>Tyylikk\u00e4\u00e4n ruokap\u00f6yd\u00e4n muotoilu on teollistyylinen ja se on taatusti ajaton lis\u00e4 keitti\u00f6si tai ruokailutilasi sisustukseen!<\/p>\n<\/p>\n<p>T\u00e4ydest\u00e4 seesampuusta valmistettu p\u00f6yt\u00e4 on vakaa ja kest\u00e4v\u00e4, ja se luo sisustukseesi ripauksen rustiikkista vieh\u00e4tysvoimaa. Seesampuu on t\u00e4ytel\u00e4isist\u00e4 pintakuvioistaan tunnettu trooppinen kovapuu, josta k\u00e4ytet\u00e4\u00e4n my\u00f6s nimityksi\u00e4 ruusupuu tai palisanteri. Vakaa ter\u00e4srunko tekee p\u00f6yd\u00e4st\u00e4 entist\u00e4 vakaamman ja korostaa samalla sen teollista tyyli\u00e4. Jokainen ty\u00f6vaihe hiomisesta maalaukseen ja lakkaukseen on suoritettu eritt\u00e4in huolellisesti. Ruokap\u00f6yt\u00e4 on helppo koota.<\/p>\n<\/p>\n<p>T\u00e4rke\u00e4 huomio: V\u00e4rit ja pintakuviot saattavat vaihdella kappaleesta toiseen tehden jokaisesta kappaleesta ainutlaatuisen ja hieman erilaisen kuin muut; toimitus on satunnainen.<\/p>\n<ul>\n<li>Materiaali: t\u00e4ysi seesampuu + jauhemaalattu ter\u00e4s<\/li>\n<li>Mitat: 180 x 90 x 76 cm (P x L x K)<\/li>\n<li>Hiottu, maalattu ja lakattu<\/li>\n<li>Asennus vaaditaan: kyll\u00e4<\/li>\n<\/ul>\n","protected":false},"excerpt":{"rendered":"<ul>\n<li>Materiaali: t\u00e4ysi seesampuu + jauhemaalattu ter\u00e4s<\/li>\n<li>Mitat: 180 x 90 x 76 cm (P x L x K)<\/li>\n<li>Hiottu, maalattu ja lakattu<\/li>\n<li>Asennus vaaditaan: kyll\u00e4<\/li>\n<\/ul>\n","protected":false},"featured_media":10000095870,"comment_status":"closed","ping_status":"closed","template":"","meta":[],"product_brand":[],"product_cat":[84,8543],"product_tag":[],"class_list":{"0":"post-95870","1":"product","2":"type-product","3":"status-publish","4":"has-post-thumbnail","6":"product_cat-huonekalut","7":"product_cat-keittion-ruokapoydat","9":"first","10":"outofstock","11":"taxable","12":"shipping-taxable","13":"purchasable","14":"product-type-simple"},"_links":{"self":[{"href":"https:\/\/www.otiumhome.fi\/index.php\/wp-json\/wp\/v2\/product\/95870","targetHints":{"allow":["GET"]}}],"collection":[{"href":"https:\/\/www.otiumhome.fi\/index.php\/wp-json\/wp\/v2\/product"}],"about":[{"href":"https:\/\/www.otiumhome.fi\/index.php\/wp-json\/wp\/v2\/types\/product"}],"replies":[{"embeddable":true,"href":"https:\/\/www.otiumhome.fi\/index.php\/wp-json\/wp\/v2\/comments?post=95870"}],"wp:featuredmedia":[{"embeddable":true,"href":"https:\/\/www.otiumhome.fi\/index.php\/wp-json\/"}],"wp:attachment":[{"href":"https:\/\/www.otiumhome.fi\/index.php\/wp-json\/wp\/v2\/media?parent=95870"}],"wp:term":[{"taxonomy":"product_brand","embeddable":true,"href":"https:\/\/www.otiumhome.fi\/index.php\/wp-json\/wp\/v2\/product_brand?post=95870"},{"taxonomy":"product_cat","embeddable":true,"href":"https:\/\/www.otiumhome.fi\/index.php\/wp-json\/wp\/v2\/product_cat?post=95870"},{"taxonomy":"product_tag","embeddable":true,"href":"https:\/\/www.otiumhome.fi\/index.php\/wp-json\/wp\/v2\/product_tag?post=95870"}],"curies":[{"name":"wp","href":"https:\/\/api.w.org\/{rel}","templated":true}]}}