{"id":95868,"date":"2024-12-15T08:45:49","date_gmt":"2024-12-15T08:45:49","guid":{"rendered":"https:\/\/www.otiumhome.fi\/?p=95868"},"modified":"2025-06-11T16:02:05","modified_gmt":"2025-06-11T16:02:05","slug":"ruokapoyta-82x80x76-cm-kierratetty-tayspuu","status":"publish","type":"product","link":"https:\/\/www.otiumhome.fi\/index.php\/tuote\/ruokapoyta-82x80x76-cm-kierratetty-tayspuu\/","title":{"rendered":"Ruokap\u00f6yt\u00e4 82x80x76 cm kierr\u00e4tetty t\u00e4yspuu"},"content":{"rendered":"<p>T\u00e4m\u00e4 puinen ruokap\u00f6yt\u00e4 lis\u00e4\u00e4 hitusen maalaischarmia ruokasaliisi tai keitti\u00f6\u00f6si.  <\/p>\n<\/p>\n<p>Ruokap\u00f6yt\u00e4 on k\u00e4sintehty kierr\u00e4tetyst\u00e4 t\u00e4yspuusta. Se sis\u00e4lt\u00e4\u00e4 sekoituksen eri puulajeja, kuten tiikki\u00e4, mangopuuta, m\u00e4nty\u00e4, py\u00f6kki\u00e4, jne. N\u00e4m\u00e4 puut on ker\u00e4tty vanhoista rakennuksista, tehtaista, vajoista ja veneist\u00e4. T\u00e4m\u00e4 tapa on erinomainen ymp\u00e4rist\u00f6yst\u00e4v\u00e4llinen vaihtoehto huonekalujen valmistamiseen. Jokainen kappale on k\u00e4sintehty ja v\u00e4rit vaihtelevat sinisen, vihre\u00e4n, kerman ja joskus oranssin, punaisen ja pinkin v\u00e4lill\u00e4. Jokainen tuote on siis ainutlaatuinen!  <\/p>\n<\/p>\n<p>T\u00e4rke\u00e4 huomio: V\u00e4rit ja puunsyyt voivat vaihdella kappaleittain, mik\u00e4 tekee jokaisesta huonekalusta ainutlaatuisen. Toimitus on sattumanvarainen.<\/p>\n<ul>\n<li>Materiaali: kierr\u00e4tetty t\u00e4yspuu<\/li>\n<li>Mitat: 82 x 80 x 76 cm (P x L x K)<\/li>\n<li>Asennus vaaditaan: kyll\u00e4<\/li>\n<\/ul>\n","protected":false},"excerpt":{"rendered":"<ul>\n<li>Materiaali: kierr\u00e4tetty t\u00e4yspuu<\/li>\n<li>Mitat: 82 x 80 x 76 cm (P x L x K)<\/li>\n<li>Asennus vaaditaan: kyll\u00e4<\/li>\n<\/ul>\n","protected":false},"featured_media":10000095868,"comment_status":"closed","ping_status":"closed","template":"","meta":[],"product_brand":[],"product_cat":[84,8543],"product_tag":[],"class_list":{"0":"post-95868","1":"product","2":"type-product","3":"status-publish","4":"has-post-thumbnail","6":"product_cat-huonekalut","7":"product_cat-keittion-ruokapoydat","9":"first","10":"instock","11":"taxable","12":"shipping-taxable","13":"purchasable","14":"product-type-simple"},"_links":{"self":[{"href":"https:\/\/www.otiumhome.fi\/index.php\/wp-json\/wp\/v2\/product\/95868","targetHints":{"allow":["GET"]}}],"collection":[{"href":"https:\/\/www.otiumhome.fi\/index.php\/wp-json\/wp\/v2\/product"}],"about":[{"href":"https:\/\/www.otiumhome.fi\/index.php\/wp-json\/wp\/v2\/types\/product"}],"replies":[{"embeddable":true,"href":"https:\/\/www.otiumhome.fi\/index.php\/wp-json\/wp\/v2\/comments?post=95868"}],"wp:featuredmedia":[{"embeddable":true,"href":"https:\/\/www.otiumhome.fi\/index.php\/wp-json\/"}],"wp:attachment":[{"href":"https:\/\/www.otiumhome.fi\/index.php\/wp-json\/wp\/v2\/media?parent=95868"}],"wp:term":[{"taxonomy":"product_brand","embeddable":true,"href":"https:\/\/www.otiumhome.fi\/index.php\/wp-json\/wp\/v2\/product_brand?post=95868"},{"taxonomy":"product_cat","embeddable":true,"href":"https:\/\/www.otiumhome.fi\/index.php\/wp-json\/wp\/v2\/product_cat?post=95868"},{"taxonomy":"product_tag","embeddable":true,"href":"https:\/\/www.otiumhome.fi\/index.php\/wp-json\/wp\/v2\/product_tag?post=95868"}],"curies":[{"name":"wp","href":"https:\/\/api.w.org\/{rel}","templated":true}]}}