{"id":95861,"date":"2024-12-15T08:45:48","date_gmt":"2024-12-15T08:45:48","guid":{"rendered":"https:\/\/www.otiumhome.fi\/?p=95861"},"modified":"2025-11-29T03:55:39","modified_gmt":"2025-11-29T03:55:39","slug":"baaripoyta-140x70x110-cm-taysi-mangopuu","status":"publish","type":"product","link":"https:\/\/www.otiumhome.fi\/index.php\/tuote\/baaripoyta-140x70x110-cm-taysi-mangopuu\/","title":{"rendered":"Baarip\u00f6yt\u00e4 140x70x110 cm t\u00e4ysi mangopuu"},"content":{"rendered":"<p>T\u00e4m\u00e4 tyylik\u00e4s, teollistyylinen puusta valmistettu baarip\u00f6yt\u00e4 on omalaatuinen lis\u00e4 keitti\u00f6\u00f6si tai ruokailutilaasi.<\/p>\n<\/p>\n<p>Baarip\u00f6yt\u00e4 on valmistettu karkeasta mangopuusta, joka on vakaa, kest\u00e4v\u00e4 ja kaunis materiaali, ja tekij\u00e4n ammattitaito antaa lis\u00e4ns\u00e4 sen upealle retrotyylille. Jokainen ty\u00f6vaihe on tehty erityisen huolella, oli se sitten hionta, maalaus tai lakkaus. Kauniit puunsyyt tekev\u00e4t jokaisesta kappaleesta ainutlaatuisen ja hieman erilaisen. Vahvat ter\u00e4sjalat tekev\u00e4t baarip\u00f6yd\u00e4st\u00e4 eritt\u00e4in tukevan ja kest\u00e4v\u00e4n ja korostavat sen n\u00e4ytt\u00e4v\u00e4\u00e4 teollista tyyli\u00e4.<\/p>\n<\/p>\n<p>Baarip\u00f6yd\u00e4n kokoaminen on helppoa. T\u00e4rke\u00e4 huomio: V\u00e4rit vaihtelevat kappaleittain, tehden jokaisesta kappaleesta ainutlaatuisen; toimitus on sattumanvarainen.<\/p>\n<ul>\n<li>Materiaali: t\u00e4ysi mangopuu + ter\u00e4s<\/li>\n<li>Mitat: 140 x 70 x 110 cm (P x L x K)<\/li>\n<li>Hiottu ja lakattu<\/li>\n<li>Asennus vaaditaan: kyll\u00e4<\/li>\n<\/ul>\n","protected":false},"excerpt":{"rendered":"<ul>\n<li>Materiaali: t\u00e4ysi mangopuu + ter\u00e4s<\/li>\n<li>Mitat: 140 x 70 x 110 cm (P x L x K)<\/li>\n<li>Hiottu ja lakattu<\/li>\n<li>Asennus vaaditaan: kyll\u00e4<\/li>\n<\/ul>\n","protected":false},"featured_media":10000095861,"comment_status":"closed","ping_status":"closed","template":"","meta":[],"product_brand":[],"product_cat":[84,8543],"product_tag":[],"class_list":{"0":"post-95861","1":"product","2":"type-product","3":"status-publish","4":"has-post-thumbnail","6":"product_cat-huonekalut","7":"product_cat-keittion-ruokapoydat","9":"first","10":"instock","11":"taxable","12":"shipping-taxable","13":"purchasable","14":"product-type-simple"},"_links":{"self":[{"href":"https:\/\/www.otiumhome.fi\/index.php\/wp-json\/wp\/v2\/product\/95861","targetHints":{"allow":["GET"]}}],"collection":[{"href":"https:\/\/www.otiumhome.fi\/index.php\/wp-json\/wp\/v2\/product"}],"about":[{"href":"https:\/\/www.otiumhome.fi\/index.php\/wp-json\/wp\/v2\/types\/product"}],"replies":[{"embeddable":true,"href":"https:\/\/www.otiumhome.fi\/index.php\/wp-json\/wp\/v2\/comments?post=95861"}],"wp:featuredmedia":[{"embeddable":true,"href":"https:\/\/www.otiumhome.fi\/index.php\/wp-json\/"}],"wp:attachment":[{"href":"https:\/\/www.otiumhome.fi\/index.php\/wp-json\/wp\/v2\/media?parent=95861"}],"wp:term":[{"taxonomy":"product_brand","embeddable":true,"href":"https:\/\/www.otiumhome.fi\/index.php\/wp-json\/wp\/v2\/product_brand?post=95861"},{"taxonomy":"product_cat","embeddable":true,"href":"https:\/\/www.otiumhome.fi\/index.php\/wp-json\/wp\/v2\/product_cat?post=95861"},{"taxonomy":"product_tag","embeddable":true,"href":"https:\/\/www.otiumhome.fi\/index.php\/wp-json\/wp\/v2\/product_tag?post=95861"}],"curies":[{"name":"wp","href":"https:\/\/api.w.org\/{rel}","templated":true}]}}