{"id":95843,"date":"2024-12-15T08:45:47","date_gmt":"2024-12-15T08:45:47","guid":{"rendered":"https:\/\/www.otiumhome.fi\/?p=95843"},"modified":"2025-06-06T15:36:33","modified_gmt":"2025-06-06T15:36:33","slug":"ruokapoyta-tummanruskea-140x70x73-cm-manty","status":"publish","type":"product","link":"https:\/\/www.otiumhome.fi\/index.php\/tuote\/ruokapoyta-tummanruskea-140x70x73-cm-manty\/","title":{"rendered":"Ruokap\u00f6yt\u00e4 tummanruskea 140x70x73 cm m\u00e4nty"},"content":{"rendered":"<p>Tuo minimalistista tyyli\u00e4 ja eleganttia vieh\u00e4tysvoimaa keitti\u00f6\u00f6si tai ruokailuhuoneeseesi massiivipuusta valmistetulla p\u00f6yd\u00e4ll\u00e4mme!<\/p>\n<\/p>\n<p>M\u00e4nnyst\u00e4 valmistettu ruokap\u00f6yt\u00e4 on eritt\u00e4in vakaa ja kest\u00e4v\u00e4. Se on lis\u00e4ksi helppo koota sek\u00e4 pit\u00e4\u00e4 puhtaana kostealla liinalla pyyhkien.<\/p>\n<\/p>\n<p>Toimituksessa mukana 1 ruokap\u00f6yt\u00e4.<\/p>\n<ul>\n<li>V\u00e4ri: tummanruskea<\/li>\n<li>Materiaali: m\u00e4nty<\/li>\n<li>P\u00f6yd\u00e4n mitat: 140 x 70 x 73 cm (P x L x K)<\/li>\n<\/ul>\n","protected":false},"excerpt":{"rendered":"<ul>\n<li>V\u00e4ri: tummanruskea<\/li>\n<li>Materiaali: m\u00e4nty<\/li>\n<li>P\u00f6yd\u00e4n mitat: 140 x 70 x 73 cm (P x L x K)<\/li>\n<\/ul>\n","protected":false},"featured_media":10000095843,"comment_status":"closed","ping_status":"closed","template":"","meta":[],"product_brand":[],"product_cat":[84,8543],"product_tag":[],"class_list":{"0":"post-95843","1":"product","2":"type-product","3":"status-publish","4":"has-post-thumbnail","6":"product_cat-huonekalut","7":"product_cat-keittion-ruokapoydat","9":"first","10":"instock","11":"taxable","12":"shipping-taxable","13":"purchasable","14":"product-type-simple"},"_links":{"self":[{"href":"https:\/\/www.otiumhome.fi\/index.php\/wp-json\/wp\/v2\/product\/95843","targetHints":{"allow":["GET"]}}],"collection":[{"href":"https:\/\/www.otiumhome.fi\/index.php\/wp-json\/wp\/v2\/product"}],"about":[{"href":"https:\/\/www.otiumhome.fi\/index.php\/wp-json\/wp\/v2\/types\/product"}],"replies":[{"embeddable":true,"href":"https:\/\/www.otiumhome.fi\/index.php\/wp-json\/wp\/v2\/comments?post=95843"}],"wp:featuredmedia":[{"embeddable":true,"href":"https:\/\/www.otiumhome.fi\/index.php\/wp-json\/"}],"wp:attachment":[{"href":"https:\/\/www.otiumhome.fi\/index.php\/wp-json\/wp\/v2\/media?parent=95843"}],"wp:term":[{"taxonomy":"product_brand","embeddable":true,"href":"https:\/\/www.otiumhome.fi\/index.php\/wp-json\/wp\/v2\/product_brand?post=95843"},{"taxonomy":"product_cat","embeddable":true,"href":"https:\/\/www.otiumhome.fi\/index.php\/wp-json\/wp\/v2\/product_cat?post=95843"},{"taxonomy":"product_tag","embeddable":true,"href":"https:\/\/www.otiumhome.fi\/index.php\/wp-json\/wp\/v2\/product_tag?post=95843"}],"curies":[{"name":"wp","href":"https:\/\/api.w.org\/{rel}","templated":true}]}}