{"id":95829,"date":"2024-12-15T08:45:46","date_gmt":"2024-12-15T08:45:46","guid":{"rendered":"https:\/\/www.otiumhome.fi\/?p=95829"},"modified":"2025-06-06T15:36:30","modified_gmt":"2025-06-06T15:36:30","slug":"ruokapoyta-y-runko-200x100x755-cm-taysi-manty-ja-terasta","status":"publish","type":"product","link":"https:\/\/www.otiumhome.fi\/index.php\/tuote\/ruokapoyta-y-runko-200x100x755-cm-taysi-manty-ja-terasta\/","title":{"rendered":"Ruokap\u00f6yt\u00e4 Y-runko 200x100x75,5 cm t\u00e4ysi m\u00e4nty ja ter\u00e4st\u00e4"},"content":{"rendered":"<p>Nauti t\u00e4ydellinen ateria joka p\u00e4iv\u00e4 perheesi tai yst\u00e4viesi kesken t\u00e4m\u00e4n ruokap\u00f6yd\u00e4n \u00e4\u00e4rell\u00e4!<\/p>\n<\/p>\n<ul>\n<li> Pitk\u00e4kestoinen materiaali: T\u00e4ysi m\u00e4nty on kaunis luonnonmateriaali, joka tunnetaan kest\u00e4vyydest\u00e4\u00e4n ja pitk\u00e4ik\u00e4isyydest\u00e4\u00e4n. Sen suorat puunsyyt lis\u00e4\u00e4v\u00e4t sen vieh\u00e4tysvoimaa, kun taas oksanpaikat tarjoavat erottuvan rustiikkisen ulkon\u00e4\u00f6n. <\/li>\n<li> Tukeva ja vakaa rakenne: P\u00f6yd\u00e4ss\u00e4 on Y-muotoinen rakenne, joka takaa vakauden ja turvallisuuden. <\/li>\n<li> K\u00e4yt\u00e4nn\u00f6llinen p\u00f6yt\u00e4levy: Keitti\u00f6n p\u00f6yd\u00e4n tukeva p\u00f6yt\u00e4levy on t\u00e4ydellinen juomien, ruoan ja koriste-esineiden sijoittamiseen. <\/li>\n<\/ul>\n<ul>\n<li>P\u00f6yt\u00e4levyn materiaali: T\u00e4ysi m\u00e4nty (k\u00e4sittelem\u00e4t\u00f6n)<\/li>\n<li>Rungon materiaali: jauhemaalattu ter\u00e4s<\/li>\n<li>Mitat: 200 x 100 x 75,5 cm (P x L x K)<\/li>\n<li>Asennus vaaditaan: Kyll\u00e4<\/li>\n<\/ul>\n","protected":false},"excerpt":{"rendered":"<ul>\n<li>P\u00f6yt\u00e4levyn materiaali: T\u00e4ysi m\u00e4nty (k\u00e4sittelem\u00e4t\u00f6n)<\/li>\n<li>Rungon materiaali: jauhemaalattu ter\u00e4s<\/li>\n<li>Mitat: 200 x 100 x 75,5 cm (P x L x K)<\/li>\n<li>Asennus vaaditaan: Kyll\u00e4<\/li>\n<\/ul>\n","protected":false},"featured_media":10000095829,"comment_status":"closed","ping_status":"closed","template":"","meta":[],"product_brand":[],"product_cat":[84,8543],"product_tag":[],"class_list":{"0":"post-95829","1":"product","2":"type-product","3":"status-publish","4":"has-post-thumbnail","6":"product_cat-huonekalut","7":"product_cat-keittion-ruokapoydat","9":"first","10":"instock","11":"taxable","12":"shipping-taxable","13":"purchasable","14":"product-type-simple"},"_links":{"self":[{"href":"https:\/\/www.otiumhome.fi\/index.php\/wp-json\/wp\/v2\/product\/95829","targetHints":{"allow":["GET"]}}],"collection":[{"href":"https:\/\/www.otiumhome.fi\/index.php\/wp-json\/wp\/v2\/product"}],"about":[{"href":"https:\/\/www.otiumhome.fi\/index.php\/wp-json\/wp\/v2\/types\/product"}],"replies":[{"embeddable":true,"href":"https:\/\/www.otiumhome.fi\/index.php\/wp-json\/wp\/v2\/comments?post=95829"}],"wp:featuredmedia":[{"embeddable":true,"href":"https:\/\/www.otiumhome.fi\/index.php\/wp-json\/"}],"wp:attachment":[{"href":"https:\/\/www.otiumhome.fi\/index.php\/wp-json\/wp\/v2\/media?parent=95829"}],"wp:term":[{"taxonomy":"product_brand","embeddable":true,"href":"https:\/\/www.otiumhome.fi\/index.php\/wp-json\/wp\/v2\/product_brand?post=95829"},{"taxonomy":"product_cat","embeddable":true,"href":"https:\/\/www.otiumhome.fi\/index.php\/wp-json\/wp\/v2\/product_cat?post=95829"},{"taxonomy":"product_tag","embeddable":true,"href":"https:\/\/www.otiumhome.fi\/index.php\/wp-json\/wp\/v2\/product_tag?post=95829"}],"curies":[{"name":"wp","href":"https:\/\/api.w.org\/{rel}","templated":true}]}}