{"id":95810,"date":"2024-12-15T08:45:44","date_gmt":"2024-12-15T08:45:44","guid":{"rendered":"https:\/\/www.otiumhome.fi\/?p=95810"},"modified":"2025-06-06T15:36:32","modified_gmt":"2025-06-06T15:36:32","slug":"ruokapoyta-musta-ja-betoninharmaa-200x100x75-cm-mdf","status":"publish","type":"product","link":"https:\/\/www.otiumhome.fi\/index.php\/tuote\/ruokapoyta-musta-ja-betoninharmaa-200x100x75-cm-mdf\/","title":{"rendered":"Ruokap\u00f6yt\u00e4 musta ja betoninharmaa 200x100x75 cm MDF"},"content":{"rendered":"<p>T\u00e4m\u00e4 puhtaan modernisti muotoiltu ruokap\u00f6yt\u00e4 on upea valinta keitti\u00f6\u00f6n, ruokasaliin tai ulkoruokailutilaan.<\/p>\n<\/p>\n<p>Ruokap\u00f6yd\u00e4ss\u00e4 on sile\u00e4 p\u00f6yt\u00e4taso, jossa on puukuvioita. Se lis\u00e4\u00e4 persoonallista tyyli\u00e4 aterioihisi. Jauhemaalattu metallirunko edist\u00e4\u00e4 sen vankkaa rakennetta, tuoden hyv\u00e4n vakauden ja kest\u00e4vyyden. Lis\u00e4ksi p\u00f6yt\u00e4 on helppo koota ja puhdistaa kostealla liinalla.<\/p>\n<ul>\n<li>V\u00e4ri: musta ja betoninharmaa<\/li>\n<li>Materiaali: MDF, metalli<\/li>\n<li>Mitat: 200 x 100 x 75 cm (P x L x K)<\/li>\n<li>Asennus vaaditaan: kyll\u00e4<\/li>\n<\/ul>\n","protected":false},"excerpt":{"rendered":"<ul>\n<li>V\u00e4ri: musta ja betoninharmaa<\/li>\n<li>Materiaali: MDF, metalli<\/li>\n<li>Mitat: 200 x 100 x 75 cm (P x L x K)<\/li>\n<li>Asennus vaaditaan: kyll\u00e4<\/li>\n<\/ul>\n","protected":false},"featured_media":10000095810,"comment_status":"closed","ping_status":"closed","template":"","meta":[],"product_brand":[],"product_cat":[84,8543],"product_tag":[],"class_list":{"0":"post-95810","1":"product","2":"type-product","3":"status-publish","4":"has-post-thumbnail","6":"product_cat-huonekalut","7":"product_cat-keittion-ruokapoydat","9":"first","10":"instock","11":"taxable","12":"shipping-taxable","13":"purchasable","14":"product-type-simple"},"_links":{"self":[{"href":"https:\/\/www.otiumhome.fi\/index.php\/wp-json\/wp\/v2\/product\/95810","targetHints":{"allow":["GET"]}}],"collection":[{"href":"https:\/\/www.otiumhome.fi\/index.php\/wp-json\/wp\/v2\/product"}],"about":[{"href":"https:\/\/www.otiumhome.fi\/index.php\/wp-json\/wp\/v2\/types\/product"}],"replies":[{"embeddable":true,"href":"https:\/\/www.otiumhome.fi\/index.php\/wp-json\/wp\/v2\/comments?post=95810"}],"wp:featuredmedia":[{"embeddable":true,"href":"https:\/\/www.otiumhome.fi\/index.php\/wp-json\/"}],"wp:attachment":[{"href":"https:\/\/www.otiumhome.fi\/index.php\/wp-json\/wp\/v2\/media?parent=95810"}],"wp:term":[{"taxonomy":"product_brand","embeddable":true,"href":"https:\/\/www.otiumhome.fi\/index.php\/wp-json\/wp\/v2\/product_brand?post=95810"},{"taxonomy":"product_cat","embeddable":true,"href":"https:\/\/www.otiumhome.fi\/index.php\/wp-json\/wp\/v2\/product_cat?post=95810"},{"taxonomy":"product_tag","embeddable":true,"href":"https:\/\/www.otiumhome.fi\/index.php\/wp-json\/wp\/v2\/product_tag?post=95810"}],"curies":[{"name":"wp","href":"https:\/\/api.w.org\/{rel}","templated":true}]}}