{"id":95728,"date":"2024-12-15T08:45:38","date_gmt":"2024-12-15T08:45:38","guid":{"rendered":"https:\/\/www.otiumhome.fi\/?p=95728"},"modified":"2025-06-06T15:36:54","modified_gmt":"2025-06-06T15:36:54","slug":"baaripoyta-telineella-ruskea-tammi-60x60x102-cm-tekninen-puu","status":"publish","type":"product","link":"https:\/\/www.otiumhome.fi\/index.php\/tuote\/baaripoyta-telineella-ruskea-tammi-60x60x102-cm-tekninen-puu\/","title":{"rendered":"Baarip\u00f6yt\u00e4 telineell\u00e4 ruskea tammi 60x60x102 cm tekninen puu"},"content":{"rendered":"<p>T\u00e4m\u00e4n baarip\u00f6yd\u00e4n valinta lis\u00e4\u00e4 tilaan sek\u00e4 estetiikkaa ett\u00e4 k\u00e4yt\u00e4nn\u00f6llisyytt\u00e4.<\/p>\n<\/p>\n<ul>\n<li>Vakaa ja kest\u00e4v\u00e4 materiaali: Tekninen puu on kest\u00e4v\u00e4 ja vakaa materiaali, jonka sile\u00e4 pinta kest\u00e4\u00e4 kosteutta, v\u00e4\u00e4ntymist\u00e4 ja halkeilua, joten se on luotettava valinta erilaisiin projekteihin.<\/li>\n<li>Runsaasti s\u00e4ilytystilaa: Kolmella s\u00e4ilytyslokerolla varustettu baarikaappi tarjoaa runsaasti s\u00e4ilytystilaa pulloille, viineille, keitti\u00f6v\u00e4lineille, astiastoille ja muille v\u00e4ltt\u00e4m\u00e4tt\u00f6mille tavaroille.<\/li>\n<li>Monipuolinen k\u00e4ytt\u00f6: Kompakti ja muunneltavissa oleva korkea p\u00f6yt\u00e4 sopii useisiin tarkoituksiin, kuten bistrop\u00f6yd\u00e4ksi, s\u00e4ilytysyksik\u00f6ksi tai sivup\u00f6yd\u00e4ksi, ja se sopii saumattomasti keitti\u00f6\u00f6n, ruokailutilaan ja olohuoneeseen.<\/li>\n<li>Helppo hoitaa: Sile\u00e4n pinnan ansiosta pubip\u00f6yt\u00e4 on helppo puhdistaa kostealla liinalla ja se tarvitsee vain v\u00e4h\u00e4ist\u00e4 huoltoa.<\/li>\n<\/ul>\n<p>Varoitus:<\/p>\n<ul>\n<li>Kaatumisen est\u00e4miseksi t\u00e4t\u00e4 tuotetta on k\u00e4ytett\u00e4v\u00e4 mukana toimitetun sein\u00e4kiinnityslaitteen kanssa.<\/li>\n<\/ul>\n<p>Hyv\u00e4 tiet\u00e4\u00e4:<\/p>\n<ul>\n<li>Sein\u00e4\u00e4n kiinnitett\u00e4v\u00e4t ruuvit ja tulpat eiv\u00e4t sis\u00e4lly toimitukseen. Suosittelemme sinua etsim\u00e4\u00e4n ja k\u00e4ytt\u00e4m\u00e4\u00e4n sein\u00e4\u00e4si sopivia ruuveja ja tulppia. Jos olet ep\u00e4varma, kysy ammattilaisen neuvoa. Ole hyv\u00e4 ja lue kaikki ohjeet<\/li>\n<\/ul>\n<ul>\n<li>V\u00e4ri: Ruskea tammi<\/li>\n<li>Materiaali: Tekninen puu<\/li>\n<li>Kokonaismitat: 60 x 60 x 102 cm (L x S x K)<\/li>\n<li>Hyllyjen lukum\u00e4\u00e4r\u00e4: 2<\/li>\n<li>Kokonaiskantavuus: 75 kg<\/li>\n<li>Maksimikantavuus tasoa kohti: 10 kg<\/li>\n<li>Asennus vaaditaan: Kyll\u00e4<\/li>\n<li>Legal Documents:\n<p><span>Lis\u00e4tietoja huonekalujesi kaatumisen est\u00e4misest\u00e4 voit l\u00f6yt\u00e4\u00e4 <span style=\"text-decoration: underline\"><strong><a title=\"https:\/\/bit.ly\/3bVwkQp\" href=\"https:\/\/bit.ly\/3bVwkQp\" target=\"_blank\">t\u00e4\u00e4lt\u00e4<\/a><\/strong><\/span><\/span><\/p>\n<\/li>\n<\/ul>\n","protected":false},"excerpt":{"rendered":"<ul>\n<li>V\u00e4ri: Ruskea tammi<\/li>\n<li>Materiaali: Tekninen puu<\/li>\n<li>Kokonaismitat: 60 x 60 x 102 cm (L x S x K)<\/li>\n<li>Hyllyjen lukum\u00e4\u00e4r\u00e4: 2<\/li>\n<li>Kokonaiskantavuus: 75 kg<\/li>\n<li>Maksimikantavuus tasoa kohti: 10 kg<\/li>\n<li>Asennus vaaditaan: Kyll\u00e4<\/li>\n<li>Legal Documents:\n<p><span>Lis\u00e4tietoja huonekalujesi kaatumisen est\u00e4misest\u00e4 voit l\u00f6yt\u00e4\u00e4 <span style=\"text-decoration: underline\"><strong><a title=\"https:\/\/bit.ly\/3bVwkQp\" href=\"https:\/\/bit.ly\/3bVwkQp\" target=\"_blank\">t\u00e4\u00e4lt\u00e4<\/a><\/strong><\/span><\/span><\/p>\n<\/li>\n<\/ul>\n","protected":false},"featured_media":10000095728,"comment_status":"closed","ping_status":"closed","template":"","meta":[],"product_brand":[],"product_cat":[84,8543],"product_tag":[],"class_list":{"0":"post-95728","1":"product","2":"type-product","3":"status-publish","4":"has-post-thumbnail","6":"product_cat-huonekalut","7":"product_cat-keittion-ruokapoydat","9":"first","10":"instock","11":"taxable","12":"shipping-taxable","13":"purchasable","14":"product-type-simple"},"_links":{"self":[{"href":"https:\/\/www.otiumhome.fi\/index.php\/wp-json\/wp\/v2\/product\/95728","targetHints":{"allow":["GET"]}}],"collection":[{"href":"https:\/\/www.otiumhome.fi\/index.php\/wp-json\/wp\/v2\/product"}],"about":[{"href":"https:\/\/www.otiumhome.fi\/index.php\/wp-json\/wp\/v2\/types\/product"}],"replies":[{"embeddable":true,"href":"https:\/\/www.otiumhome.fi\/index.php\/wp-json\/wp\/v2\/comments?post=95728"}],"wp:featuredmedia":[{"embeddable":true,"href":"https:\/\/www.otiumhome.fi\/index.php\/wp-json\/"}],"wp:attachment":[{"href":"https:\/\/www.otiumhome.fi\/index.php\/wp-json\/wp\/v2\/media?parent=95728"}],"wp:term":[{"taxonomy":"product_brand","embeddable":true,"href":"https:\/\/www.otiumhome.fi\/index.php\/wp-json\/wp\/v2\/product_brand?post=95728"},{"taxonomy":"product_cat","embeddable":true,"href":"https:\/\/www.otiumhome.fi\/index.php\/wp-json\/wp\/v2\/product_cat?post=95728"},{"taxonomy":"product_tag","embeddable":true,"href":"https:\/\/www.otiumhome.fi\/index.php\/wp-json\/wp\/v2\/product_tag?post=95728"}],"curies":[{"name":"wp","href":"https:\/\/api.w.org\/{rel}","templated":true}]}}