{"id":95726,"date":"2024-12-15T08:45:38","date_gmt":"2024-12-15T08:45:38","guid":{"rendered":"https:\/\/www.otiumhome.fi\/?p=95726"},"modified":"2025-06-06T15:36:30","modified_gmt":"2025-06-06T15:36:30","slug":"baaripoyta-siirrettavalla-hyllylla-tammi-138x39x110-cm","status":"publish","type":"product","link":"https:\/\/www.otiumhome.fi\/index.php\/tuote\/baaripoyta-siirrettavalla-hyllylla-tammi-138x39x110-cm\/","title":{"rendered":"Baarip\u00f6yt\u00e4 siirrett\u00e4v\u00e4ll\u00e4 hyllyll\u00e4 tammi 138x39x110 cm"},"content":{"rendered":"<p>Baarip\u00f6yt\u00e4 on siirrett\u00e4v\u00e4n hyllyns\u00e4 ansiosta erinomainen valinta huoneisiin, joissa tila on rajallinen. Sen moderni tyyli tekee siit\u00e4 upean lis\u00e4n keitti\u00f6\u00f6si tai ruokailutilaasi.<\/p>\n<\/p>\n<p>Lujatekoisesta teknisest\u00e4 puusta valmistettu baarip\u00f6yt\u00e4 on kest\u00e4v\u00e4, vakaa ja helppo puhdistaa. L-runko ja vahvistava kolmio takaavat p\u00f6yd\u00e4n t\u00e4ydellisen vakauden. Lis\u00e4ksi ihanteellisen korkeutensa ja erityisen muotoilunsa vuoksi t\u00e4m\u00e4 korkea p\u00f6yt\u00e4 t\u00e4ydent\u00e4\u00e4 kotisi sisustusta. Nauti drinkist\u00e4 tai ateriasta perheesi tai yst\u00e4viesi kanssa!<\/p>\n<\/p>\n<p>Baarip\u00f6yt\u00e4 on helppo koota.<\/p>\n<ul>\n<li>V\u00e4ri: tammi<\/li>\n<li>Materiaali: tekninen puu<\/li>\n<li>Kokonaismitat: 138 x 39 x 110 cm (P x L x K)<\/li>\n<li>Hyllyn mitat: 90 x 39 x 107 cm (P x L x K)<\/li>\n<li>Hylly on siirrelt\u00e4viss\u00e4<\/li>\n<\/ul>\n","protected":false},"excerpt":{"rendered":"<ul>\n<li>V\u00e4ri: tammi<\/li>\n<li>Materiaali: tekninen puu<\/li>\n<li>Kokonaismitat: 138 x 39 x 110 cm (P x L x K)<\/li>\n<li>Hyllyn mitat: 90 x 39 x 107 cm (P x L x K)<\/li>\n<li>Hylly on siirrelt\u00e4viss\u00e4<\/li>\n<\/ul>\n","protected":false},"featured_media":10000095726,"comment_status":"closed","ping_status":"closed","template":"","meta":[],"product_brand":[],"product_cat":[84,8543],"product_tag":[],"class_list":{"0":"post-95726","1":"product","2":"type-product","3":"status-publish","4":"has-post-thumbnail","6":"product_cat-huonekalut","7":"product_cat-keittion-ruokapoydat","9":"first","10":"instock","11":"taxable","12":"shipping-taxable","13":"purchasable","14":"product-type-simple"},"_links":{"self":[{"href":"https:\/\/www.otiumhome.fi\/index.php\/wp-json\/wp\/v2\/product\/95726","targetHints":{"allow":["GET"]}}],"collection":[{"href":"https:\/\/www.otiumhome.fi\/index.php\/wp-json\/wp\/v2\/product"}],"about":[{"href":"https:\/\/www.otiumhome.fi\/index.php\/wp-json\/wp\/v2\/types\/product"}],"replies":[{"embeddable":true,"href":"https:\/\/www.otiumhome.fi\/index.php\/wp-json\/wp\/v2\/comments?post=95726"}],"wp:featuredmedia":[{"embeddable":true,"href":"https:\/\/www.otiumhome.fi\/index.php\/wp-json\/"}],"wp:attachment":[{"href":"https:\/\/www.otiumhome.fi\/index.php\/wp-json\/wp\/v2\/media?parent=95726"}],"wp:term":[{"taxonomy":"product_brand","embeddable":true,"href":"https:\/\/www.otiumhome.fi\/index.php\/wp-json\/wp\/v2\/product_brand?post=95726"},{"taxonomy":"product_cat","embeddable":true,"href":"https:\/\/www.otiumhome.fi\/index.php\/wp-json\/wp\/v2\/product_cat?post=95726"},{"taxonomy":"product_tag","embeddable":true,"href":"https:\/\/www.otiumhome.fi\/index.php\/wp-json\/wp\/v2\/product_tag?post=95726"}],"curies":[{"name":"wp","href":"https:\/\/api.w.org\/{rel}","templated":true}]}}