{"id":95708,"date":"2024-12-15T08:45:37","date_gmt":"2024-12-15T08:45:37","guid":{"rendered":"https:\/\/www.otiumhome.fi\/?p=95708"},"modified":"2025-06-06T15:36:30","modified_gmt":"2025-06-06T15:36:30","slug":"baaripoyta-kahdella-poytatasolla-musta-130x40x120-cm","status":"publish","type":"product","link":"https:\/\/www.otiumhome.fi\/index.php\/tuote\/baaripoyta-kahdella-poytatasolla-musta-130x40x120-cm\/","title":{"rendered":"Baarip\u00f6yt\u00e4 kahdella p\u00f6yt\u00e4tasolla musta 130x40x120 cm"},"content":{"rendered":"<p>T\u00e4m\u00e4 baarip\u00f6yt\u00e4 on sek\u00e4 k\u00e4yt\u00e4nn\u00f6llinen, ett\u00e4 tyylik\u00e4s Se on k\u00e4yt\u00e4nn\u00f6llinen ja kiehtova lis\u00e4 sis\u00e4tiloihisi.<\/p>\n<\/p>\n<p>Baarip\u00f6yd\u00e4n erityinen muotoilu tekee siit\u00e4 ajattoman lis\u00e4varusteen asuintilaasi. Teknisen puurakenteen ansiosta t\u00e4m\u00e4 sivup\u00f6yt\u00e4 on eritt\u00e4in kest\u00e4v\u00e4, vakaa ja helppo puhdistaa. P\u00f6yt\u00e4levyill\u00e4 on runsaasti tilaa juomien, maljakkojen tai muiden koriste-esineiden s\u00e4ilytt\u00e4miseen.<\/p>\n<\/p>\n<p>Baarip\u00f6yt\u00e4 on helppo koota.<\/p>\n<ul>\n<li>V\u00e4ri: musta<\/li>\n<li>Materiaali: tekninen puu<\/li>\n<li>Kokonaismitat: 130 x 40 x 120 cm (P x L x K)<\/li>\n<li>Sisemm\u00e4n p\u00f6yd\u00e4n pituus: 124 cm<\/li>\n<li>Sisemm\u00e4n p\u00f6yd\u00e4n korkeus: 100 cm<\/li>\n<li>Sisemp\u00e4\u00e4 p\u00f6yt\u00e4\u00e4 voidaan siirt\u00e4\u00e4<\/li>\n<\/ul>\n","protected":false},"excerpt":{"rendered":"<ul>\n<li>V\u00e4ri: musta<\/li>\n<li>Materiaali: tekninen puu<\/li>\n<li>Kokonaismitat: 130 x 40 x 120 cm (P x L x K)<\/li>\n<li>Sisemm\u00e4n p\u00f6yd\u00e4n pituus: 124 cm<\/li>\n<li>Sisemm\u00e4n p\u00f6yd\u00e4n korkeus: 100 cm<\/li>\n<li>Sisemp\u00e4\u00e4 p\u00f6yt\u00e4\u00e4 voidaan siirt\u00e4\u00e4<\/li>\n<\/ul>\n","protected":false},"featured_media":10000095708,"comment_status":"closed","ping_status":"closed","template":"","meta":[],"product_brand":[],"product_cat":[84,8543],"product_tag":[],"class_list":{"0":"post-95708","1":"product","2":"type-product","3":"status-publish","4":"has-post-thumbnail","6":"product_cat-huonekalut","7":"product_cat-keittion-ruokapoydat","9":"first","10":"instock","11":"taxable","12":"shipping-taxable","13":"purchasable","14":"product-type-simple"},"_links":{"self":[{"href":"https:\/\/www.otiumhome.fi\/index.php\/wp-json\/wp\/v2\/product\/95708","targetHints":{"allow":["GET"]}}],"collection":[{"href":"https:\/\/www.otiumhome.fi\/index.php\/wp-json\/wp\/v2\/product"}],"about":[{"href":"https:\/\/www.otiumhome.fi\/index.php\/wp-json\/wp\/v2\/types\/product"}],"replies":[{"embeddable":true,"href":"https:\/\/www.otiumhome.fi\/index.php\/wp-json\/wp\/v2\/comments?post=95708"}],"wp:featuredmedia":[{"embeddable":true,"href":"https:\/\/www.otiumhome.fi\/index.php\/wp-json\/"}],"wp:attachment":[{"href":"https:\/\/www.otiumhome.fi\/index.php\/wp-json\/wp\/v2\/media?parent=95708"}],"wp:term":[{"taxonomy":"product_brand","embeddable":true,"href":"https:\/\/www.otiumhome.fi\/index.php\/wp-json\/wp\/v2\/product_brand?post=95708"},{"taxonomy":"product_cat","embeddable":true,"href":"https:\/\/www.otiumhome.fi\/index.php\/wp-json\/wp\/v2\/product_cat?post=95708"},{"taxonomy":"product_tag","embeddable":true,"href":"https:\/\/www.otiumhome.fi\/index.php\/wp-json\/wp\/v2\/product_tag?post=95708"}],"curies":[{"name":"wp","href":"https:\/\/api.w.org\/{rel}","templated":true}]}}