{"id":95693,"date":"2024-12-15T08:45:36","date_gmt":"2024-12-15T08:45:36","guid":{"rendered":"https:\/\/www.otiumhome.fi\/?p=95693"},"modified":"2025-06-06T15:36:29","modified_gmt":"2025-06-06T15:36:29","slug":"baaripoyta-hyllylla-tammi-110x50x103-cm","status":"publish","type":"product","link":"https:\/\/www.otiumhome.fi\/index.php\/tuote\/baaripoyta-hyllylla-tammi-110x50x103-cm\/","title":{"rendered":"Baarip\u00f6yt\u00e4 hyllyll\u00e4 tammi 110x50x103 cm"},"content":{"rendered":"<p>T\u00e4m\u00e4 baarip\u00f6yt\u00e4 on t\u00e4ydellinen vaihtoehto pieniin huoneistoihin tai tiloihin, joissa tilaa on rajallisesti. Sen nykyaikainen muotoilu tekee t\u00e4st\u00e4 p\u00f6yd\u00e4st\u00e4 tyylikk\u00e4\u00e4n lis\u00e4n keitti\u00f6\u00f6n tai ruokasaliin.<\/p>\n<\/p>\n<p>3-kerroksisen hyllyn rakenne auttaa sinua s\u00e4\u00e4st\u00e4m\u00e4\u00e4n tilaa, kun voit laittaa hyllyille viinipulloja tai muita tavaroita. Tukevan teknisen puun ansiosta se on kest\u00e4v\u00e4, vakaa ja helppo puhdistaa. Kaksi vakaata jalkaa ja sivuhylly tarjoavat p\u00f6yd\u00e4lle optimaalisen vakauden. Tunnet olosi paljon mukavammaksi sek\u00e4 nautinnollisemmaksi, kun istut t\u00e4m\u00e4n kauniin baarip\u00f6yd\u00e4n \u00e4\u00e4rell\u00e4 viini\u00e4 tai kahvia nauttien.<\/p>\n<\/p>\n<p>P\u00f6yt\u00e4 on ihanteellisen korkuinen ja erityisesti muotoiltu, jonka vuoksi se t\u00e4ydent\u00e4\u00e4 upeasti kotisi sisustusta.<\/p>\n<ul>\n<li>V\u00e4ri: tammi<\/li>\n<li>Materiaali: tekninen puu<\/li>\n<li>Kokonaismitat: 110 x 50 x 103 cm (P x L x K)<\/li>\n<li>Hyllyn mitat: 50 x 25 x 101,5 cm (P x L x K)<\/li>\n<li>3-kerroksinen hylly<\/li>\n<\/ul>\n","protected":false},"excerpt":{"rendered":"<ul>\n<li>V\u00e4ri: tammi<\/li>\n<li>Materiaali: tekninen puu<\/li>\n<li>Kokonaismitat: 110 x 50 x 103 cm (P x L x K)<\/li>\n<li>Hyllyn mitat: 50 x 25 x 101,5 cm (P x L x K)<\/li>\n<li>3-kerroksinen hylly<\/li>\n<\/ul>\n","protected":false},"featured_media":10000095693,"comment_status":"closed","ping_status":"closed","template":"","meta":[],"product_brand":[],"product_cat":[84,8543],"product_tag":[],"class_list":{"0":"post-95693","1":"product","2":"type-product","3":"status-publish","4":"has-post-thumbnail","6":"product_cat-huonekalut","7":"product_cat-keittion-ruokapoydat","9":"first","10":"instock","11":"taxable","12":"shipping-taxable","13":"purchasable","14":"product-type-simple"},"_links":{"self":[{"href":"https:\/\/www.otiumhome.fi\/index.php\/wp-json\/wp\/v2\/product\/95693","targetHints":{"allow":["GET"]}}],"collection":[{"href":"https:\/\/www.otiumhome.fi\/index.php\/wp-json\/wp\/v2\/product"}],"about":[{"href":"https:\/\/www.otiumhome.fi\/index.php\/wp-json\/wp\/v2\/types\/product"}],"replies":[{"embeddable":true,"href":"https:\/\/www.otiumhome.fi\/index.php\/wp-json\/wp\/v2\/comments?post=95693"}],"wp:featuredmedia":[{"embeddable":true,"href":"https:\/\/www.otiumhome.fi\/index.php\/wp-json\/"}],"wp:attachment":[{"href":"https:\/\/www.otiumhome.fi\/index.php\/wp-json\/wp\/v2\/media?parent=95693"}],"wp:term":[{"taxonomy":"product_brand","embeddable":true,"href":"https:\/\/www.otiumhome.fi\/index.php\/wp-json\/wp\/v2\/product_brand?post=95693"},{"taxonomy":"product_cat","embeddable":true,"href":"https:\/\/www.otiumhome.fi\/index.php\/wp-json\/wp\/v2\/product_cat?post=95693"},{"taxonomy":"product_tag","embeddable":true,"href":"https:\/\/www.otiumhome.fi\/index.php\/wp-json\/wp\/v2\/product_tag?post=95693"}],"curies":[{"name":"wp","href":"https:\/\/api.w.org\/{rel}","templated":true}]}}