{"id":95669,"date":"2024-12-15T08:45:34","date_gmt":"2024-12-15T08:45:34","guid":{"rendered":"https:\/\/www.otiumhome.fi\/?p=95669"},"modified":"2025-06-06T15:36:29","modified_gmt":"2025-06-06T15:36:29","slug":"baaripoyta-valkoinen-60x60x110-cm","status":"publish","type":"product","link":"https:\/\/www.otiumhome.fi\/index.php\/tuote\/baaripoyta-valkoinen-60x60x110-cm\/","title":{"rendered":"Baarip\u00f6yt\u00e4 valkoinen 60x60x110 cm"},"content":{"rendered":"<p>T\u00e4m\u00e4 baarip\u00f6yt\u00e4 on upea ja katseet vangitseva lis\u00e4 sisustukseesi, sill\u00e4 se sopii my\u00f6s ruokap\u00f6yd\u00e4ksi.<\/p>\n<\/p>\n<p>T\u00e4m\u00e4n korkean p\u00f6yd\u00e4n sulavalinjainen suunnittelu tekee siit\u00e4 ajattoman lis\u00e4n elintilaasi. Sen teknisen puurakenteen ansiosta pubip\u00f6yt\u00e4 on todella kest\u00e4v\u00e4, vakaa ja helppo puhdistaa. Siin\u00e4 on my\u00f6s pienet hyllyt p\u00f6yt\u00e4levyn alla, jossa voit s\u00e4ilytt\u00e4\u00e4 pienet esineet.<\/p>\n<\/p>\n<p>Baarip\u00f6yt\u00e4 on helppo koota.<\/p>\n<ul>\n<li>V\u00e4ri: valkoinen<\/li>\n<li>Materiaali: tekninen puu<\/li>\n<li>Mitat: 60 x 60 x 110 cm (P x L x K)<\/li>\n<li>Kaksi hylly\u00e4<\/li>\n<\/ul>\n","protected":false},"excerpt":{"rendered":"<ul>\n<li>V\u00e4ri: valkoinen<\/li>\n<li>Materiaali: tekninen puu<\/li>\n<li>Mitat: 60 x 60 x 110 cm (P x L x K)<\/li>\n<li>Kaksi hylly\u00e4<\/li>\n<\/ul>\n","protected":false},"featured_media":10000095669,"comment_status":"closed","ping_status":"closed","template":"","meta":[],"product_brand":[],"product_cat":[84,8543],"product_tag":[],"class_list":{"0":"post-95669","1":"product","2":"type-product","3":"status-publish","4":"has-post-thumbnail","6":"product_cat-huonekalut","7":"product_cat-keittion-ruokapoydat","9":"first","10":"instock","11":"taxable","12":"shipping-taxable","13":"purchasable","14":"product-type-simple"},"_links":{"self":[{"href":"https:\/\/www.otiumhome.fi\/index.php\/wp-json\/wp\/v2\/product\/95669","targetHints":{"allow":["GET"]}}],"collection":[{"href":"https:\/\/www.otiumhome.fi\/index.php\/wp-json\/wp\/v2\/product"}],"about":[{"href":"https:\/\/www.otiumhome.fi\/index.php\/wp-json\/wp\/v2\/types\/product"}],"replies":[{"embeddable":true,"href":"https:\/\/www.otiumhome.fi\/index.php\/wp-json\/wp\/v2\/comments?post=95669"}],"wp:featuredmedia":[{"embeddable":true,"href":"https:\/\/www.otiumhome.fi\/index.php\/wp-json\/"}],"wp:attachment":[{"href":"https:\/\/www.otiumhome.fi\/index.php\/wp-json\/wp\/v2\/media?parent=95669"}],"wp:term":[{"taxonomy":"product_brand","embeddable":true,"href":"https:\/\/www.otiumhome.fi\/index.php\/wp-json\/wp\/v2\/product_brand?post=95669"},{"taxonomy":"product_cat","embeddable":true,"href":"https:\/\/www.otiumhome.fi\/index.php\/wp-json\/wp\/v2\/product_cat?post=95669"},{"taxonomy":"product_tag","embeddable":true,"href":"https:\/\/www.otiumhome.fi\/index.php\/wp-json\/wp\/v2\/product_tag?post=95669"}],"curies":[{"name":"wp","href":"https:\/\/api.w.org\/{rel}","templated":true}]}}