{"id":95599,"date":"2024-12-15T08:44:01","date_gmt":"2024-12-15T08:44:01","guid":{"rendered":"https:\/\/www.otiumhome.fi\/?p=95599"},"modified":"2025-06-06T15:36:49","modified_gmt":"2025-06-06T15:36:49","slug":"ruokapoyta-savutammi-140x745x76-cm-tekninen-puu","status":"publish","type":"product","link":"https:\/\/www.otiumhome.fi\/index.php\/tuote\/ruokapoyta-savutammi-140x745x76-cm-tekninen-puu\/","title":{"rendered":"Ruokap\u00f6yt\u00e4 savutammi 140&#215;74,5&#215;76 cm tekninen puu"},"content":{"rendered":"<p>T\u00e4m\u00e4 puhtaan yksinkertaisesti muotoiltu ruokap\u00f6yt\u00e4 on upea valinta ruokasaliin tai keitti\u00f6\u00f6n.<\/p>\n<\/p>\n<ul>\n<li>Ensiluokkainen materiaali: Tekninen puu on poikkeuksellisen laadukasta ja sile\u00e4pintaista. Se on my\u00f6s luja, vakaa ja kosteudelle vastustuskykyinen.<\/li>\n<li>Tukeva runko: T\u00e4m\u00e4n ruokap\u00f6yd\u00e4n rakenne takaa sen tukevuuden, kest\u00e4vyyden ja pitk\u00e4kestoisen palvelusajan.<\/li>\n<li>K\u00e4yt\u00e4nn\u00f6llinen p\u00f6yt\u00e4levy: P\u00f6yt\u00e4levy\u00e4 voidaan k\u00e4ytt\u00e4\u00e4 ruokien, juomien ja muiden koriste-esineiden sijoittamiseen.<\/li>\n<\/ul>\n<ul>\n<li>V\u00e4ri: savutammi<\/li>\n<li>Materiaali: tekninen puu<\/li>\n<li>Mitat: 140 x 74,5 x 76 cm (P x L x K)<\/li>\n<li>Asennus vaaditaan: kyll\u00e4<\/li>\n<\/ul>\n","protected":false},"excerpt":{"rendered":"<ul>\n<li>V\u00e4ri: savutammi<\/li>\n<li>Materiaali: tekninen puu<\/li>\n<li>Mitat: 140 x 74,5 x 76 cm (P x L x K)<\/li>\n<li>Asennus vaaditaan: kyll\u00e4<\/li>\n<\/ul>\n","protected":false},"featured_media":10000095599,"comment_status":"closed","ping_status":"closed","template":"","meta":[],"product_brand":[],"product_cat":[84,8543],"product_tag":[],"class_list":{"0":"post-95599","1":"product","2":"type-product","3":"status-publish","4":"has-post-thumbnail","6":"product_cat-huonekalut","7":"product_cat-keittion-ruokapoydat","9":"first","10":"instock","11":"taxable","12":"shipping-taxable","13":"purchasable","14":"product-type-simple"},"_links":{"self":[{"href":"https:\/\/www.otiumhome.fi\/index.php\/wp-json\/wp\/v2\/product\/95599","targetHints":{"allow":["GET"]}}],"collection":[{"href":"https:\/\/www.otiumhome.fi\/index.php\/wp-json\/wp\/v2\/product"}],"about":[{"href":"https:\/\/www.otiumhome.fi\/index.php\/wp-json\/wp\/v2\/types\/product"}],"replies":[{"embeddable":true,"href":"https:\/\/www.otiumhome.fi\/index.php\/wp-json\/wp\/v2\/comments?post=95599"}],"wp:featuredmedia":[{"embeddable":true,"href":"https:\/\/www.otiumhome.fi\/index.php\/wp-json\/"}],"wp:attachment":[{"href":"https:\/\/www.otiumhome.fi\/index.php\/wp-json\/wp\/v2\/media?parent=95599"}],"wp:term":[{"taxonomy":"product_brand","embeddable":true,"href":"https:\/\/www.otiumhome.fi\/index.php\/wp-json\/wp\/v2\/product_brand?post=95599"},{"taxonomy":"product_cat","embeddable":true,"href":"https:\/\/www.otiumhome.fi\/index.php\/wp-json\/wp\/v2\/product_cat?post=95599"},{"taxonomy":"product_tag","embeddable":true,"href":"https:\/\/www.otiumhome.fi\/index.php\/wp-json\/wp\/v2\/product_tag?post=95599"}],"curies":[{"name":"wp","href":"https:\/\/api.w.org\/{rel}","templated":true}]}}