{"id":95585,"date":"2024-12-15T08:44:00","date_gmt":"2024-12-15T08:44:00","guid":{"rendered":"https:\/\/www.otiumhome.fi\/?p=95585"},"modified":"2025-06-06T15:37:26","modified_gmt":"2025-06-06T15:37:26","slug":"ruokapoyta-160x80x75-cm-karkea-mangopuu","status":"publish","type":"product","link":"https:\/\/www.otiumhome.fi\/index.php\/tuote\/ruokapoyta-160x80x75-cm-karkea-mangopuu\/","title":{"rendered":"Ruokap\u00f6yt\u00e4 160x80x75 cm karkea mangopuu"},"content":{"rendered":"<p>T\u00e4m\u00e4 teollistyylinen puusta valmistettu ruokap\u00f6yt\u00e4 on ainutlaatuinen lis\u00e4 keitti\u00f6\u00f6n tai ruokailutilaan.<\/p>\n<\/p>\n<p>Ruokap\u00f6yt\u00e4 on valmistettu t\u00e4ydest\u00e4, karkeasta mangopuusta, mik\u00e4 tekee siit\u00e4 erityisen vakaan, kest\u00e4v\u00e4n ja kauniin, ja k\u00e4sity\u00f6taito korostaa sen mahtavaa retrotyyli\u00e4. Ruokap\u00f6yt\u00e4 on valmistettu t\u00e4ysin k\u00e4sin ja jokainen ty\u00f6vaihe kiillotuksesta lakkaukseen on suoritettu erityisen huolellisesti. Ter\u00e4sjalat sek\u00e4 vakaan rakenteen luova ter\u00e4ksinen ristipalkkirunko t\u00e4ydent\u00e4v\u00e4t sen teollisen ilmeen.<\/p>\n<\/p>\n<p>T\u00e4rke\u00e4 huomio: voit n\u00e4hd\u00e4 karkean mangopuun luonnolliset pintakuviot, mink\u00e4 ansiosta jokainen ruokap\u00f6yt\u00e4 on ainutlaatuinen sek\u00e4 hieman erilainen kuin muut; toimitus on satunnainen.<\/p>\n<ul>\n<li>Materiaali: t\u00e4ysi karkea mangopuu + jauhemaalatut ter\u00e4sjalat<\/li>\n<li>Mitat: 160 x 80 x 75 cm (P x L x K)<\/li>\n<li>Hiottu ja lakattu<\/li>\n<li>Ter\u00e4ksinen ristipalkkirunko<\/li>\n<\/ul>\n","protected":false},"excerpt":{"rendered":"<ul>\n<li>Materiaali: t\u00e4ysi karkea mangopuu + jauhemaalatut ter\u00e4sjalat<\/li>\n<li>Mitat: 160 x 80 x 75 cm (P x L x K)<\/li>\n<li>Hiottu ja lakattu<\/li>\n<li>Ter\u00e4ksinen ristipalkkirunko<\/li>\n<\/ul>\n","protected":false},"featured_media":10000095585,"comment_status":"closed","ping_status":"closed","template":"","meta":[],"product_brand":[],"product_cat":[84,8543],"product_tag":[],"class_list":{"0":"post-95585","1":"product","2":"type-product","3":"status-publish","4":"has-post-thumbnail","6":"product_cat-huonekalut","7":"product_cat-keittion-ruokapoydat","9":"first","10":"instock","11":"taxable","12":"shipping-taxable","13":"purchasable","14":"product-type-simple"},"_links":{"self":[{"href":"https:\/\/www.otiumhome.fi\/index.php\/wp-json\/wp\/v2\/product\/95585","targetHints":{"allow":["GET"]}}],"collection":[{"href":"https:\/\/www.otiumhome.fi\/index.php\/wp-json\/wp\/v2\/product"}],"about":[{"href":"https:\/\/www.otiumhome.fi\/index.php\/wp-json\/wp\/v2\/types\/product"}],"replies":[{"embeddable":true,"href":"https:\/\/www.otiumhome.fi\/index.php\/wp-json\/wp\/v2\/comments?post=95585"}],"wp:featuredmedia":[{"embeddable":true,"href":"https:\/\/www.otiumhome.fi\/index.php\/wp-json\/"}],"wp:attachment":[{"href":"https:\/\/www.otiumhome.fi\/index.php\/wp-json\/wp\/v2\/media?parent=95585"}],"wp:term":[{"taxonomy":"product_brand","embeddable":true,"href":"https:\/\/www.otiumhome.fi\/index.php\/wp-json\/wp\/v2\/product_brand?post=95585"},{"taxonomy":"product_cat","embeddable":true,"href":"https:\/\/www.otiumhome.fi\/index.php\/wp-json\/wp\/v2\/product_cat?post=95585"},{"taxonomy":"product_tag","embeddable":true,"href":"https:\/\/www.otiumhome.fi\/index.php\/wp-json\/wp\/v2\/product_tag?post=95585"}],"curies":[{"name":"wp","href":"https:\/\/api.w.org\/{rel}","templated":true}]}}