{"id":95579,"date":"2024-12-15T08:44:00","date_gmt":"2024-12-15T08:44:00","guid":{"rendered":"https:\/\/www.otiumhome.fi\/?p=95579"},"modified":"2025-06-06T15:37:25","modified_gmt":"2025-06-06T15:37:25","slug":"ruokapoyta-200x100x75-cm-kiintea-kierratetty-puu","status":"publish","type":"product","link":"https:\/\/www.otiumhome.fi\/index.php\/tuote\/ruokapoyta-200x100x75-cm-kiintea-kierratetty-puu\/","title":{"rendered":"Ruokap\u00f6yt\u00e4 200x100x75 cm kiinte\u00e4 kierr\u00e4tetty puu"},"content":{"rendered":"<p>T\u00e4m\u00e4 tyylik\u00e4s puinen ruokap\u00f6yt\u00e4 on teollistyylinen ja erottuva lis\u00e4 keitti\u00f6\u00f6n tai ruokailutilaan.<\/p>\n<\/p>\n<p>T\u00e4m\u00e4 ruokap\u00f6yt\u00e4 on valmistettu t\u00e4ydest\u00e4 uusiok\u00e4ytetyst\u00e4 puusta, joka tarkoittaa sill\u00e4 oleva eri puiden ominaisuudet, kuten tiikki, mangopuu, akaasia, jne. Uusiok\u00e4ytetty puu on tukeva, vakaa, kest\u00e4v\u00e4 ja kaunis. Kulumisen ja k\u00e4sity\u00f6n j\u00e4ljet antavat jokaiselle kappaleelle ainutlaatuisen ulkon\u00e4\u00f6n ja lis\u00e4\u00e4 upeaa vintagetyyli\u00e4. Ruokap\u00f6yt\u00e4 on t\u00e4ysin k\u00e4sin tehty todella huolellisesti, on se sitten kiillotus tai maalaus. Ter\u00e4sjalat t\u00e4ydent\u00e4v\u00e4t teollisen tyylin, ter\u00e4srunko tekee rakenteesta todella vakaan.<\/p>\n<\/p>\n<p>P\u00f6yt\u00e4 on helppo koota. T\u00e4rke\u00e4 huomio: v\u00e4rit voivat vaihdella kappaleesta toiseen tehden jokaisesta ruokap\u00f6yd\u00e4st\u00e4 ainutlaatuisen; toimitus on satunnainen.<\/p>\n<ul>\n<li>Materiaali: kierr\u00e4tetyst\u00e4 puusta valmistettu p\u00f6yt\u00e4levy + jauhemaalatut ter\u00e4sjalat<\/li>\n<li>Mitat: 200 x 100 x 75 cm (P x L x K)<\/li>\n<li>Hiottu, maalattu ja lakattu<\/li>\n<\/ul>\n","protected":false},"excerpt":{"rendered":"<ul>\n<li>Materiaali: kierr\u00e4tetyst\u00e4 puusta valmistettu p\u00f6yt\u00e4levy + jauhemaalatut ter\u00e4sjalat<\/li>\n<li>Mitat: 200 x 100 x 75 cm (P x L x K)<\/li>\n<li>Hiottu, maalattu ja lakattu<\/li>\n<\/ul>\n","protected":false},"featured_media":10000095579,"comment_status":"closed","ping_status":"closed","template":"","meta":[],"product_brand":[],"product_cat":[84,8543],"product_tag":[],"class_list":{"0":"post-95579","1":"product","2":"type-product","3":"status-publish","4":"has-post-thumbnail","6":"product_cat-huonekalut","7":"product_cat-keittion-ruokapoydat","9":"first","10":"instock","11":"taxable","12":"shipping-taxable","13":"purchasable","14":"product-type-simple"},"_links":{"self":[{"href":"https:\/\/www.otiumhome.fi\/index.php\/wp-json\/wp\/v2\/product\/95579","targetHints":{"allow":["GET"]}}],"collection":[{"href":"https:\/\/www.otiumhome.fi\/index.php\/wp-json\/wp\/v2\/product"}],"about":[{"href":"https:\/\/www.otiumhome.fi\/index.php\/wp-json\/wp\/v2\/types\/product"}],"replies":[{"embeddable":true,"href":"https:\/\/www.otiumhome.fi\/index.php\/wp-json\/wp\/v2\/comments?post=95579"}],"wp:featuredmedia":[{"embeddable":true,"href":"https:\/\/www.otiumhome.fi\/index.php\/wp-json\/"}],"wp:attachment":[{"href":"https:\/\/www.otiumhome.fi\/index.php\/wp-json\/wp\/v2\/media?parent=95579"}],"wp:term":[{"taxonomy":"product_brand","embeddable":true,"href":"https:\/\/www.otiumhome.fi\/index.php\/wp-json\/wp\/v2\/product_brand?post=95579"},{"taxonomy":"product_cat","embeddable":true,"href":"https:\/\/www.otiumhome.fi\/index.php\/wp-json\/wp\/v2\/product_cat?post=95579"},{"taxonomy":"product_tag","embeddable":true,"href":"https:\/\/www.otiumhome.fi\/index.php\/wp-json\/wp\/v2\/product_tag?post=95579"}],"curies":[{"name":"wp","href":"https:\/\/api.w.org\/{rel}","templated":true}]}}