{"id":95564,"date":"2024-12-15T08:43:59","date_gmt":"2024-12-15T08:43:59","guid":{"rendered":"https:\/\/www.otiumhome.fi\/?p=95564"},"modified":"2025-06-06T15:37:25","modified_gmt":"2025-06-06T15:37:25","slug":"ruokapoyta-180x90x75-cm-uusiokaytetty-puu","status":"publish","type":"product","link":"https:\/\/www.otiumhome.fi\/index.php\/tuote\/ruokapoyta-180x90x75-cm-uusiokaytetty-puu\/","title":{"rendered":"Ruokap\u00f6yt\u00e4 180x90x75 cm uusiok\u00e4ytetty puu"},"content":{"rendered":"<p>T\u00e4m\u00e4 retrotyylinen puusta valmistettu ruokap\u00f6yt\u00e4 huokuu rustiikkista vieh\u00e4tysvoimaa ja se on todellinen katseenvangitsija sisustuksessa.<\/p>\n<\/p>\n<p>Antiikkityylinen ruokap\u00f6yt\u00e4 on valmistettu kiinte\u00e4st\u00e4 kierr\u00e4tetyst\u00e4 puusta, joka on ker\u00e4tty vanhojen purkamiseen p\u00e4\u00e4tyneiden talojen pylv\u00e4ist\u00e4, lattioista ja tukipalkeista. Se voi siten koostua monista eri puulajeista, kuten m\u00e4nnyst\u00e4, tiikist\u00e4, py\u00f6kist\u00e4, tammesta, setripuusta, mangopuusta, akaasiapuusta jne. T\u00e4m\u00e4 tarkoittaa sit\u00e4, ett\u00e4 kierr\u00e4tyspuussa on kaikkien eri puulajien ominaisuuksia. Kierr\u00e4tetty puu on jo vanhentunutta, kulunutta ja kuivunutta, joten se ei kutistu eik\u00e4 taivu. P\u00f6yt\u00e4 on t\u00e4ysin k\u00e4sintehty ja puun elegantit pintakuviot tekev\u00e4t jokaisesta huonekalusta ainutlaatuisen ja hieman toisistaan poikkeavan. Lis\u00e4ksi lujatekoiset jauhemaalatut ter\u00e4sjalat lis\u00e4\u00e4v\u00e4t p\u00f6yd\u00e4n vakautta. Ruokap\u00f6yt\u00e4 on helppo koota.<\/p>\n<\/p>\n<p>T\u00e4rke\u00e4 huomio: V\u00e4rit ja puunsyyt vaihtelevat kappaleittain, mik\u00e4 tekee jokaisesta huonekalusta ainutlaatuisen. Toimitus on sattumanvarainen.<\/p>\n<ul>\n<li>Materiaali: t\u00e4ysi kierr\u00e4tyspuu ja jauhemaalattu ter\u00e4s<\/li>\n<li>Mitat: 180 x 90 x 75 cm (P x L x K)<\/li>\n<li>Viimeistely: hiottu, maalattu ja lakattu<\/li>\n<\/ul>\n","protected":false},"excerpt":{"rendered":"<ul>\n<li>Materiaali: t\u00e4ysi kierr\u00e4tyspuu ja jauhemaalattu ter\u00e4s<\/li>\n<li>Mitat: 180 x 90 x 75 cm (P x L x K)<\/li>\n<li>Viimeistely: hiottu, maalattu ja lakattu<\/li>\n<\/ul>\n","protected":false},"featured_media":10000095564,"comment_status":"closed","ping_status":"closed","template":"","meta":[],"product_brand":[],"product_cat":[84,8543],"product_tag":[],"class_list":{"0":"post-95564","1":"product","2":"type-product","3":"status-publish","4":"has-post-thumbnail","6":"product_cat-huonekalut","7":"product_cat-keittion-ruokapoydat","9":"first","10":"instock","11":"taxable","12":"shipping-taxable","13":"purchasable","14":"product-type-simple"},"_links":{"self":[{"href":"https:\/\/www.otiumhome.fi\/index.php\/wp-json\/wp\/v2\/product\/95564","targetHints":{"allow":["GET"]}}],"collection":[{"href":"https:\/\/www.otiumhome.fi\/index.php\/wp-json\/wp\/v2\/product"}],"about":[{"href":"https:\/\/www.otiumhome.fi\/index.php\/wp-json\/wp\/v2\/types\/product"}],"replies":[{"embeddable":true,"href":"https:\/\/www.otiumhome.fi\/index.php\/wp-json\/wp\/v2\/comments?post=95564"}],"wp:featuredmedia":[{"embeddable":true,"href":"https:\/\/www.otiumhome.fi\/index.php\/wp-json\/"}],"wp:attachment":[{"href":"https:\/\/www.otiumhome.fi\/index.php\/wp-json\/wp\/v2\/media?parent=95564"}],"wp:term":[{"taxonomy":"product_brand","embeddable":true,"href":"https:\/\/www.otiumhome.fi\/index.php\/wp-json\/wp\/v2\/product_brand?post=95564"},{"taxonomy":"product_cat","embeddable":true,"href":"https:\/\/www.otiumhome.fi\/index.php\/wp-json\/wp\/v2\/product_cat?post=95564"},{"taxonomy":"product_tag","embeddable":true,"href":"https:\/\/www.otiumhome.fi\/index.php\/wp-json\/wp\/v2\/product_tag?post=95564"}],"curies":[{"name":"wp","href":"https:\/\/api.w.org\/{rel}","templated":true}]}}