{"id":95562,"date":"2024-12-15T08:43:58","date_gmt":"2024-12-15T08:43:58","guid":{"rendered":"https:\/\/www.otiumhome.fi\/?p=95562"},"modified":"2025-06-06T15:36:47","modified_gmt":"2025-06-06T15:36:47","slug":"sohvapoyta-o-runko-160x40x45-cm-taysi-manty-ja-terasta","status":"publish","type":"product","link":"https:\/\/www.otiumhome.fi\/index.php\/tuote\/sohvapoyta-o-runko-160x40x45-cm-taysi-manty-ja-terasta\/","title":{"rendered":"Sohvap\u00f6yt\u00e4 O-runko 160x40x45 cm t\u00e4ysi m\u00e4nty ja ter\u00e4st\u00e4"},"content":{"rendered":"<p>Lis\u00e4\u00e4 hieman eleganssia olohuoneeseesi t\u00e4ll\u00e4 puisella sohvap\u00f6yd\u00e4ll\u00e4!<\/p>\n<\/p>\n<ul>\n<li> Pitk\u00e4kestoinen materiaali: T\u00e4ysi m\u00e4nty on kaunis luonnonmateriaali, joka tunnetaan kest\u00e4vyydest\u00e4\u00e4n ja pitk\u00e4ik\u00e4isyydest\u00e4\u00e4n. Sen suorat puunsyyt lis\u00e4\u00e4v\u00e4t sen vieh\u00e4tysvoimaa, kun taas oksanpaikat tarjoavat erottuvan rustiikkisen ulkon\u00e4\u00f6n. <\/li>\n<li> Tukeva ja vakaa rakenne: P\u00f6yd\u00e4ss\u00e4 on O-muotoinen rakenne, joka takaa vakauden ja turvallisuuden. <\/li>\n<li> Tukeva p\u00f6yt\u00e4levy: Olohuoneen p\u00f6yd\u00e4n tukeva p\u00f6yt\u00e4levy on t\u00e4ydellinen juomien, ruoan ja koriste-esineiden sijoittamiseen. <\/li>\n<\/ul>\n<ul>\n<li>P\u00f6yt\u00e4levyn materiaali: T\u00e4ysi m\u00e4nty (k\u00e4sittelem\u00e4t\u00f6n)<\/li>\n<li>Rungon materiaali: jauhemaalattu ter\u00e4s<\/li>\n<li>Mitat: 160 x 40 x 45 cm (P x L x K)<\/li>\n<li>Asennus vaaditaan: Kyll\u00e4<\/li>\n<\/ul>\n","protected":false},"excerpt":{"rendered":"<ul>\n<li>P\u00f6yt\u00e4levyn materiaali: T\u00e4ysi m\u00e4nty (k\u00e4sittelem\u00e4t\u00f6n)<\/li>\n<li>Rungon materiaali: jauhemaalattu ter\u00e4s<\/li>\n<li>Mitat: 160 x 40 x 45 cm (P x L x K)<\/li>\n<li>Asennus vaaditaan: Kyll\u00e4<\/li>\n<\/ul>\n","protected":false},"featured_media":10000095562,"comment_status":"closed","ping_status":"closed","template":"","meta":[],"product_brand":[],"product_cat":[84,8543],"product_tag":[],"class_list":{"0":"post-95562","1":"product","2":"type-product","3":"status-publish","4":"has-post-thumbnail","6":"product_cat-huonekalut","7":"product_cat-keittion-ruokapoydat","9":"first","10":"instock","11":"taxable","12":"shipping-taxable","13":"purchasable","14":"product-type-simple"},"_links":{"self":[{"href":"https:\/\/www.otiumhome.fi\/index.php\/wp-json\/wp\/v2\/product\/95562","targetHints":{"allow":["GET"]}}],"collection":[{"href":"https:\/\/www.otiumhome.fi\/index.php\/wp-json\/wp\/v2\/product"}],"about":[{"href":"https:\/\/www.otiumhome.fi\/index.php\/wp-json\/wp\/v2\/types\/product"}],"replies":[{"embeddable":true,"href":"https:\/\/www.otiumhome.fi\/index.php\/wp-json\/wp\/v2\/comments?post=95562"}],"wp:featuredmedia":[{"embeddable":true,"href":"https:\/\/www.otiumhome.fi\/index.php\/wp-json\/"}],"wp:attachment":[{"href":"https:\/\/www.otiumhome.fi\/index.php\/wp-json\/wp\/v2\/media?parent=95562"}],"wp:term":[{"taxonomy":"product_brand","embeddable":true,"href":"https:\/\/www.otiumhome.fi\/index.php\/wp-json\/wp\/v2\/product_brand?post=95562"},{"taxonomy":"product_cat","embeddable":true,"href":"https:\/\/www.otiumhome.fi\/index.php\/wp-json\/wp\/v2\/product_cat?post=95562"},{"taxonomy":"product_tag","embeddable":true,"href":"https:\/\/www.otiumhome.fi\/index.php\/wp-json\/wp\/v2\/product_tag?post=95562"}],"curies":[{"name":"wp","href":"https:\/\/api.w.org\/{rel}","templated":true}]}}