{"id":95547,"date":"2024-12-15T08:43:57","date_gmt":"2024-12-15T08:43:57","guid":{"rendered":"https:\/\/www.otiumhome.fi\/?p=95547"},"modified":"2025-06-06T15:36:46","modified_gmt":"2025-06-06T15:36:46","slug":"ruokapoyta-penkilla-reine-hunajanruskea-taysi-manty","status":"publish","type":"product","link":"https:\/\/www.otiumhome.fi\/index.php\/tuote\/ruokapoyta-penkilla-reine-hunajanruskea-taysi-manty\/","title":{"rendered":"Ruokap\u00f6yt\u00e4 penkill\u00e4 REINE hunajanruskea t\u00e4ysi m\u00e4nty"},"content":{"rendered":"<p>T\u00e4m\u00e4 puinen ruokap\u00f6yt\u00e4 penkill\u00e4 on t\u00e4ydellinen ruokailuun tai rentoutumiseen ruokasalissasi tai keitti\u00f6ss\u00e4si.<\/p>\n<\/p>\n<p>T\u00e4ydest\u00e4 m\u00e4nnyst\u00e4 valmistettu ruokap\u00f6yt\u00e4 penkill\u00e4 erottuu edukseen kest\u00e4vyytens\u00e4 ansiosta. Se on helppo siirt\u00e4\u00e4 mihin tahansa sisustukseen.<\/p>\n<\/p>\n<p>Hyv\u00e4 tiet\u00e4\u00e4:<\/p>\n<ul>\n<li>Toimitukseen sis\u00e4ltyy vain ruokap\u00f6yt\u00e4 ja penkki; kulmapenkki ei sis\u00e4lly hintaan.<\/li>\n<\/ul>\n<ul>\n<li>V\u00e4ri: hunajanruskea<\/li>\n<li>Materiaali: t\u00e4ysi m\u00e4nty<\/li>\n<li>P\u00f6yd\u00e4n mitat: 100 x 60 x 73 cm (P x L x K)<\/li>\n<li>Penkin mitat: 92 x 28 x 43 cm (P x L x K)<\/li>\n<li>Malliston nimi: REINE<\/li>\n<li>Asennus vaaditaan: kyll\u00e4<\/li>\n<\/ul>\n","protected":false},"excerpt":{"rendered":"<ul>\n<li>V\u00e4ri: hunajanruskea<\/li>\n<li>Materiaali: t\u00e4ysi m\u00e4nty<\/li>\n<li>P\u00f6yd\u00e4n mitat: 100 x 60 x 73 cm (P x L x K)<\/li>\n<li>Penkin mitat: 92 x 28 x 43 cm (P x L x K)<\/li>\n<li>Malliston nimi: REINE<\/li>\n<li>Asennus vaaditaan: kyll\u00e4<\/li>\n<\/ul>\n","protected":false},"featured_media":10000095547,"comment_status":"closed","ping_status":"closed","template":"","meta":[],"product_brand":[],"product_cat":[84,8543],"product_tag":[],"class_list":{"0":"post-95547","1":"product","2":"type-product","3":"status-publish","4":"has-post-thumbnail","6":"product_cat-huonekalut","7":"product_cat-keittion-ruokapoydat","9":"first","10":"outofstock","11":"taxable","12":"shipping-taxable","13":"purchasable","14":"product-type-simple"},"_links":{"self":[{"href":"https:\/\/www.otiumhome.fi\/index.php\/wp-json\/wp\/v2\/product\/95547","targetHints":{"allow":["GET"]}}],"collection":[{"href":"https:\/\/www.otiumhome.fi\/index.php\/wp-json\/wp\/v2\/product"}],"about":[{"href":"https:\/\/www.otiumhome.fi\/index.php\/wp-json\/wp\/v2\/types\/product"}],"replies":[{"embeddable":true,"href":"https:\/\/www.otiumhome.fi\/index.php\/wp-json\/wp\/v2\/comments?post=95547"}],"wp:featuredmedia":[{"embeddable":true,"href":"https:\/\/www.otiumhome.fi\/index.php\/wp-json\/"}],"wp:attachment":[{"href":"https:\/\/www.otiumhome.fi\/index.php\/wp-json\/wp\/v2\/media?parent=95547"}],"wp:term":[{"taxonomy":"product_brand","embeddable":true,"href":"https:\/\/www.otiumhome.fi\/index.php\/wp-json\/wp\/v2\/product_brand?post=95547"},{"taxonomy":"product_cat","embeddable":true,"href":"https:\/\/www.otiumhome.fi\/index.php\/wp-json\/wp\/v2\/product_cat?post=95547"},{"taxonomy":"product_tag","embeddable":true,"href":"https:\/\/www.otiumhome.fi\/index.php\/wp-json\/wp\/v2\/product_tag?post=95547"}],"curies":[{"name":"wp","href":"https:\/\/api.w.org\/{rel}","templated":true}]}}