{"id":95537,"date":"2024-12-15T08:43:56","date_gmt":"2024-12-15T08:43:56","guid":{"rendered":"https:\/\/www.otiumhome.fi\/?p=95537"},"modified":"2025-08-06T01:08:38","modified_gmt":"2025-08-06T01:08:38","slug":"ruokapoyta-kiintea-mangopuu-82x80x76-cm","status":"publish","type":"product","link":"https:\/\/www.otiumhome.fi\/index.php\/tuote\/ruokapoyta-kiintea-mangopuu-82x80x76-cm\/","title":{"rendered":"Ruokap\u00f6yt\u00e4 kiinte\u00e4 mangopuu 82x80x76 cm"},"content":{"rendered":"<p>Puinen ruokap\u00f6yt\u00e4mme tuo hieman maatalon tunnelmaa ruokasaliisi tai keitti\u00f6\u00f6si.<\/p>\n<\/p>\n<p>Ruokap\u00f6yt\u00e4 on valmistettu karkeasta mangopuusta, joka on vakaa, kest\u00e4v\u00e4 ja kaunis materiaali, ja tekij\u00e4n ammattitaito antaa lis\u00e4ns\u00e4 sen upealle retrotyylille. Jokainen ty\u00f6vaihe on tehty erityisen huolella, oli se sitten hionta, maalaus tai lakkaus. Kauniit puunsyyt tekev\u00e4t jokaisesta kappaleesta ainutlaatuisen ja hieman erilaisen.<\/p>\n<\/p>\n<p>Ruokap\u00f6yt\u00e4 on helppo koota. T\u00e4rke\u00e4 huomio: v\u00e4rit ja pintakuviot voivat vaihdella kappaleesta toiseen, tehden jokaisesta ruokap\u00f6yd\u00e4st\u00e4 ainutlaatuisen; toimitus on satunnainen.<\/p>\n<ul>\n<li>Materiaali: t\u00e4ysi, karkea mangopuu<\/li>\n<li>Mitat: 82 x 80 x 76 cm (P x L x K)<\/li>\n<li>Hiottu, maalattu ja lakattu<\/li>\n<\/ul>\n","protected":false},"excerpt":{"rendered":"<ul>\n<li>Materiaali: t\u00e4ysi, karkea mangopuu<\/li>\n<li>Mitat: 82 x 80 x 76 cm (P x L x K)<\/li>\n<li>Hiottu, maalattu ja lakattu<\/li>\n<\/ul>\n","protected":false},"featured_media":10000095537,"comment_status":"closed","ping_status":"closed","template":"","meta":[],"product_brand":[],"product_cat":[84,8543],"product_tag":[],"class_list":{"0":"post-95537","1":"product","2":"type-product","3":"status-publish","4":"has-post-thumbnail","6":"product_cat-huonekalut","7":"product_cat-keittion-ruokapoydat","9":"first","10":"instock","11":"taxable","12":"shipping-taxable","13":"purchasable","14":"product-type-simple"},"_links":{"self":[{"href":"https:\/\/www.otiumhome.fi\/index.php\/wp-json\/wp\/v2\/product\/95537","targetHints":{"allow":["GET"]}}],"collection":[{"href":"https:\/\/www.otiumhome.fi\/index.php\/wp-json\/wp\/v2\/product"}],"about":[{"href":"https:\/\/www.otiumhome.fi\/index.php\/wp-json\/wp\/v2\/types\/product"}],"replies":[{"embeddable":true,"href":"https:\/\/www.otiumhome.fi\/index.php\/wp-json\/wp\/v2\/comments?post=95537"}],"wp:featuredmedia":[{"embeddable":true,"href":"https:\/\/www.otiumhome.fi\/index.php\/wp-json\/"}],"wp:attachment":[{"href":"https:\/\/www.otiumhome.fi\/index.php\/wp-json\/wp\/v2\/media?parent=95537"}],"wp:term":[{"taxonomy":"product_brand","embeddable":true,"href":"https:\/\/www.otiumhome.fi\/index.php\/wp-json\/wp\/v2\/product_brand?post=95537"},{"taxonomy":"product_cat","embeddable":true,"href":"https:\/\/www.otiumhome.fi\/index.php\/wp-json\/wp\/v2\/product_cat?post=95537"},{"taxonomy":"product_tag","embeddable":true,"href":"https:\/\/www.otiumhome.fi\/index.php\/wp-json\/wp\/v2\/product_tag?post=95537"}],"curies":[{"name":"wp","href":"https:\/\/api.w.org\/{rel}","templated":true}]}}