{"id":95534,"date":"2024-12-15T08:43:56","date_gmt":"2024-12-15T08:43:56","guid":{"rendered":"https:\/\/www.otiumhome.fi\/?p=95534"},"modified":"2025-06-06T15:36:53","modified_gmt":"2025-06-06T15:36:53","slug":"baaripoyta-akaasiapuu-150x70x105-cm","status":"publish","type":"product","link":"https:\/\/www.otiumhome.fi\/index.php\/tuote\/baaripoyta-akaasiapuu-150x70x105-cm\/","title":{"rendered":"Baarip\u00f6yt\u00e4 akaasiapuu 150x70x105 cm"},"content":{"rendered":"<p>Siemaile lempiviini\u00e4si tai nauti mukavasta ateriasta perheesi tai yst\u00e4viesi kanssa t\u00e4m\u00e4n kauniin, t\u00e4ydest\u00e4 akaasiapuusta valmistetun baarip\u00f6yd\u00e4n ymp\u00e4rill\u00e4. Tyylik\u00e4s baarip\u00f6yt\u00e4 on upea lis\u00e4 keitti\u00f6\u00f6si tai ruokailutilaasi, ja sit\u00e4 voidaan k\u00e4ytt\u00e4\u00e4 my\u00f6s ruokap\u00f6yt\u00e4n\u00e4. <\/p>\n<\/p>\n<p>T\u00e4m\u00e4n baarip\u00f6yd\u00e4n sulavat linjat tekev\u00e4t siit\u00e4 ajattoman lis\u00e4n kotiisi. P\u00f6yt\u00e4 on \u00f6ljytyn akaasiapuisen rakenteensa ansiosta kest\u00e4v\u00e4, vakaa ja helposti puhdistettava.<\/p>\n<\/p>\n<p>Se on helppo koota.<\/p>\n<ul>\n<li>Materiaali: \u00f6ljytty t\u00e4ysi akaasiapuu<\/li>\n<li>Mitat: 150 x 70 x 105 cm (P x L x K)<\/li>\n<li>Helppo koota <\/li>\n<\/ul>\n","protected":false},"excerpt":{"rendered":"<ul>\n<li>Materiaali: \u00f6ljytty t\u00e4ysi akaasiapuu<\/li>\n<li>Mitat: 150 x 70 x 105 cm (P x L x K)<\/li>\n<li>Helppo koota <\/li>\n<\/ul>\n","protected":false},"featured_media":10000095534,"comment_status":"closed","ping_status":"closed","template":"","meta":[],"product_brand":[],"product_cat":[84,8543],"product_tag":[],"class_list":{"0":"post-95534","1":"product","2":"type-product","3":"status-publish","4":"has-post-thumbnail","6":"product_cat-huonekalut","7":"product_cat-keittion-ruokapoydat","9":"first","10":"instock","11":"taxable","12":"shipping-taxable","13":"purchasable","14":"product-type-simple"},"_links":{"self":[{"href":"https:\/\/www.otiumhome.fi\/index.php\/wp-json\/wp\/v2\/product\/95534","targetHints":{"allow":["GET"]}}],"collection":[{"href":"https:\/\/www.otiumhome.fi\/index.php\/wp-json\/wp\/v2\/product"}],"about":[{"href":"https:\/\/www.otiumhome.fi\/index.php\/wp-json\/wp\/v2\/types\/product"}],"replies":[{"embeddable":true,"href":"https:\/\/www.otiumhome.fi\/index.php\/wp-json\/wp\/v2\/comments?post=95534"}],"wp:featuredmedia":[{"embeddable":true,"href":"https:\/\/www.otiumhome.fi\/index.php\/wp-json\/"}],"wp:attachment":[{"href":"https:\/\/www.otiumhome.fi\/index.php\/wp-json\/wp\/v2\/media?parent=95534"}],"wp:term":[{"taxonomy":"product_brand","embeddable":true,"href":"https:\/\/www.otiumhome.fi\/index.php\/wp-json\/wp\/v2\/product_brand?post=95534"},{"taxonomy":"product_cat","embeddable":true,"href":"https:\/\/www.otiumhome.fi\/index.php\/wp-json\/wp\/v2\/product_cat?post=95534"},{"taxonomy":"product_tag","embeddable":true,"href":"https:\/\/www.otiumhome.fi\/index.php\/wp-json\/wp\/v2\/product_tag?post=95534"}],"curies":[{"name":"wp","href":"https:\/\/api.w.org\/{rel}","templated":true}]}}