{"id":95506,"date":"2024-12-15T08:43:54","date_gmt":"2024-12-15T08:43:54","guid":{"rendered":"https:\/\/www.otiumhome.fi\/?p=95506"},"modified":"2025-06-06T15:36:45","modified_gmt":"2025-06-06T15:36:45","slug":"baaripoyta-telineella-betoninharm-100x50x1015-cm-tekninen-puu","status":"publish","type":"product","link":"https:\/\/www.otiumhome.fi\/index.php\/tuote\/baaripoyta-telineella-betoninharm-100x50x1015-cm-tekninen-puu\/","title":{"rendered":"Baarip\u00f6yt\u00e4 telineell\u00e4 betoninharm. 100x50x101,5 cm tekninen puu"},"content":{"rendered":"<p>T\u00e4m\u00e4 baarip\u00f6yt\u00e4 on t\u00e4ydellinen vaihtoehto pieniin huoneistoihin tai tiloihin, joissa tilaa on rajallisesti. Sen moderni muotoilu tekee t\u00e4st\u00e4 p\u00f6yd\u00e4st\u00e4 tyylikk\u00e4\u00e4n lis\u00e4n keitti\u00f6\u00f6n tai ruokasaliin.<\/p>\n<\/p>\n<p>T\u00e4m\u00e4 bistrop\u00f6yt\u00e4 on varusteltu kolmella s\u00e4ilytystelineell\u00e4 ja se tarjoaa reilusti tilaa viinipulloille ja muille tavaroille. Sen rakenteen ansiosta se on kest\u00e4v\u00e4, vakaa ja helposti puhdistettava. Pubip\u00f6yd\u00e4ss\u00e4 on my\u00f6s jalkatuki erinomaista mukavuutta varten.<\/p>\n<ul>\n<li>V\u00e4ri: betoninharmaa<\/li>\n<li>Materiaali: tekninen puu<\/li>\n<li>Mitat: 100 x 50 x 101,5 cm (L x S x K)<\/li>\n<li>S\u00e4ilytystelineen korkeus (kukin): 28 cm<\/li>\n<li>Jalkatuen korkeus maasta: 39,5 cm<\/li>\n<li>Asennus vaaditaan: kyll\u00e4<\/li>\n<li><strong>VAROITUS:<\/strong> kaatumisen est\u00e4miseksi on t\u00e4t\u00e4 tuotetta k\u00e4ytett\u00e4v\u00e4 mukana toimitetun sein\u00e4kiinnityslaitteen kanssa.<\/li>\n<li>Legal Documents:\n<p><span>Lis\u00e4tietoja huonekalujesi kaatumisen est\u00e4misest\u00e4 voit l\u00f6yt\u00e4\u00e4 <span style=\"text-decoration: underline\"><strong><a title=\"https:\/\/bit.ly\/3bVwkQp\" href=\"https:\/\/bit.ly\/3bVwkQp\" target=\"_blank\">t\u00e4\u00e4lt\u00e4<\/a><\/strong><\/span><\/span><\/p>\n<\/li>\n<\/ul>\n","protected":false},"excerpt":{"rendered":"<ul>\n<li>V\u00e4ri: betoninharmaa<\/li>\n<li>Materiaali: tekninen puu<\/li>\n<li>Mitat: 100 x 50 x 101,5 cm (L x S x K)<\/li>\n<li>S\u00e4ilytystelineen korkeus (kukin): 28 cm<\/li>\n<li>Jalkatuen korkeus maasta: 39,5 cm<\/li>\n<li>Asennus vaaditaan: kyll\u00e4<\/li>\n<li><strong>VAROITUS:<\/strong> kaatumisen est\u00e4miseksi on t\u00e4t\u00e4 tuotetta k\u00e4ytett\u00e4v\u00e4 mukana toimitetun sein\u00e4kiinnityslaitteen kanssa.<\/li>\n<li>Legal Documents:\n<p><span>Lis\u00e4tietoja huonekalujesi kaatumisen est\u00e4misest\u00e4 voit l\u00f6yt\u00e4\u00e4 <span style=\"text-decoration: underline\"><strong><a title=\"https:\/\/bit.ly\/3bVwkQp\" href=\"https:\/\/bit.ly\/3bVwkQp\" target=\"_blank\">t\u00e4\u00e4lt\u00e4<\/a><\/strong><\/span><\/span><\/p>\n<\/li>\n<\/ul>\n","protected":false},"featured_media":10000095506,"comment_status":"closed","ping_status":"closed","template":"","meta":[],"product_brand":[],"product_cat":[84,8543],"product_tag":[],"class_list":{"0":"post-95506","1":"product","2":"type-product","3":"status-publish","4":"has-post-thumbnail","6":"product_cat-huonekalut","7":"product_cat-keittion-ruokapoydat","9":"first","10":"instock","11":"taxable","12":"shipping-taxable","13":"purchasable","14":"product-type-simple"},"_links":{"self":[{"href":"https:\/\/www.otiumhome.fi\/index.php\/wp-json\/wp\/v2\/product\/95506","targetHints":{"allow":["GET"]}}],"collection":[{"href":"https:\/\/www.otiumhome.fi\/index.php\/wp-json\/wp\/v2\/product"}],"about":[{"href":"https:\/\/www.otiumhome.fi\/index.php\/wp-json\/wp\/v2\/types\/product"}],"replies":[{"embeddable":true,"href":"https:\/\/www.otiumhome.fi\/index.php\/wp-json\/wp\/v2\/comments?post=95506"}],"wp:featuredmedia":[{"embeddable":true,"href":"https:\/\/www.otiumhome.fi\/index.php\/wp-json\/"}],"wp:attachment":[{"href":"https:\/\/www.otiumhome.fi\/index.php\/wp-json\/wp\/v2\/media?parent=95506"}],"wp:term":[{"taxonomy":"product_brand","embeddable":true,"href":"https:\/\/www.otiumhome.fi\/index.php\/wp-json\/wp\/v2\/product_brand?post=95506"},{"taxonomy":"product_cat","embeddable":true,"href":"https:\/\/www.otiumhome.fi\/index.php\/wp-json\/wp\/v2\/product_cat?post=95506"},{"taxonomy":"product_tag","embeddable":true,"href":"https:\/\/www.otiumhome.fi\/index.php\/wp-json\/wp\/v2\/product_tag?post=95506"}],"curies":[{"name":"wp","href":"https:\/\/api.w.org\/{rel}","templated":true}]}}