{"id":95496,"date":"2024-12-15T08:43:53","date_gmt":"2024-12-15T08:43:53","guid":{"rendered":"https:\/\/www.otiumhome.fi\/?p=95496"},"modified":"2025-06-06T15:36:46","modified_gmt":"2025-06-06T15:36:46","slug":"ruokapoyta-200x90x76-cm-taysi-kierratetty-puu","status":"publish","type":"product","link":"https:\/\/www.otiumhome.fi\/index.php\/tuote\/ruokapoyta-200x90x76-cm-taysi-kierratetty-puu\/","title":{"rendered":"Ruokap\u00f6yt\u00e4 200x90x76 cm t\u00e4ysi kierr\u00e4tetty puu"},"content":{"rendered":"<p>Nauti t\u00e4ydellinen ateria joka p\u00e4iv\u00e4 perheesi tai yst\u00e4viesi kesken t\u00e4m\u00e4n puisen ruokap\u00f6yd\u00e4n \u00e4\u00e4rell\u00e4!<\/p>\n<\/p>\n<p>T\u00e4m\u00e4 keitti\u00f6n p\u00f6yt\u00e4 on valmistettu kierr\u00e4tetyst\u00e4 t\u00e4yspuusta, joka on ker\u00e4tty vanhojen purkamiseen p\u00e4\u00e4tyneiden talojen pylv\u00e4ist\u00e4, lattioista ja tukipalkeista. Se voi siten koostua monista eri puulajeista, kuten tiikist\u00e4, kovapuista, trooppisista puista, mangopuusta, jne. T\u00e4m\u00e4 tarkoittaa sit\u00e4, ett\u00e4 kierr\u00e4tyspuussa on erilaisten puulajien ominaisuuksia. Kierr\u00e4tetty puu on jo vanhentunutta, kulunutta ja kuivunutta, joten se ei kutistu eik\u00e4 taivu. Vahvat jauhemaalatut ter\u00e4sjalat yhdess\u00e4 ter\u00e4ksisen ristirungon kanssa lis\u00e4\u00e4v\u00e4t sen vankkuutta. Puiselle p\u00f6yt\u00e4levylle voi asettaa ruokia, juotavia ja koriste-esineit\u00e4.<\/p>\n<\/p>\n<p>T\u00e4rke\u00e4 huomio: V\u00e4rit ja puunsyyt vaihtelevat kappaleittain, mik\u00e4 tekee jokaisesta huonekalusta ainutlaatuisen. Toimitus on sattumanvarainen.<\/p>\n<ul>\n<li>Materiaali: kierr\u00e4tetty t\u00e4yspuu eri v\u00e4rej\u00e4 sis\u00e4lt\u00e4v\u00e4ll\u00e4 viimeistelyll\u00e4, jauhemaalattu ter\u00e4s<\/li>\n<li>Mitat: 200 x 90 x 76 cm (P x L x K)<\/li>\n<li>Asennus vaaditaan: kyll\u00e4<\/li>\n<\/ul>\n","protected":false},"excerpt":{"rendered":"<ul>\n<li>Materiaali: kierr\u00e4tetty t\u00e4yspuu eri v\u00e4rej\u00e4 sis\u00e4lt\u00e4v\u00e4ll\u00e4 viimeistelyll\u00e4, jauhemaalattu ter\u00e4s<\/li>\n<li>Mitat: 200 x 90 x 76 cm (P x L x K)<\/li>\n<li>Asennus vaaditaan: kyll\u00e4<\/li>\n<\/ul>\n","protected":false},"featured_media":10000095496,"comment_status":"closed","ping_status":"closed","template":"","meta":[],"product_brand":[],"product_cat":[84,8543],"product_tag":[],"class_list":{"0":"post-95496","1":"product","2":"type-product","3":"status-publish","4":"has-post-thumbnail","6":"product_cat-huonekalut","7":"product_cat-keittion-ruokapoydat","9":"first","10":"instock","11":"taxable","12":"shipping-taxable","13":"purchasable","14":"product-type-simple"},"_links":{"self":[{"href":"https:\/\/www.otiumhome.fi\/index.php\/wp-json\/wp\/v2\/product\/95496","targetHints":{"allow":["GET"]}}],"collection":[{"href":"https:\/\/www.otiumhome.fi\/index.php\/wp-json\/wp\/v2\/product"}],"about":[{"href":"https:\/\/www.otiumhome.fi\/index.php\/wp-json\/wp\/v2\/types\/product"}],"replies":[{"embeddable":true,"href":"https:\/\/www.otiumhome.fi\/index.php\/wp-json\/wp\/v2\/comments?post=95496"}],"wp:featuredmedia":[{"embeddable":true,"href":"https:\/\/www.otiumhome.fi\/index.php\/wp-json\/"}],"wp:attachment":[{"href":"https:\/\/www.otiumhome.fi\/index.php\/wp-json\/wp\/v2\/media?parent=95496"}],"wp:term":[{"taxonomy":"product_brand","embeddable":true,"href":"https:\/\/www.otiumhome.fi\/index.php\/wp-json\/wp\/v2\/product_brand?post=95496"},{"taxonomy":"product_cat","embeddable":true,"href":"https:\/\/www.otiumhome.fi\/index.php\/wp-json\/wp\/v2\/product_cat?post=95496"},{"taxonomy":"product_tag","embeddable":true,"href":"https:\/\/www.otiumhome.fi\/index.php\/wp-json\/wp\/v2\/product_tag?post=95496"}],"curies":[{"name":"wp","href":"https:\/\/api.w.org\/{rel}","templated":true}]}}