{"id":95483,"date":"2024-12-15T08:43:52","date_gmt":"2024-12-15T08:43:52","guid":{"rendered":"https:\/\/www.otiumhome.fi\/?p=95483"},"modified":"2025-06-06T15:36:51","modified_gmt":"2025-06-06T15:36:51","slug":"bistropoyta-mdf-ja-teras-nelio-80x80x75-cm-tumma-tuhka","status":"publish","type":"product","link":"https:\/\/www.otiumhome.fi\/index.php\/tuote\/bistropoyta-mdf-ja-teras-nelio-80x80x75-cm-tumma-tuhka\/","title":{"rendered":"Bistrop\u00f6yt\u00e4 MDF ja ter\u00e4s neli\u00f6 80x80x75 cm tumma tuhka"},"content":{"rendered":"<p>Luo romanttista ranskalaistyylist\u00e4 tunnelmaa elegantilla bistrop\u00f6yd\u00e4ll\u00e4mme.<\/p>\n<\/p>\n<p>P\u00f6yt\u00e4levy on valmistettu MDF:st\u00e4 puun pintakuviolta n\u00e4ytt\u00e4v\u00e4ll\u00e4 viimeistelyll\u00e4 ja sit\u00e4 tukee ter\u00e4sjalat ja -jalusta. Se on helppo puhdistaa kostealla liinalla. K\u00e4yt\u00e4 sit\u00e4 yksitt\u00e4in kotona, ravintolassa, kahvilassa tai baarissa.<\/p>\n<\/p>\n<p>Tuote on helppo koota.<\/p>\n<ul>\n<li>V\u00e4ri: tumma tuhka<\/li>\n<li>Materiaali: MDF + ter\u00e4s<\/li>\n<li>Kokonaismitat: 80 x 80 x 75 cm (P x L x K)<\/li>\n<li>Jalustan koko: 42 x 42 cm (P x L)<\/li>\n<li>MDF-levyn paksuus: 3,5 cm<\/li>\n<li>Helppo koota<\/li>\n<\/ul>\n","protected":false},"excerpt":{"rendered":"<ul>\n<li>V\u00e4ri: tumma tuhka<\/li>\n<li>Materiaali: MDF + ter\u00e4s<\/li>\n<li>Kokonaismitat: 80 x 80 x 75 cm (P x L x K)<\/li>\n<li>Jalustan koko: 42 x 42 cm (P x L)<\/li>\n<li>MDF-levyn paksuus: 3,5 cm<\/li>\n<li>Helppo koota<\/li>\n<\/ul>\n","protected":false},"featured_media":10000095483,"comment_status":"closed","ping_status":"closed","template":"","meta":[],"product_brand":[],"product_cat":[84,8543],"product_tag":[],"class_list":{"0":"post-95483","1":"product","2":"type-product","3":"status-publish","4":"has-post-thumbnail","6":"product_cat-huonekalut","7":"product_cat-keittion-ruokapoydat","9":"first","10":"instock","11":"taxable","12":"shipping-taxable","13":"purchasable","14":"product-type-simple"},"_links":{"self":[{"href":"https:\/\/www.otiumhome.fi\/index.php\/wp-json\/wp\/v2\/product\/95483","targetHints":{"allow":["GET"]}}],"collection":[{"href":"https:\/\/www.otiumhome.fi\/index.php\/wp-json\/wp\/v2\/product"}],"about":[{"href":"https:\/\/www.otiumhome.fi\/index.php\/wp-json\/wp\/v2\/types\/product"}],"replies":[{"embeddable":true,"href":"https:\/\/www.otiumhome.fi\/index.php\/wp-json\/wp\/v2\/comments?post=95483"}],"wp:featuredmedia":[{"embeddable":true,"href":"https:\/\/www.otiumhome.fi\/index.php\/wp-json\/"}],"wp:attachment":[{"href":"https:\/\/www.otiumhome.fi\/index.php\/wp-json\/wp\/v2\/media?parent=95483"}],"wp:term":[{"taxonomy":"product_brand","embeddable":true,"href":"https:\/\/www.otiumhome.fi\/index.php\/wp-json\/wp\/v2\/product_brand?post=95483"},{"taxonomy":"product_cat","embeddable":true,"href":"https:\/\/www.otiumhome.fi\/index.php\/wp-json\/wp\/v2\/product_cat?post=95483"},{"taxonomy":"product_tag","embeddable":true,"href":"https:\/\/www.otiumhome.fi\/index.php\/wp-json\/wp\/v2\/product_tag?post=95483"}],"curies":[{"name":"wp","href":"https:\/\/api.w.org\/{rel}","templated":true}]}}