{"id":95474,"date":"2024-12-15T08:43:51","date_gmt":"2024-12-15T08:43:51","guid":{"rendered":"https:\/\/www.otiumhome.fi\/?p=95474"},"modified":"2025-06-06T15:36:51","modified_gmt":"2025-06-06T15:36:51","slug":"baaripoyta-tayspuu-108x60x91-cm","status":"publish","type":"product","link":"https:\/\/www.otiumhome.fi\/index.php\/tuote\/baaripoyta-tayspuu-108x60x91-cm\/","title":{"rendered":"Baarip\u00f6yt\u00e4 t\u00e4yspuu 108x60x91 cm"},"content":{"rendered":"<p>T\u00e4m\u00e4n sulavalinjaisen baarip\u00f6yd\u00e4n muotoilu on yksinkertainen, mutta tyylik\u00e4s, siit\u00e4 tulee k\u00e4yt\u00e4nn\u00f6llinen ja koristeellinen lis\u00e4 mihin tahansa kotiin, baariin tai ravintolaan. Sit\u00e4 voidaan k\u00e4ytt\u00e4\u00e4 my\u00f6s sivu- tai konsolip\u00f6yt\u00e4n\u00e4.<\/p>\n<\/p>\n<p>P\u00f6yt\u00e4levy on valmistettu MDF-levyst\u00e4 puuviiluilla ja vakaat jalat t\u00e4yspuusta. Baarip\u00f6yt\u00e4 on viimeistelty kauniisti hiomalla, maalaamalla ja lakkaamalla, joten sen ilme on hienostunut. Se on helppo puhdistaa kostealla liinalla sek\u00e4 helppo koota.<\/p>\n<ul>\n<li>V\u00e4ri: ruskea ja valkoinen<\/li>\n<li>Materiaali: MDF-p\u00f6yt\u00e4levy puuviilulla + t\u00e4yspuiset jalat<\/li>\n<li>P\u00f6yd\u00e4n mitat: 108 x 60 x 91 cm (P x L x K)<\/li>\n<li>Hiottu, maalattu ja lakattu<\/li>\n<li>Helppo koota<\/li>\n<\/ul>\n","protected":false},"excerpt":{"rendered":"<ul>\n<li>V\u00e4ri: ruskea ja valkoinen<\/li>\n<li>Materiaali: MDF-p\u00f6yt\u00e4levy puuviilulla + t\u00e4yspuiset jalat<\/li>\n<li>P\u00f6yd\u00e4n mitat: 108 x 60 x 91 cm (P x L x K)<\/li>\n<li>Hiottu, maalattu ja lakattu<\/li>\n<li>Helppo koota<\/li>\n<\/ul>\n","protected":false},"featured_media":10000095474,"comment_status":"closed","ping_status":"closed","template":"","meta":[],"product_brand":[],"product_cat":[84,8543],"product_tag":[],"class_list":{"0":"post-95474","1":"product","2":"type-product","3":"status-publish","4":"has-post-thumbnail","6":"product_cat-huonekalut","7":"product_cat-keittion-ruokapoydat","9":"first","10":"instock","11":"taxable","12":"shipping-taxable","13":"purchasable","14":"product-type-simple"},"_links":{"self":[{"href":"https:\/\/www.otiumhome.fi\/index.php\/wp-json\/wp\/v2\/product\/95474","targetHints":{"allow":["GET"]}}],"collection":[{"href":"https:\/\/www.otiumhome.fi\/index.php\/wp-json\/wp\/v2\/product"}],"about":[{"href":"https:\/\/www.otiumhome.fi\/index.php\/wp-json\/wp\/v2\/types\/product"}],"replies":[{"embeddable":true,"href":"https:\/\/www.otiumhome.fi\/index.php\/wp-json\/wp\/v2\/comments?post=95474"}],"wp:featuredmedia":[{"embeddable":true,"href":"https:\/\/www.otiumhome.fi\/index.php\/wp-json\/"}],"wp:attachment":[{"href":"https:\/\/www.otiumhome.fi\/index.php\/wp-json\/wp\/v2\/media?parent=95474"}],"wp:term":[{"taxonomy":"product_brand","embeddable":true,"href":"https:\/\/www.otiumhome.fi\/index.php\/wp-json\/wp\/v2\/product_brand?post=95474"},{"taxonomy":"product_cat","embeddable":true,"href":"https:\/\/www.otiumhome.fi\/index.php\/wp-json\/wp\/v2\/product_cat?post=95474"},{"taxonomy":"product_tag","embeddable":true,"href":"https:\/\/www.otiumhome.fi\/index.php\/wp-json\/wp\/v2\/product_tag?post=95474"}],"curies":[{"name":"wp","href":"https:\/\/api.w.org\/{rel}","templated":true}]}}